{"id":830,"date":"2019-09-05T11:50:55","date_gmt":"2019-09-05T13:50:55","guid":{"rendered":"http:\/\/sieniatlas.fi\/?page_id=830"},"modified":"2019-09-12T10:00:36","modified_gmt":"2019-09-12T12:00:36","slug":"haapalahopuun-orakkaita","status":"publish","type":"page","link":"https:\/\/sieniatlas.fi\/index.php\/haapalahopuun-orakkaita\/","title":{"rendered":"Haapalahopuun orakkaita"},"content":{"rendered":"<p>Orakkaiksi kutsutaan sieni\u00e4, joiden iti\u00f6lava on piikkinen. Maassa kasvavilla orakkailla on lakki ja jalka, puulla kasvavat lajit saattavat kasvaa alustanmy\u00f6t\u00e4isesti. J\u00e4lkimm\u00e4isess\u00e4 tapauksessa terminologia vaihtelee: alustanmy\u00f6t\u00e4isi\u00e4 orakkaita saatetaan esimerkiksi kirjallisuudessa esitell\u00e4 orvakoiden yhteydess\u00e4. Kaikki orakkaat eiv\u00e4t ole toisilleen l\u00e4heist\u00e4 sukua, t\u00e4st\u00e4 syyst\u00e4 usein k\u00e4ytet\u00e4\u00e4n termi\u00e4 orakasmaiset sienet.<\/p>\n<p>K<smacap>ORALLIORAKAS<\/smacap> (<em>Hericium coralloides<\/em>) on helposti tunnistettava haarakasmainen laji, joka voi kasvaa my\u00f6s haavalla. Katso koralliorakkaan tuntomerkit <a href=\"http:\/\/sieniatlas.fi\/index.php\/etsintakuulutus-koralliorakas\/\" target=\"_blank\">etsint\u00e4kuulutuksesta<\/a>. <\/p>\n<p>T\u00e4ss\u00e4 esitelt\u00e4vist\u00e4 lajeista tupasorakas (<em>Hericium cirrhatum<\/em>) ja harjasorakas (<em>Gloiodon strigosus<\/em>) ovat k\u00e4\u00e4p\u00e4m\u00e4isi\u00e4, useimmiten helposti tunnistettavia lajeja. Tupasorakas kasvaa yleisimmin koivulla, mutta my\u00f6s haavalla. Harjasorakas kasvaa etenkin haavalla ja on Euroopan mittakaavassa harvinainen laji.<\/p>\n<p>Karhirypykk\u00e4 (<em>Mycoacia fuscoatra<\/em>), hammaskurokka (<em>Sistotrema raduloides<\/em>) ja haaparaspi (<em>Radulodon erikssonii<\/em>) kasvavat alustanmy\u00f6t\u00e4isesti. Mik\u00e4li piikkipinta koostuu ep\u00e4s\u00e4\u00e4nn\u00f6llisist\u00e4, vaihtelevanpituisista ja -paksuisista piikeist\u00e4, iti\u00f6emi\u00e4 kutsutaan raspimaisiksi. Hammaskurokan piikkipinta on aika s\u00e4\u00e4nn\u00f6llinen, haaparaspin raspimainen. Molemmat lajit ovat harvinaisia, etenkin haapalahopuulla kasvavia lajeja.<\/p>\n<p><spec>tupasorakas<\/spec>&#160;&#160;<specita>Hericium cirrhatum<\/specita><\/p>\n<figure id=\"attachment_1389\" aria-describedby=\"caption-attachment-1389\" style=\"width: 840px\" class=\"wp-caption alignnone\"><img loading=\"lazy\" src=\"http:\/\/sieniatlas.fi\/wp-content\/uploads\/2019\/09\/Creolophus-cirrhatus-1920-IMG_1673_840.jpg\" alt=\"\" width=\"840\" height=\"560\" class=\"size-full wp-image-1389\" srcset=\"https:\/\/sieniatlas.fi\/wp-content\/uploads\/2019\/09\/Creolophus-cirrhatus-1920-IMG_1673_840.jpg 840w, https:\/\/sieniatlas.fi\/wp-content\/uploads\/2019\/09\/Creolophus-cirrhatus-1920-IMG_1673_840-300x200.jpg 300w, https:\/\/sieniatlas.fi\/wp-content\/uploads\/2019\/09\/Creolophus-cirrhatus-1920-IMG_1673_840-768x512.jpg 768w\" sizes=\"(max-width: 840px) 100vw, 840px\" \/><figcaption id=\"caption-attachment-1389\" class=\"wp-caption-text\">K<smacap>UVA 1.<\/smacap> <smapic>Tupasorakas (<em>Hericium cirrhatum<\/em>). Kuva: Teppo Helo IMG_1673.<\/smapic><\/figcaption><\/figure>\n<p>T<smacap>UPASORAKAS<\/smacap> on yksivuotinen, k\u00e4\u00e4p\u00e4m\u00e4inen, yksitt\u00e4in tai pienin\u00e4 m\u00f6ykkym\u00e4isin\u00e4 ryhmin\u00e4 kasvava laji. Lakit ovat alle 10 cm leveit\u00e4. Tuoreena lakki on p\u00e4\u00e4lt\u00e4 miltei puhtaanvalkoinen ja pehmeiden piikkien peitt\u00e4m\u00e4. Lakin alapinnan (iti\u00f6lavan) piikit ovat melko pitki\u00e4 ja pehmeit\u00e4, helposti irtoavia. Maltokin on haurasta. Tupasorakkaan tuoksu on tuoreena miellytt\u00e4v\u00e4 ja hieman makea. <\/p>\n<p>Tupasorakas on helposti tunnistettava laji, ainoastaan k\u00e4\u00e4p\u00e4orakas (<em>Climacodon septentrionalis<\/em>) on hieman samann\u00e4k\u00f6inen. K\u00e4\u00e4p\u00e4orakas on pist\u00e4v\u00e4nhajuinen ja kasvaa tiiviin\u00e4 ja korkeina, kymmenien yhteenkasvaneiden lakkien ryhmin\u00e4. Tupasorakas kasvaa pienin\u00e4 yhteenkasvaneiden iti\u00f6emien ryhmin\u00e4 tai yksitt\u00e4in.<\/p>\n<p>Tupasorakas kasvaa etenkin kannoissa ja katkenneiden puiden murtumapinnoissa. Yleisin kasvualustapuu on koivu, mutta se kasvaa my\u00f6s haavalla ja muilla lehtipuilla.<\/p>\n<p><spec>harjasorakas<\/spec>&#160;&#160;<specita>Gloiodon strigosus<\/specita><\/p>\n<figure id=\"attachment_871\" aria-describedby=\"caption-attachment-871\" style=\"width: 1100px\" class=\"wp-caption alignnone\"><img loading=\"lazy\" class=\"wp-image-871 size-full\" src=\"http:\/\/sieniatlas.fi\/wp-content\/uploads\/2019\/08\/Gloiodon-strigosus-CN7R6466_muok.png\" alt=\"\" width=\"1100\" height=\"733\" srcset=\"https:\/\/sieniatlas.fi\/wp-content\/uploads\/2019\/08\/Gloiodon-strigosus-CN7R6466_muok.png 1100w, https:\/\/sieniatlas.fi\/wp-content\/uploads\/2019\/08\/Gloiodon-strigosus-CN7R6466_muok-300x200.png 300w, https:\/\/sieniatlas.fi\/wp-content\/uploads\/2019\/08\/Gloiodon-strigosus-CN7R6466_muok-768x512.png 768w, https:\/\/sieniatlas.fi\/wp-content\/uploads\/2019\/08\/Gloiodon-strigosus-CN7R6466_muok-1024x682.png 1024w\" sizes=\"(max-width: 1100px) 100vw, 1100px\" \/><figcaption id=\"caption-attachment-871\" class=\"wp-caption-text\">K<smacap>UVA 2.<\/smacap> <smapic>Harjasorakas (<em>Gloiodon strigosus<\/em>). Kuva: Teppo Helo CN7R6466.<\/smapic><\/figcaption><\/figure>\n<figure id=\"attachment_872\" aria-describedby=\"caption-attachment-872\" style=\"width: 1100px\" class=\"wp-caption alignnone\"><img loading=\"lazy\" class=\"wp-image-872 size-full\" src=\"http:\/\/sieniatlas.fi\/wp-content\/uploads\/2019\/08\/Gloiodon-strigosus-CN7R9071_muok.png\" alt=\"\" width=\"1100\" height=\"733\" srcset=\"https:\/\/sieniatlas.fi\/wp-content\/uploads\/2019\/08\/Gloiodon-strigosus-CN7R9071_muok.png 1100w, https:\/\/sieniatlas.fi\/wp-content\/uploads\/2019\/08\/Gloiodon-strigosus-CN7R9071_muok-300x200.png 300w, https:\/\/sieniatlas.fi\/wp-content\/uploads\/2019\/08\/Gloiodon-strigosus-CN7R9071_muok-768x512.png 768w, https:\/\/sieniatlas.fi\/wp-content\/uploads\/2019\/08\/Gloiodon-strigosus-CN7R9071_muok-1024x682.png 1024w\" sizes=\"(max-width: 1100px) 100vw, 1100px\" \/><figcaption id=\"caption-attachment-872\" class=\"wp-caption-text\">K<smacap>UVA 3.<\/smacap> <smapic>Harjasorakas (<em>Gloiodon strigosus<\/em>). Kuva: Teppo Helo CN7R9071.<\/smapic><\/figcaption><\/figure>\n<p>H<smacap>ARJASORAKAS<\/smacap> on yksivuotinen ja muodostaa useimmiten k\u00e4\u00e4p\u00e4m\u00e4isi\u00e4, lakillisia kasvustoja lahopuulle. Kasvustot ovat iti\u00f6emien enemm\u00e4n tai v\u00e4hemm\u00e4n yhteenliittyneit\u00e4 rypp\u00e4it\u00e4 tai rivim\u00e4isi\u00e4 muodostumia. Lakin pinta on karvainen. Se on nuorena melko vaalea mutta tummuu pian ruskeaksi ja lopulta l\u00e4hes mustaksi. Sienen alapinnan piikit ovat ter\u00e4vi\u00e4 ja ensin vaaleanruskeita, vanhetessaan harmaita. Malto on sitke\u00e4\u00e4 ja halkaisupinnalla n\u00e4kyy v\u00e4rikerroksia. Haku on heikko, karvasmantelimainen. <\/p>\n<p>Harjasorakas on helposti tunnistettava karvaisesta lakin pinnastaan. Jos harjasorakas kasvaa maata p\u00e4in puun alapinnalla, iti\u00f6em\u00e4t eiv\u00e4t ole lakillisia, jolloin erottaminen karhirypyk\u00e4st\u00e4 voi olla hankalaa. T\u00e4ll\u00f6in laji varmistuu mikroskoopin avulla.<\/p>\n<p>Harjasorakas kasvaa vanhoissa tuoreissa ja lehtomaisissa sekametsiss\u00e4 usein haavan lahopuilla. Se kasvaa l\u00e4hes koko Suomessa, mutta on melko harvinainen.<\/p>\n<p><spec>karhirypykk\u00e4<\/spec>&#160;&#160;<specita>Mycoacia fuscoatra<\/specita><\/p>\n<figure id=\"attachment_916\" aria-describedby=\"caption-attachment-916\" style=\"width: 1050px\" class=\"wp-caption alignnone\"><img loading=\"lazy\" class=\"wp-image-916 size-full\" src=\"http:\/\/sieniatlas.fi\/wp-content\/uploads\/2019\/08\/Phlebia-fuscoatra-CN7R1586_muok.png\" alt=\"\" width=\"1050\" height=\"700\" srcset=\"https:\/\/sieniatlas.fi\/wp-content\/uploads\/2019\/08\/Phlebia-fuscoatra-CN7R1586_muok.png 1050w, https:\/\/sieniatlas.fi\/wp-content\/uploads\/2019\/08\/Phlebia-fuscoatra-CN7R1586_muok-300x200.png 300w, https:\/\/sieniatlas.fi\/wp-content\/uploads\/2019\/08\/Phlebia-fuscoatra-CN7R1586_muok-768x512.png 768w, https:\/\/sieniatlas.fi\/wp-content\/uploads\/2019\/08\/Phlebia-fuscoatra-CN7R1586_muok-1024x683.png 1024w\" sizes=\"(max-width: 1050px) 100vw, 1050px\" \/><figcaption id=\"caption-attachment-916\" class=\"wp-caption-text\">Kuva 4. Karhirypykk\u00e4 (<em>Mycoacia fuscoatra<\/em>). Kuva: Teppo Helo CN7R1586.<\/figcaption><\/figure>\n<figure id=\"attachment_915\" aria-describedby=\"caption-attachment-915\" style=\"width: 1150px\" class=\"wp-caption alignnone\"><img loading=\"lazy\" class=\"wp-image-915 size-full\" src=\"http:\/\/sieniatlas.fi\/wp-content\/uploads\/2019\/08\/Phlebia-fuscoatra-CN7R1430_muok.png\" alt=\"\" width=\"1150\" height=\"767\" srcset=\"https:\/\/sieniatlas.fi\/wp-content\/uploads\/2019\/08\/Phlebia-fuscoatra-CN7R1430_muok.png 1150w, https:\/\/sieniatlas.fi\/wp-content\/uploads\/2019\/08\/Phlebia-fuscoatra-CN7R1430_muok-300x200.png 300w, https:\/\/sieniatlas.fi\/wp-content\/uploads\/2019\/08\/Phlebia-fuscoatra-CN7R1430_muok-768x512.png 768w, https:\/\/sieniatlas.fi\/wp-content\/uploads\/2019\/08\/Phlebia-fuscoatra-CN7R1430_muok-1024x683.png 1024w\" sizes=\"(max-width: 1150px) 100vw, 1150px\" \/><figcaption id=\"caption-attachment-915\" class=\"wp-caption-text\">Kuva 5. Karhirypykk\u00e4 (<em>Mycoacia fuscoatra<\/em>). Kuva: Teppo Helo CN7R1430.<\/figcaption><\/figure>\n<p>K<smacap>ARHIRYPYKK\u00c4<\/smacap> kasvaa alustanmy\u00f6t\u00e4isesti. Kasvulle suotuisissa olosuhteissa iti\u00f6em\u00e4t voivat olla laajoja. Karhirypykk\u00e4 on nuorena savunvalkoinen, vanhemmiten harmaanruskea, tai kahvinruskeaksi ja lopulta l\u00e4hes musta. Sen pinnalla on lyhyit\u00e4, puikkomaisia, kovia mutta mutta hauraita piikkej\u00e4. Piikit ovat tyvest\u00e4 tummanruskeita ja k\u00e4rjest\u00e4\u00e4n vaaleita. Selv\u00e4\u00e4 tuoksua ei ole. <\/p>\n<p>Karhirypyk\u00e4ll\u00e4 ei ole lakkia, mutta se muuttuu lopulta tummaksi, jolloin sit\u00e4 voi olla vaikea erottaa resupinaattisesti kasvavasta harjasorakkaasta.<\/p>\n<p>Karhurypykk\u00e4 kasvaa useilla lahoilla lehtipuulajeilla, yleens\u00e4 koivulla tai haavalla. Kasvupaikat ovat monenlaisia: esimerkiksi hakkuuaukkoja, lehtoja ja vanhoja metsi\u00e4. <\/p>\n<p><spec>hammaskurokka<\/spec>&#160;&#160;<specita>Sistotrema raduloides<\/specita><\/p>\n<figure id=\"attachment_868\" aria-describedby=\"caption-attachment-868\" style=\"width: 1150px\" class=\"wp-caption alignnone\"><img loading=\"lazy\" class=\"wp-image-868 size-full\" src=\"http:\/\/sieniatlas.fi\/wp-content\/uploads\/2019\/08\/Sistotrema-raduloides-CN7R0292_muok.png\" alt=\"\" width=\"1150\" height=\"767\" srcset=\"https:\/\/sieniatlas.fi\/wp-content\/uploads\/2019\/08\/Sistotrema-raduloides-CN7R0292_muok.png 1150w, https:\/\/sieniatlas.fi\/wp-content\/uploads\/2019\/08\/Sistotrema-raduloides-CN7R0292_muok-300x200.png 300w, https:\/\/sieniatlas.fi\/wp-content\/uploads\/2019\/08\/Sistotrema-raduloides-CN7R0292_muok-768x512.png 768w, https:\/\/sieniatlas.fi\/wp-content\/uploads\/2019\/08\/Sistotrema-raduloides-CN7R0292_muok-1024x683.png 1024w\" sizes=\"(max-width: 1150px) 100vw, 1150px\" \/><figcaption id=\"caption-attachment-868\" class=\"wp-caption-text\">Kuva 8. Hammaskurokka (<em>Sistotrema raduloides<\/em>). Kuva: Teppo Helo CN7R0292.<\/figcaption><\/figure>\n<figure id=\"attachment_869\" aria-describedby=\"caption-attachment-869\" style=\"width: 1150px\" class=\"wp-caption alignnone\"><img loading=\"lazy\" class=\"wp-image-869 size-full\" src=\"http:\/\/sieniatlas.fi\/wp-content\/uploads\/2019\/08\/Sistotrema-raduloides-CN7R0299_muok.png\" alt=\"\" width=\"1150\" height=\"767\" srcset=\"https:\/\/sieniatlas.fi\/wp-content\/uploads\/2019\/08\/Sistotrema-raduloides-CN7R0299_muok.png 1150w, https:\/\/sieniatlas.fi\/wp-content\/uploads\/2019\/08\/Sistotrema-raduloides-CN7R0299_muok-300x200.png 300w, https:\/\/sieniatlas.fi\/wp-content\/uploads\/2019\/08\/Sistotrema-raduloides-CN7R0299_muok-768x512.png 768w, https:\/\/sieniatlas.fi\/wp-content\/uploads\/2019\/08\/Sistotrema-raduloides-CN7R0299_muok-1024x683.png 1024w\" sizes=\"(max-width: 1150px) 100vw, 1150px\" \/><figcaption id=\"caption-attachment-869\" class=\"wp-caption-text\">Kuva 9. Hammaskurokka (<em>Sistotrema raduloides<\/em>). Kuva: Teppo Helo CN7R0299.<\/figcaption><\/figure>\n<p>H<smacap>AMMASKUROKKA<\/smacap> on alustanmy\u00f6t\u00e4isesti kasvava pieni, pehme\u00e4 orakas. Iti\u00f6em\u00e4n reuna on valkoinen ja ohut, seittim\u00e4inen. Piikit ovat pehmeit\u00e4 ja hauraita, aluksi nystym\u00e4isi\u00e4, vanhemmiten kartiomaisia, nuorena kermanv\u00e4risi\u00e4 muuttuen okranruskeiksi. Hammaskurokan haju on sille tunnusomainen: karviaismarjaa tai raparperia muistuttava.<\/p>\n<p>Hammaskurokka muistuttaa jonkin verran haaparaspia. Hammaskurokan piikit ovat ohuempia.<\/p>\n<p>Hammaskurokka kasvaa hyvin tyypillisesti haavalla, mutta se voi kasvaa muillakin lehtipuilla, jopa kuusella. Se kasvaa etenkin vanhoissa metsiss\u00e4.<\/p>\n<p><spec>haaparaspi<\/spec>&#160;&#160;<specita>Radulodon erikssonii<\/specita><\/p>\n<figure id=\"attachment_874\" aria-describedby=\"caption-attachment-874\" style=\"width: 1150px\" class=\"wp-caption alignnone\"><img loading=\"lazy\" class=\"wp-image-874 size-full\" src=\"http:\/\/sieniatlas.fi\/wp-content\/uploads\/2019\/08\/Radulodon-erikssonii-CN7R9981-1920_muok.png\" alt=\"\" width=\"1150\" height=\"767\" srcset=\"https:\/\/sieniatlas.fi\/wp-content\/uploads\/2019\/08\/Radulodon-erikssonii-CN7R9981-1920_muok.png 1150w, https:\/\/sieniatlas.fi\/wp-content\/uploads\/2019\/08\/Radulodon-erikssonii-CN7R9981-1920_muok-300x200.png 300w, https:\/\/sieniatlas.fi\/wp-content\/uploads\/2019\/08\/Radulodon-erikssonii-CN7R9981-1920_muok-768x512.png 768w, https:\/\/sieniatlas.fi\/wp-content\/uploads\/2019\/08\/Radulodon-erikssonii-CN7R9981-1920_muok-1024x683.png 1024w\" sizes=\"(max-width: 1150px) 100vw, 1150px\" \/><figcaption id=\"caption-attachment-874\" class=\"wp-caption-text\">Kuva 6. Haaparaspi (<em>Radulodon erikssonii<\/em>). Kuva: Teppo Helo CN7R9981.<\/figcaption><\/figure>\n<figure id=\"attachment_873\" aria-describedby=\"caption-attachment-873\" style=\"width: 1150px\" class=\"wp-caption alignnone\"><img loading=\"lazy\" class=\"wp-image-873 size-full\" src=\"http:\/\/sieniatlas.fi\/wp-content\/uploads\/2019\/08\/Radulodon-erikssonii-CN7R9968_muok.png\" alt=\"\" width=\"1150\" height=\"767\" srcset=\"https:\/\/sieniatlas.fi\/wp-content\/uploads\/2019\/08\/Radulodon-erikssonii-CN7R9968_muok.png 1150w, https:\/\/sieniatlas.fi\/wp-content\/uploads\/2019\/08\/Radulodon-erikssonii-CN7R9968_muok-300x200.png 300w, https:\/\/sieniatlas.fi\/wp-content\/uploads\/2019\/08\/Radulodon-erikssonii-CN7R9968_muok-768x512.png 768w, https:\/\/sieniatlas.fi\/wp-content\/uploads\/2019\/08\/Radulodon-erikssonii-CN7R9968_muok-1024x683.png 1024w\" sizes=\"(max-width: 1150px) 100vw, 1150px\" \/><figcaption id=\"caption-attachment-873\" class=\"wp-caption-text\">Kuva 7. Haaparaspi (<em>Radulodon erikssonii<\/em>). Kuva: Teppo Helo CN7R9968.<\/figcaption><\/figure>\n<p>H<smacap>AAPARASPI<\/smacap> on yksivuotinen, alustanmy\u00f6t\u00e4isesti lahopuulla kasvava orakas. Piikkipinta on raspimaisen ep\u00e4ss\u00e4\u00e4nn\u00f6llinen: osa piikeist\u00e4 on pidempi\u00e4 ja osa lyhyempi\u00e4, osa puikkomaisia, suuri osa kuitenkin leve\u00e4mpi\u00e4 ja yhteenkasvaneita. Piikit ovat aluksi kermanvalkoisia, mutta muuttuvat ik\u00e4\u00e4ntyess\u00e4\u00e4n ja kuivuessaan kellert\u00e4viksi.<\/p>\n<p>Haaparaspi muistuttaa jonkin verran hammaskurokkaa. Haaparaspin iti\u00f6lavan piikkipinta koostuu monenpituisista ja -levyisist\u00e4 piikeist\u00e4 n\u00e4ytt\u00e4\u00e4 ep\u00e4s\u00e4\u00e4nn\u00f6llisemm\u00e4lt\u00e4.<\/p>\n<p>Haaparaspi kasvaa kuorettomilla haavan rungoilla vanhoissa luonnontilaisissa metsiss\u00e4. Laji on harvinainen ja se on arvioitu viimeisimm\u00e4ss\u00e4 uhanalaisuusarvioinnissa vaarantuneeksi (VU).<\/p>\n<p>&nbsp;<\/p>\n<p>K<smacap>IRJALLISUUS:<\/smacap><\/p>\n<p>Junninen, K. (toim.) 2012. Haapametsien k\u00e4\u00e4v\u00e4t. Mets\u00e4hallituksen luonnonsuojelujulkaisuja. Sarja A 199.<\/p>\n<p>Koski-Kotiranta, S. &amp; Niemel\u00e4, T. 1983. Puitten orakkaat. Sienilehti 35:4. <\/p>\n<p>Kotiranta, H., Saarenoksa, R., Kyt\u00f6vuori, I. 2009. Aphyllophoroid fungi of Finland. A check-list of ecology, distribution and threat categories. Norrlinia 19: 1-223.<\/p>\n<p>Salo, P., Niemel\u00e4, T. &amp; Salo, U. 2006.\u00a0Suomen sieniopas.<\/p>\n<nav class=\"navigation post-navigation\" role=\"navigation\">\n<h2 class=\"screen-reader-text\">Haapalahopuun sienilajiston selaus<\/h2>\n<div class=\"nav-links\">\n<div class=\"nav-previous\"><a href=\"http:\/\/sieniatlas.fi\/index.php\/haapalahopuun-sienilajisto\/\" rel=\"prev\"><span class=\"nav-link-text\">Edellinen<\/span><\/p>\n<h3 class=\"entry-title\">Haapalahopuun sienilajisto<\/h3>\n<p><\/a><\/div>\n<div class=\"nav-next\"><a href=\"http:\/\/sieniatlas.fi\/index.php\/haapalahopuun-kaapia\/\" rel=\"next\"><span class=\"nav-link-text\">Seuraava<\/span><\/p>\n<h3 class=\"entry-title\">Haapalahopuun k\u00e4\u00e4pi\u00e4<\/h3>\n<p><\/a>\n<\/div>\n<\/div>\n<\/nav>\n","protected":false},"excerpt":{"rendered":"<p>Orakkaiksi kutsutaan sieni\u00e4, joiden iti\u00f6lava on piikkinen. Maassa kasvavilla orakkailla on lakki ja jalka, puulla kasvavat lajit saattavat kasvaa alustanmy\u00f6t\u00e4isesti. <span class=\"more-text\">&hellip;<\/span><\/p>\n","protected":false},"author":2,"featured_media":0,"parent":0,"menu_order":0,"comment_status":"closed","ping_status":"closed","template":"","meta":[],"_links":{"self":[{"href":"https:\/\/sieniatlas.fi\/index.php\/wp-json\/wp\/v2\/pages\/830"}],"collection":[{"href":"https:\/\/sieniatlas.fi\/index.php\/wp-json\/wp\/v2\/pages"}],"about":[{"href":"https:\/\/sieniatlas.fi\/index.php\/wp-json\/wp\/v2\/types\/page"}],"author":[{"embeddable":true,"href":"https:\/\/sieniatlas.fi\/index.php\/wp-json\/wp\/v2\/users\/2"}],"replies":[{"embeddable":true,"href":"https:\/\/sieniatlas.fi\/index.php\/wp-json\/wp\/v2\/comments?post=830"}],"version-history":[{"count":70,"href":"https:\/\/sieniatlas.fi\/index.php\/wp-json\/wp\/v2\/pages\/830\/revisions"}],"predecessor-version":[{"id":1393,"href":"https:\/\/sieniatlas.fi\/index.php\/wp-json\/wp\/v2\/pages\/830\/revisions\/1393"}],"wp:attachment":[{"href":"https:\/\/sieniatlas.fi\/index.php\/wp-json\/wp\/v2\/media?parent=830"}],"curies":[{"name":"wp","href":"https:\/\/api.w.org\/{rel}","templated":true}]}}