{"id":828,"date":"2019-09-05T11:51:30","date_gmt":"2019-09-05T13:51:30","guid":{"rendered":"http:\/\/sieniatlas.fi\/?page_id=828"},"modified":"2019-09-09T09:41:52","modified_gmt":"2019-09-09T11:41:52","slug":"haapalahopuun-kotelosienia","status":"publish","type":"page","link":"https:\/\/sieniatlas.fi\/index.php\/haapalahopuun-kotelosienia\/","title":{"rendered":"Haapalahopuun kotelosieni\u00e4"},"content":{"rendered":"<p>Lahopuulla kasvavat, silmin erottuvat kotelosienet ovat useimmiten maljamaisia tai nastamaisia. Pehme\u00e4 haapalahopuu on suotuisa kasvualusta kotelosienille ja haavalla kasvaa suunnaton joukko erilaisia kotelosienilajeja. <\/p>\n<p>Kotelosienten iti\u00f6em\u00e4t ovat yleens\u00e4 niin pienikokoisia, ett\u00e4 tarkasteluun tarvitaan luuppia. Valokuvaaminen maastossa ei ole helppoa, mutta kotelosieni\u00e4 on helppo ker\u00e4t\u00e4 mukaan ja ottaa valokuvat studio-olosuhteissa.<\/p>\n<p>Kotelosieni\u00e4 on tutkittu paljon v\u00e4hemm\u00e4n kuin esimerkiksi helttasieni\u00e4 tai k\u00e4\u00e4v\u00e4kk\u00e4it\u00e4, joten selvitett\u00e4v\u00e4\u00e4 on viel\u00e4 paljon. Mutta on my\u00f6s kotelosieniin keskittyneit\u00e4 ja niit\u00e4 ker\u00e4\u00e4vi\u00e4 harrastajia. Tervetuloa joukkoon!<\/p>\n<p>Esimerkkin\u00e4 kotelosienist\u00e4 esitell\u00e4\u00e4n kaksi lajia.<\/p>\n<p><spec>keltanastakka<\/spec>&#160;&#160;<specita>Bisporella citrina<\/specita><\/p>\n<figure id=\"attachment_855\" aria-describedby=\"caption-attachment-855\" style=\"width: 1150px\" class=\"wp-caption alignnone\"><img loading=\"lazy\" class=\"wp-image-855 size-full\" src=\"http:\/\/sieniatlas.fi\/wp-content\/uploads\/2019\/08\/Bisporella-citrina-CN7R8813_Keltanastakka10082014_muok-1.png\" alt=\"\" width=\"1150\" height=\"767\" srcset=\"https:\/\/sieniatlas.fi\/wp-content\/uploads\/2019\/08\/Bisporella-citrina-CN7R8813_Keltanastakka10082014_muok-1.png 1150w, https:\/\/sieniatlas.fi\/wp-content\/uploads\/2019\/08\/Bisporella-citrina-CN7R8813_Keltanastakka10082014_muok-1-300x200.png 300w, https:\/\/sieniatlas.fi\/wp-content\/uploads\/2019\/08\/Bisporella-citrina-CN7R8813_Keltanastakka10082014_muok-1-768x512.png 768w, https:\/\/sieniatlas.fi\/wp-content\/uploads\/2019\/08\/Bisporella-citrina-CN7R8813_Keltanastakka10082014_muok-1-1024x683.png 1024w\" sizes=\"(max-width: 1150px) 100vw, 1150px\" \/><figcaption id=\"caption-attachment-855\" class=\"wp-caption-text\">K<smacap>UVA 1.<\/smacap> <smapic>Keltanastakoita (<em>Bisporella citrina<\/em>). Kuva: Teppo Helo CN7R8813.<\/smapic><\/figcaption><\/figure>\n<p>K<smacap>ELTANASTAKKA<\/smacap> on pieni, matalan maljamainen, l\u00e4hes nastamainen sieni. Iti\u00f6em\u00e4t ovat 0,1-0,5 cm leveit\u00e4. Maljan sis\u00e4pinta on kirkkaan&#173;keltainen tai oranssin&#173;keltainen, ulkopinta vaaleampi. Reuna ja ulkopinta ovat sileit\u00e4. Jalkaosa on hyvin lyhyt. <\/p>\n<p>Keltanastakka on yleinen laji ja kasvaa tyypillisesti suurina ryhmin\u00e4 laholla, kuorettomalla lehtipuulla.<\/p>\n<p>Kirkkaanv\u00e4riset kotelosienet ovat huomiota her\u00e4tt\u00e4vi\u00e4 ja niit\u00e4 on ker\u00e4tty museo&#173;n\u00e4ytteiksi aika innokkaasti. T\u00e4m\u00e4n seurauksena ne ovat herbaario&#173;aineistoissa yliedustettuina. Aloittelevan kotelosieni&#173;harrastajan kannattaa suunnata katseensa v\u00e4hemm\u00e4n huomiotaher\u00e4tt\u00e4viin kotelosieni&#173;lajeihin.<\/p>\n<p><spec>oliivinastakka<\/spec>&#160;&#160;<specita>Chlorencoelia versiformis<\/specita><\/p>\n<figure id=\"attachment_863\" aria-describedby=\"caption-attachment-863\" style=\"width: 1150px\" class=\"wp-caption alignnone\"><img loading=\"lazy\" class=\"wp-image-863 size-full\" src=\"http:\/\/sieniatlas.fi\/wp-content\/uploads\/2019\/08\/Chlorencoelia-versiformis-CN7R0184_muok.png\" alt=\"\" width=\"1150\" height=\"767\" srcset=\"https:\/\/sieniatlas.fi\/wp-content\/uploads\/2019\/08\/Chlorencoelia-versiformis-CN7R0184_muok.png 1150w, https:\/\/sieniatlas.fi\/wp-content\/uploads\/2019\/08\/Chlorencoelia-versiformis-CN7R0184_muok-300x200.png 300w, https:\/\/sieniatlas.fi\/wp-content\/uploads\/2019\/08\/Chlorencoelia-versiformis-CN7R0184_muok-768x512.png 768w, https:\/\/sieniatlas.fi\/wp-content\/uploads\/2019\/08\/Chlorencoelia-versiformis-CN7R0184_muok-1024x683.png 1024w\" sizes=\"(max-width: 1150px) 100vw, 1150px\" \/><figcaption id=\"caption-attachment-863\" class=\"wp-caption-text\">K<smacap>UVA 2.<\/smacap> <smapic>Oliivinastakoita (<em>Chlorencoelia versiformis<\/em>). Kuva: Teppo Helo CN7R0184.<\/smapic><\/figcaption><\/figure>\n<figure id=\"attachment_864\" aria-describedby=\"caption-attachment-864\" style=\"width: 1150px\" class=\"wp-caption alignnone\"><img loading=\"lazy\" class=\"wp-image-864 size-full\" src=\"http:\/\/sieniatlas.fi\/wp-content\/uploads\/2019\/08\/Chlorencoelia-versiformis-CN7R9862_muok.png\" alt=\"\" width=\"1150\" height=\"767\" srcset=\"https:\/\/sieniatlas.fi\/wp-content\/uploads\/2019\/08\/Chlorencoelia-versiformis-CN7R9862_muok.png 1150w, https:\/\/sieniatlas.fi\/wp-content\/uploads\/2019\/08\/Chlorencoelia-versiformis-CN7R9862_muok-300x200.png 300w, https:\/\/sieniatlas.fi\/wp-content\/uploads\/2019\/08\/Chlorencoelia-versiformis-CN7R9862_muok-768x512.png 768w, https:\/\/sieniatlas.fi\/wp-content\/uploads\/2019\/08\/Chlorencoelia-versiformis-CN7R9862_muok-1024x683.png 1024w\" sizes=\"(max-width: 1150px) 100vw, 1150px\" \/><figcaption id=\"caption-attachment-864\" class=\"wp-caption-text\">K<smacap>UVA 3.<\/smacap> <smapic>Oliivinastakoita (<em>Chlorencoelia versiformis<\/em>). Kuva: Teppo Helo CN7R9862.<\/smapic><\/figcaption><\/figure>\n<p>O<smacap>LIIVINASTAKKA<\/smacap> on vihert\u00e4v\u00e4, matalan maljamainen, hieman ep\u00e4s\u00e4\u00e4nn\u00f6llisen muotoinen kotelosieni&#173;laji. Iti\u00f6em\u00e4t ovat kotelosieneksi isoja, n. 0,5-1,5 cm leveit\u00e4. Iti\u00f6lava eli maljan sis\u00e4pinta on oliivin&#173;vihert\u00e4v\u00e4 tai -ruskehtava, s\u00e4teitt\u00e4isesti ryppyinen ja sen keskell\u00e4 tai laidalla on napa. Ulkopinta on jauheinen ja jokinverran tummempi. Jalkaosa on lyhyt, useimmiten ep\u00e4keskinen. <\/p>\n<p>Oliivinastakka ei ole sinivihre\u00e4n v\u00e4rinen, kuten viher&#173;nastakka (<em>Chlorociboria aeruginosa<\/em>) ja patina&#173;nastakka (<em>C. aeruginascens<\/em>), jotka ovat yleisi\u00e4 lajeja.<\/p>\n<p>Oliivinastakka kasvaa vanhoissa lehdoissa vanhoilla lahoavilla lehtipuilla. Viimeisimm\u00e4ss\u00e4 uhanalaisuus&#173;arvioinnissa se on arvioitu silm\u00e4ll\u00e4&#173;pidett\u00e4v\u00e4ksi (NT), joten havainnot lajista ovat tarpeen.<\/p>\n<p>&nbsp;<br \/>\n<smacap>KIRJALLISUUS:<\/smacap><\/p>\n<p>Bonsdorff, T., Kyt\u00f6vuori I., Vauras J., Huhtinen S., Halme P., R\u00e4m\u00e4 T., Kosonen L., Jakobsson S. 2014. Sienet ja metsien luontoarvot. Norrlinia 27:1-272.<\/p>\n<p>Salo, P., Niemel\u00e4, T. &amp; Salo, U. 2006.\u00a0Suomen sieniopas.<\/p>\n<nav class=\"navigation post-navigation\" role=\"navigation\">\n<h2 class=\"screen-reader-text\">Haapalahopuun sienilajiston selaus<\/h2>\n<div class=\"nav-links\">\n<div class=\"nav-previous\">\n<a href=\"http:\/\/sieniatlas.fi\/index.php\/haapalahopuun-haarakkaita\/\" rel=\"prev\"><span class=\"nav-link-text\">Edellinen<\/span><\/p>\n<h3 class=\"entry-title\">Haapalahopuun haarakkaita<\/h3>\n<p><\/a>\n<\/div>\n<div class=\"nav-next\">\n<\/div>\n<\/div>\n<\/nav>\n","protected":false},"excerpt":{"rendered":"<p>Lahopuulla kasvavat, silmin erottuvat kotelosienet ovat useimmiten maljamaisia tai nastamaisia. Pehme\u00e4 haapalahopuu on suotuisa kasvualusta kotelosienille ja haavalla kasvaa suunnaton <span class=\"more-text\">&hellip;<\/span><\/p>\n","protected":false},"author":2,"featured_media":0,"parent":0,"menu_order":0,"comment_status":"closed","ping_status":"closed","template":"","meta":[],"_links":{"self":[{"href":"https:\/\/sieniatlas.fi\/index.php\/wp-json\/wp\/v2\/pages\/828"}],"collection":[{"href":"https:\/\/sieniatlas.fi\/index.php\/wp-json\/wp\/v2\/pages"}],"about":[{"href":"https:\/\/sieniatlas.fi\/index.php\/wp-json\/wp\/v2\/types\/page"}],"author":[{"embeddable":true,"href":"https:\/\/sieniatlas.fi\/index.php\/wp-json\/wp\/v2\/users\/2"}],"replies":[{"embeddable":true,"href":"https:\/\/sieniatlas.fi\/index.php\/wp-json\/wp\/v2\/comments?post=828"}],"version-history":[{"count":46,"href":"https:\/\/sieniatlas.fi\/index.php\/wp-json\/wp\/v2\/pages\/828\/revisions"}],"predecessor-version":[{"id":1353,"href":"https:\/\/sieniatlas.fi\/index.php\/wp-json\/wp\/v2\/pages\/828\/revisions\/1353"}],"wp:attachment":[{"href":"https:\/\/sieniatlas.fi\/index.php\/wp-json\/wp\/v2\/media?parent=828"}],"curies":[{"name":"wp","href":"https:\/\/api.w.org\/{rel}","templated":true}]}}