{"id":823,"date":"2019-09-05T11:50:43","date_gmt":"2019-09-05T13:50:43","guid":{"rendered":"http:\/\/sieniatlas.fi\/?page_id=823"},"modified":"2019-09-12T10:03:54","modified_gmt":"2019-09-12T12:03:54","slug":"haapalahopuun-sienilajisto","status":"publish","type":"page","link":"https:\/\/sieniatlas.fi\/index.php\/haapalahopuun-sienilajisto\/","title":{"rendered":"Haapalahopuun sienilajisto"},"content":{"rendered":"<p>Mets\u00e4haapaa (<em>Populus tremula<\/em>) lahottaa monipuolinen sienilajisto. El\u00e4vi\u00e4 puita lahottaa etenkin haavank\u00e4\u00e4p\u00e4 (<em>Phellinus tremulae<\/em>). J\u00e4reill\u00e4, jo hieman lahonneilla haapa&#173;maapuilla k\u00e4\u00e4p\u00e4lajisto on paljon runsaampi ja monimuotoisempi. El\u00e4v\u00e4t haavat ovat kuitenkin yht\u00e4lailla t\u00e4rkeit\u00e4: ilman lahopuun jatkumoa siit\u00e4 riippuvaista lajistoa voi uhata h\u00e4vi\u00e4minen.<\/p>\n<p>K\u00e4\u00e4pien lis\u00e4ksi haapaa lahottaa suuri joukko muita sieni\u00e4: orakkaita, orvakoita, helttasieni\u00e4, haarakkaita ja kotelosieni\u00e4. N\u00e4m\u00e4 tunnetaan huonommin, joten lis\u00e4tietoa lajeista ja niiden kasvu&#173;olosuhteista tarvitaan. Kannustamme sieniharrastajia kiinnitt\u00e4m\u00e4\u00e4n huomiota erityisesti haapa&#173;lahopuulla kasvaviin lajeihin.<\/p>\n<p>Lahopuulla kasvavista lajien ekologian selvitt\u00e4miseksi kasvualusta&#173;tietojen kirjaaminen on hyvin t\u00e4rke\u00e4\u00e4. Oletuksena n\u00e4kyviss\u00e4 olevien kenttien lis\u00e4ksi lomakkelle tulisi valita seuraavat kent\u00e4t (sinisella pohjalla olevan <em>Valitse lis\u00e4\u00e4 kentti\u00e4<\/em> -rattaan takaa):<\/p>\n<ul>\n<li><em>Kasvualusta (laji)<\/em><\/li>\n<li><em>Kasvualustapuun lis\u00e4tiedot<\/em><\/li>\n<\/ul>\n<p><a href=\"http:\/\/sieniatlas.fi\/index.php\/kaavakkaan-keraaminen-ja-kuivaaminen-naytteeksi\/\">Kasvualustapuun lahoasteen<\/a> voi arvioida my\u00f6s, mutta se vaatii hieman opettelua.<\/p>\n<p>Muista my\u00f6s ottaa sienest\u00e4 valokuva kasvupaikalla ja liitt\u00e4\u00e4 kuva havainto&#173;lomakkeelle. N\u00e4in asiantuntijat voivat varmistua havainnosta. Joidenkin lajien kohdalla tarvitaan n\u00e4yte lajin m\u00e4\u00e4ritt\u00e4miseksi tai m\u00e4\u00e4rityksen varmistamiseksi. T\u00e4m\u00e4 on kerrottu lajin esittelytekstiss\u00e4. Toki my\u00f6s sienten kunto ja valokuvien laatu vaikuttavat siihen, pystyyk\u00f6 sienen tunnistamaan valokuvasta.<\/p>\n<p>Seuraavassa esittelemme eri lajiryhmist\u00e4 joitakin haapa&#173;lahopuun lajeja. Havaintoja toki toivotaan kaikista lajeista, ei ainoastaan t\u00e4ss\u00e4 esitelt\u00e4vist\u00e4 sienist\u00e4!<\/p>\n<p>Haapalahopuulla kasvavia sienilajeja:<\/p>\n<ol>\n<li><a href=\"http:\/\/sieniatlas.fi\/index.php\/haapalahopuun-orakkaita\/\">ORAKKAITA<\/a>: tupasorakas (<em>Hericium cirrhatum<\/em>), harjasorakas (<em>Gloiodon strigosus<\/em>), karhirypykk\u00e4 (<em>Mycoacia fuscoatra<\/em>), hammaskurokka (<em>Sistotrema raduloides<\/em>), haaparaspi (<em>Radulodon erikssonii<\/em>).<\/li>\n<li><a href=\"http:\/\/sieniatlas.fi\/index.php\/haapalahopuun-kaapia\/\">K\u00c4\u00c4PI\u00c4<\/a>: kuorik\u00e4\u00e4p\u00e4 (<em>Oxyporus corticola<\/em>), mesipillik\u00e4\u00e4p\u00e4 (<em>Antrodia mellita<\/em>), poimuk\u00e4\u00e4p\u00e4 (<em>Antrodia pulvinascens<\/em>).<\/li>\n<li><a href=\"http:\/\/sieniatlas.fi\/index.php\/haapalahopuun-orvakoita\/\">ORVAKOITA<\/a>: keltahuovakat (suku <em>Amaurudon<\/em>), vanut (suku <em>Byssocorticium<\/em>), tuhkakahvikka (<em>Tomentella cinerascens<\/em>), piikkikahvikka (<em>Tomentella crinalis<\/em>).<\/li>\n<li><a href=\"http:\/\/sieniatlas.fi\/index.php\/haapalahopuun-helttasienia\/\">HELTTASIENI\u00c4<\/a>: aarnihelokka (<em>Pholiota squarrosoides<\/em>),\u00a0p\u00f6rh\u00f6suomuhelokka (<em>Pholiota squarrosa<\/em>), jauhovinokas (<em>Ossicaulis lachnopus<\/em>), karvalahorusokas (<em>Pluteus umbrosus<\/em>).<\/li>\n<li><a href=\"http:\/\/sieniatlas.fi\/index.php\/haapalahopuun-haarakkaita\/\">HAARAKKAITA<\/a>: kruunuhaarakas (<em>Artomyces pyxidatus<\/em>), liekohaarakas (<em>Lentaria afflata<\/em>).<\/li>\n<li><a href=\"http:\/\/sieniatlas.fi\/index.php\/haapalahopuun-kotelosienia\/\">KOTELOSIENI\u00c4<\/a>:\u00a0keltanastakka (<em>Bisporella citrina<\/em>), oliivinastakka (<em>Chlorencoelia versiformis<\/em>).<\/li>\n<\/ol>\n<p>Kuva: Teppo Helo<\/p>\n<nav class=\"navigation post-navigation\" role=\"navigation\">\n<h2 class=\"screen-reader-text\">Haapalahopuun sienilajiston selaus<\/h2>\n<div class=\"nav-links\">\n<div class=\"nav-next\"><a href=\"http:\/\/sieniatlas.fi\/index.php\/haapalahopuun-orakkaita\/\" \nrel=\"next\"><span class=\"nav-link-text\">Seuraava<\/span><\/p>\n<h3 class=\"entry-title\">Haapalahopuun orakkaita<\/h3>\n<p><\/a>\n<\/div>\n<\/div>\n<\/nav>\n","protected":false},"excerpt":{"rendered":"<p>Mets\u00e4haapaa (Populus tremula) lahottaa monipuolinen sienilajisto. El\u00e4vi\u00e4 puita lahottaa etenkin haavank\u00e4\u00e4p\u00e4 (Phellinus tremulae). J\u00e4reill\u00e4, jo hieman lahonneilla haapa&#173;maapuilla k\u00e4\u00e4p\u00e4lajisto on <span class=\"more-text\">&hellip;<\/span><\/p>\n","protected":false},"author":2,"featured_media":1388,"parent":0,"menu_order":0,"comment_status":"closed","ping_status":"closed","template":"","meta":[],"_links":{"self":[{"href":"https:\/\/sieniatlas.fi\/index.php\/wp-json\/wp\/v2\/pages\/823"}],"collection":[{"href":"https:\/\/sieniatlas.fi\/index.php\/wp-json\/wp\/v2\/pages"}],"about":[{"href":"https:\/\/sieniatlas.fi\/index.php\/wp-json\/wp\/v2\/types\/page"}],"author":[{"embeddable":true,"href":"https:\/\/sieniatlas.fi\/index.php\/wp-json\/wp\/v2\/users\/2"}],"replies":[{"embeddable":true,"href":"https:\/\/sieniatlas.fi\/index.php\/wp-json\/wp\/v2\/comments?post=823"}],"version-history":[{"count":48,"href":"https:\/\/sieniatlas.fi\/index.php\/wp-json\/wp\/v2\/pages\/823\/revisions"}],"predecessor-version":[{"id":1355,"href":"https:\/\/sieniatlas.fi\/index.php\/wp-json\/wp\/v2\/pages\/823\/revisions\/1355"}],"wp:featuredmedia":[{"embeddable":true,"href":"https:\/\/sieniatlas.fi\/index.php\/wp-json\/wp\/v2\/media\/1388"}],"wp:attachment":[{"href":"https:\/\/sieniatlas.fi\/index.php\/wp-json\/wp\/v2\/media?parent=823"}],"curies":[{"name":"wp","href":"https:\/\/api.w.org\/{rel}","templated":true}]}}