{"id":662,"date":"2018-08-24T18:49:15","date_gmt":"2018-08-24T20:49:15","guid":{"rendered":"http:\/\/sieniatlas.fi\/?page_id=662"},"modified":"2020-08-01T13:51:02","modified_gmt":"2020-08-01T15:51:02","slug":"mantymetsien-sienilajisto","status":"publish","type":"page","link":"https:\/\/sieniatlas.fi\/index.php\/mantymetsien-sienilajisto\/","title":{"rendered":"M\u00e4ntymetsien sienilajisto"},"content":{"rendered":"<p>M\u00e4ntyvaltaiset mets\u00e4t kasvavat Suomessa p\u00e4\u00e4s\u00e4\u00e4nt\u00f6isesti v\u00e4h\u00e4ravinteisilla, karuilla mailla. T\u00e4llaisilla m\u00e4ntykankailla luonto n\u00e4ytt\u00e4\u00e4 ensisilm\u00e4yksell\u00e4 aika yksipuoliselta, mutta sienilajisto on monipuolinen ja runsas. M\u00e4ntykankaat ovatkin t\u00e4rkeit\u00e4 apajia ruokasienest\u00e4j\u00e4lle, mutta kohdalle voi osua sienilajeja, jotka ovat harvinaisia, jopa uhanalaisia.<\/p>\n<p>Sienilajisto on omaleimainen kaikkein kuivimmissa, hiekkapohjaisissa m\u00e4nnik\u00f6iss\u00e4. T\u00e4llaisessa maastossa voi l\u00f6yt\u00e4\u00e4 lajeja, joita ei muualla kohtaa. Harvinaisia lajeja voi tavata etenkin paikoilta, joissa kasvaa my\u00f6s i\u00e4kk\u00e4\u00e4mp\u00e4\u00e4 puustoa. Kuivien hiekkakankaiden vanhoja metsi\u00e4 on etenkin etel\u00e4isess\u00e4 Suomessa hyvin v\u00e4h\u00e4n.<\/p>\n<p>M\u00e4ntymets\u00e4 voi kasvaa my\u00f6s ravinteisella, kalkkipitoisella maalla. Sienilajisto on hyvin omaleimainen. Kuivia ravinteisia m\u00e4nnik\u00f6it\u00e4 on Suomessa hyvin v\u00e4h\u00e4n, joten t\u00e4llaista milj\u00f6\u00f6t\u00e4 vaativat sienilajit ovat erityisen harvinaisia ja osa lajeista uhanalaisia.<\/p>\n<p>Etup\u00e4\u00e4ss\u00e4 esittelemme laajalti ymp\u00e4ri Suomea kasvavia sienilajeja. Joukossa on sek\u00e4 yleisenpuoleisia ett\u00e4 harvinaisia lajeja ja joitakin ruokasieni\u00e4.<\/p>\n<p>Muista ottaa sienihavainnosta valokuva kasvupaikalla ja liitt\u00e4\u00e4 kuva mukaan havaintolomakkeelle. N\u00e4in asiantuntijat voivat varmistaa havainnon. Tieto varmistuksesta v\u00e4littyy my\u00f6s havainnoijalle. <\/p>\n<p>Havaintoja toki toivotaan kaikista lajeista, ei ainoastaan t\u00e4ss\u00e4 esitelt\u00e4vist\u00e4 sienist\u00e4!<\/p>\n<p>Tutustu lajeihin!<\/p>\n<ol>\n<li><a href=\"http:\/\/sieniatlas.fi\/index.php\/mantymetsien-tupaskynsikkaat\/\">T<smacap>UPASKYNSIKK\u00c4IT\u00c4<\/smacap>:<\/a> <smapic>tummatupaskynsik\u00e4s (<em>Lyohyllum&#160;fumosum<\/em>), tievatupaskynsik\u00e4s (<em>L.&#160;shimeji<\/em>).<\/smapic><\/li>\n<li><a href=\"http:\/\/sieniatlas.fi\/index.php\/mantymetsien-valmuskalajeja\/\">V<smacap>ALMUSKALAJEJA<\/smacap>:<\/a> <smapic>tuoksuvalmuska (<em>Tricholoma&#160;matsutake<\/em>), kaulusvalmuska (<em>T.&#160;focale<\/em>), j\u00e4ttivalmuska (<em>T.&#160;colossus<\/em>), juustovalmuska (<em>T.&#160;roseoacerbum<\/em>), sellerivalmuska (<em>T.&#160;apium<\/em>), helavalmuska (<em>T.&#160;batschii<\/em>), kampavalmuska (<em>T.&#160;stans<\/em>), pisamavalmuska (<em>T.&#160;pessundatum<\/em>), ruskovalmuska (<em>T.&#160;albobrunneum<\/em>).<\/smapic><\/li>\n<li><a href=\"http:\/\/sieniatlas.fi\/index.php\/mantymetsien-haperolajeja\/\">H<smacap>APEROLAJEJA<\/smacap>:<\/a> <smapic>hietahapero (<em>Russula&#160;pallescens<\/em>), ruusuhapero (<em>R.&#160;roseipes<\/em>), pippurihapero (<em>R.&#160;badia<\/em>), verihapero (<em>R.&#160;sanguinea<\/em>), kyynelhapero (<em>R.&#160;sardonia<\/em>).<\/smapic><\/li>\n<li><a href=\"http:\/\/sieniatlas.fi\/index.php\/mantymetsien-risakaslajeja\/\">R<smacap>ISAKASLAJEJA<\/smacap>:<\/a> <smapic>seljarisakas (<em>Inocybe&#160;sambucina<\/em>), kehr\u00e4\u00e4j\u00e4nrisakas (<em>I.&#160;caprimulgi<\/em>), keijunrisakas (<em>I.&#160;jacobi<\/em>).<\/smapic><\/li>\n<li><a href=\"http:\/\/sieniatlas.fi\/index.php\/mantymetsien-kupusienilajeja\/\">K<smacap>UPUSIENILAJEJA:<\/smacap><\/a> <smapic>hernekuukunen (<em>Pisolithus&#160;arhizus<\/em>), dyynimukulakuukunen (<em>Scleroderma&#160;septentrionale<\/em>).<\/smapic><\/li>\n<li><a href=\"http:\/\/sieniatlas.fi\/index.php\/mantymetsien-kaapa-ja-orakaslajeja\/\">O<smacap>RAKAS- JA K\u00c4\u00c4P\u00c4LAJEJA<smacap>:<\/smacap><\/a> <smapic>vuohenk\u00e4\u00e4p\u00e4 (<em>Albatrellus&#160;subrubescens<\/em>), sudenk\u00e4\u00e4p\u00e4 (<em>Boletopsis&#160;grisea<\/em>), sinijalkaorakas (<em>Sarcodon&#160;scabrosus<\/em>).<\/smapic><\/li>\n<\/ol>\n<p>Kuva: Tapio Kekki<\/p>\n<nav class=\"navigation post-navigation\" role=\"navigation\">\n<h2 class=\"screen-reader-text\">M\u00e4ntykankaiden sienilajiston selaus<\/h2>\n<div class=\"nav-links\">\n<div class=\"nav-next\"><a href=\"http:\/\/sieniatlas.fi\/index.php\/mantymetsien-tupaskynsikkaat\/\" rel=\"next\"><span class=\"nav-link-text\">Seuraava<\/span><\/p>\n<h3 class=\"entry-title\">M\u00e4ntymetsien tupaskynsikk\u00e4\u00e4t<\/h3>\n<p><\/a><\/div>\n<\/div>\n<\/nav>\n<div class=\"foo\">\n<p>Mika Toivonen 24.8.2018<\/p>\n<\/div>\n","protected":false},"excerpt":{"rendered":"<p>M\u00e4ntyvaltaiset mets\u00e4t kasvavat Suomessa p\u00e4\u00e4s\u00e4\u00e4nt\u00f6isesti v\u00e4h\u00e4ravinteisilla, karuilla mailla. T\u00e4llaisilla m\u00e4ntykankailla luonto n\u00e4ytt\u00e4\u00e4 ensisilm\u00e4yksell\u00e4 aika yksipuoliselta, mutta sienilajisto on monipuolinen ja <span class=\"more-text\">&hellip;<\/span><\/p>\n","protected":false},"author":7,"featured_media":671,"parent":0,"menu_order":0,"comment_status":"closed","ping_status":"closed","template":"","meta":[],"_links":{"self":[{"href":"https:\/\/sieniatlas.fi\/index.php\/wp-json\/wp\/v2\/pages\/662"}],"collection":[{"href":"https:\/\/sieniatlas.fi\/index.php\/wp-json\/wp\/v2\/pages"}],"about":[{"href":"https:\/\/sieniatlas.fi\/index.php\/wp-json\/wp\/v2\/types\/page"}],"author":[{"embeddable":true,"href":"https:\/\/sieniatlas.fi\/index.php\/wp-json\/wp\/v2\/users\/7"}],"replies":[{"embeddable":true,"href":"https:\/\/sieniatlas.fi\/index.php\/wp-json\/wp\/v2\/comments?post=662"}],"version-history":[{"count":4,"href":"https:\/\/sieniatlas.fi\/index.php\/wp-json\/wp\/v2\/pages\/662\/revisions"}],"predecessor-version":[{"id":3321,"href":"https:\/\/sieniatlas.fi\/index.php\/wp-json\/wp\/v2\/pages\/662\/revisions\/3321"}],"wp:featuredmedia":[{"embeddable":true,"href":"https:\/\/sieniatlas.fi\/index.php\/wp-json\/wp\/v2\/media\/671"}],"wp:attachment":[{"href":"https:\/\/sieniatlas.fi\/index.php\/wp-json\/wp\/v2\/media?parent=662"}],"curies":[{"name":"wp","href":"https:\/\/api.w.org\/{rel}","templated":true}]}}