{"id":488,"date":"2017-08-14T03:08:24","date_gmt":"2017-08-14T05:08:24","guid":{"rendered":"http:\/\/sieniatlas.fi\/?page_id=488"},"modified":"2017-08-21T10:46:02","modified_gmt":"2017-08-21T12:46:02","slug":"pikku-ukonsienet-2","status":"publish","type":"page","link":"https:\/\/sieniatlas.fi\/index.php\/pikku-ukonsienet-2\/","title":{"rendered":"Pikku-ukonsienet &ndash; 2"},"content":{"rendered":"<p>T\u00e4ll\u00e4 sivulla esitell\u00e4\u00e4n kymmenen Suomessa harvinaisenpuoleista tai harvinaista pikku-ukonsienilajia. Hyvin harvinaisista n\u00e4m\u00e4 lajit eiv\u00e4t ole. Osa lajeista on sellaisia, ett\u00e4 niiden levinneisyysalue rajoittuu etel\u00e4iseen Suomeen.<\/p>\n<p><spec>kastanjaukonsieni<\/spec>&#160;&#160;<specita>Lepiota castanea<\/specita><\/p>\n<figure id=\"attachment_455\" aria-describedby=\"caption-attachment-455\" style=\"width: 1200px\" class=\"wp-caption alignnone\"><img loading=\"lazy\" src=\"http:\/\/sieniatlas.fi\/wp-content\/uploads\/2017\/07\/castanea-13206F-web.jpg\" alt=\"\" width=\"1200\" height=\"785\" class=\"size-full wp-image-455\" srcset=\"https:\/\/sieniatlas.fi\/wp-content\/uploads\/2017\/07\/castanea-13206F-web.jpg 1200w, https:\/\/sieniatlas.fi\/wp-content\/uploads\/2017\/07\/castanea-13206F-web-300x196.jpg 300w, https:\/\/sieniatlas.fi\/wp-content\/uploads\/2017\/07\/castanea-13206F-web-768x502.jpg 768w, https:\/\/sieniatlas.fi\/wp-content\/uploads\/2017\/07\/castanea-13206F-web-1024x670.jpg 1024w\" sizes=\"(max-width: 1200px) 100vw, 1200px\" \/><figcaption id=\"caption-attachment-455\" class=\"wp-caption-text\">K<smacap>UVA 1.<\/smacap><smapic> Kastanjaukonsieni\u00e4 (<em>Lepiota castanea<\/em>). Hiekkasaari, kuivahko sammaleinen mets\u00e4, jossa m\u00e4nty\u00e4, kuusia ja koivuja. Kuva: Jukka Vauras 13206F.<\/figcaption><\/figure>\n<p>K<smacap>ASTANJAUKONSIENI<\/smacap> on pienikokoinen ja kapealakkinen, hento sieni. Lakki on etenkin nuorena l\u00e4hes kauttaaltaan oranssinruskeiden suomujen peitossa. Heltat ovat kellanvalkoiset. Jalka on usein suhteellinen pitk\u00e4 ja jalassa on samanv\u00e4risi\u00e4 suomuja kuin lakissakin. Rengasta ei jalassa yleens\u00e4 ole.<\/p>\n<p>Kastanjaukonsient\u00e4 on pidetty harvinaisenpuoleisena, mutta kovin harvinainen se ei ole. Se kasvaa metsiss\u00e4 ravinteisella ja aika kostealla maalla niin karikkeella kuin sammalten joukossa. Pohjoisimmat l\u00f6yd\u00f6t ovat Kainuusta. Kastanjaukonsieni muistuttaa etenkin siroukonsient\u00e4 (<em>L.&#160;felina<\/em>) ja ruosteukonsient\u00e4 (<em>L.&#160;boudieri<\/em>). N\u00e4ist\u00e4 lajeista kastanjaukonsieni on yleisin.<\/p>\n<p><spec>siroukonsieni<\/spec>&#160;&#160;<specita>Lepiota felina<\/specita><\/p>\n<figure id=\"attachment_452\" aria-describedby=\"caption-attachment-452\" style=\"width: 1200px\" class=\"wp-caption alignnone\"><img loading=\"lazy\" src=\"http:\/\/sieniatlas.fi\/wp-content\/uploads\/2017\/07\/felina-sirkka2IX97.jpg\" alt=\"\" width=\"1200\" height=\"778\" class=\"size-full wp-image-452\" srcset=\"https:\/\/sieniatlas.fi\/wp-content\/uploads\/2017\/07\/felina-sirkka2IX97.jpg 1200w, https:\/\/sieniatlas.fi\/wp-content\/uploads\/2017\/07\/felina-sirkka2IX97-300x195.jpg 300w, https:\/\/sieniatlas.fi\/wp-content\/uploads\/2017\/07\/felina-sirkka2IX97-768x498.jpg 768w, https:\/\/sieniatlas.fi\/wp-content\/uploads\/2017\/07\/felina-sirkka2IX97-1024x664.jpg 1024w\" sizes=\"(max-width: 1200px) 100vw, 1200px\" \/><figcaption id=\"caption-attachment-452\" class=\"wp-caption-text\">K<smacap>UVA 2.<\/smacap><smapic> Siroukonsieni\u00e4 (<em>Lepiota felina<\/em>). Kuva: Jukka Vauras.<\/smapic><\/figcaption><\/figure>\n<p>S<smacap>IROUKONSIENI<\/smacap> on pienikokoinen, usein suhteellisen korkeahko ja kapealakkinen sieni. Lakin keskusta ja suomut ovat tummia, jopa mustanruskeita ja suomut on t\u00f6rr\u00f6tt\u00e4vi\u00e4. Hyv\u00e4 tuntomerkki on jalassa oleva selv\u00e4 rengas, jonka alapinnalla on mustia suomuja. Samanv\u00e4risi\u00e4 suomuja on my\u00f6s jalan tyvell\u00e4.<\/p>\n<p>Siroukonsieni on harvinaisenpuoleinen, mutta kasvaa monenlaisissa metsiss\u00e4. Laji on l\u00f6ydetty Utsjoelta asti.<\/p>\n<p><spec>helaukonsieni<\/spec>&#160;&#160;<specita>Lepiota pseudolilacea<\/specita>&#160;&#160;<smapic>(aikaisemmin k\u00e4ytetty v\u00e4\u00e4r\u00e4 nimi: <em>L.&#160;clypeolarioides<\/em>)<\/smapic><br \/>\n[Kuva puuttuu.]<\/p>\n<p>H<smacap>ELAUKONSIENI<\/smacap> on melko pienikokoinen laji. Lakki on tummanruskeasuomuinen. Jalassa on selv\u00e4 rengas, jonka alapuoli on samoin ruskeasuomuinen. Helaukonsieni muistuttaa jonkin verran siroukonsient\u00e4, mutta on t\u00e4t\u00e4 hieman rotevampi ja leve\u00e4mpilakkinen.<\/p>\n<p>Helaukonsieni on meill\u00e4 huonosti tunnettu laji. L\u00f6yt\u00f6j\u00e4 on alle kymmenen, mutta lajia on tavattu etel\u00e4isest\u00e4 Suomesta Keminmaalle asti. L\u00f6yt\u00f6j\u00e4 on sek\u00e4 kuivilta kedoilta ett\u00e4 puustoisilta paikoilta. <\/p>\n<p><spec>kesiukonsieni<\/spec>&#160;&#160;<specita>Lepiota setulosa<\/specita><\/p>\n<figure id=\"attachment_444\" aria-describedby=\"caption-attachment-444\" style=\"width: 1200px\" class=\"wp-caption alignnone\"><img loading=\"lazy\" src=\"http:\/\/sieniatlas.fi\/wp-content\/uploads\/2017\/07\/setulosa-13068F.jpg\" alt=\"\" width=\"1200\" height=\"774\" class=\"size-full wp-image-444\" srcset=\"https:\/\/sieniatlas.fi\/wp-content\/uploads\/2017\/07\/setulosa-13068F.jpg 1200w, https:\/\/sieniatlas.fi\/wp-content\/uploads\/2017\/07\/setulosa-13068F-300x194.jpg 300w, https:\/\/sieniatlas.fi\/wp-content\/uploads\/2017\/07\/setulosa-13068F-768x495.jpg 768w, https:\/\/sieniatlas.fi\/wp-content\/uploads\/2017\/07\/setulosa-13068F-1024x660.jpg 1024w\" sizes=\"(max-width: 1200px) 100vw, 1200px\" \/><figcaption id=\"caption-attachment-444\" class=\"wp-caption-text\">K<smacap>UVA 3.<\/smacap><smapic> Kesiukonsieni\u00e4 (<em>Lepiota setulosa<\/em>). Hyvin rehev\u00e4 p\u00e4hkin\u00e4pensaslehto, jossa harvakseltaan my\u00f6s kuusia, koivuja, vaahteraa ja haapaa. Kuva: Jukka Vauras 13068F.<\/smapic><\/figcaption><\/figure>\n<p>K<smacap>ESIUKONSIENI<\/smacap> on hyvin pieni, lakki on n. 1&ndash;1,5 cm leve\u00e4. Lakki tihe\u00e4- ja  pienisuomuinen, keskelt\u00e4 tummanruskea, muuten vaaleanruskea. Lakin pinta tyypillisesti halkeilee ja kuoriutuu irti lakin reunoilta. Jalan latvassa on vaaleaa vanuisuutta ja l\u00e4hemp\u00e4n\u00e4 tyve\u00e4 tummia suomuja. Rengasta ei jalassa ole.<\/p>\n<p>Kesiukonsieni on melko harvinainen lehtipuuvaltaisten lehtojen sieni. L\u00f6yt\u00f6j\u00e4 on harvakseltaan, mutta lajin levinneisyys ulottuu ainakin Pohjois-Savoon ja Pohjois-Karjalaan asti.<\/p>\n<p>Kesiukonsienten ulkon\u00e4k\u00f6 vaihtelee aikalailla ja lienee niin, ett\u00e4 lajeja on t\u00e4ss\u00e4 enemm\u00e4n kuin yksi.<\/p>\n<p><spec>viherukonsieni<\/spec>&#160;&#160;<specita>Lepiota grangei<\/specita><\/p>\n<figure id=\"attachment_450\" aria-describedby=\"caption-attachment-450\" style=\"width: 1200px\" class=\"wp-caption alignnone\"><img loading=\"lazy\" src=\"http:\/\/sieniatlas.fi\/wp-content\/uploads\/2017\/07\/grangei-7735F-web.jpg\" alt=\"\" width=\"1200\" height=\"788\" class=\"size-full wp-image-450\" srcset=\"https:\/\/sieniatlas.fi\/wp-content\/uploads\/2017\/07\/grangei-7735F-web.jpg 1200w, https:\/\/sieniatlas.fi\/wp-content\/uploads\/2017\/07\/grangei-7735F-web-300x197.jpg 300w, https:\/\/sieniatlas.fi\/wp-content\/uploads\/2017\/07\/grangei-7735F-web-768x504.jpg 768w, https:\/\/sieniatlas.fi\/wp-content\/uploads\/2017\/07\/grangei-7735F-web-1024x672.jpg 1024w\" sizes=\"(max-width: 1200px) 100vw, 1200px\" \/><figcaption id=\"caption-attachment-450\" class=\"wp-caption-text\">K<smacap>UVA 4.<\/smacap><smapic> Viherukonsieni\u00e4 (<em>Lepiota grangei<\/em>). Jalopuulehto, jossa tammia, koivuja, p\u00e4hkin\u00e4pensaita ja kuusia, multamaalla. Kuva: Jukka Vauras 7735F.<\/smapic><\/figcaption><\/figure>\n<p>V<smacap>IHERUKONSIENI<\/smacap> on pienehk\u00f6 laji, jonka lakki on etenkin nuorena hyvin tummanvihre\u00e4n suomuinen. Muut Suomessa tavatut lajit eiv\u00e4t ole t\u00e4m\u00e4n v\u00e4risi\u00e4. Vihre\u00e4 v\u00e4ri haalistuu, kun iti\u00f6em\u00e4t vanhenevat, jolloin ruskea v\u00e4ri alkaa vallita ja tunnistaminen hieman hankaloituu.<\/p>\n<p>Viherukonsieni on harvinainen lehtipuuvaltaisten lehtojen sieni, mutta pelk\u00e4st\u00e4\u00e4n aivan etel\u00e4inen laji se ei meill\u00e4 ole. L\u00f6yt\u00e4j\u00e4 on alle 10, pohjoisin tieto on Nokialta.<\/p>\n<p><spec>ketoukonsieni<\/spec>&#160;&#160;<specita>Lepiota oreadiformis<\/specita><\/p>\n<figure id=\"attachment_446\" aria-describedby=\"caption-attachment-446\" style=\"width: 1200px\" class=\"wp-caption alignnone\"><img loading=\"lazy\" src=\"http:\/\/sieniatlas.fi\/wp-content\/uploads\/2017\/07\/oreadiformis-17801F.jpg\" alt=\"\" width=\"1200\" height=\"783\" class=\"size-full wp-image-446\" srcset=\"https:\/\/sieniatlas.fi\/wp-content\/uploads\/2017\/07\/oreadiformis-17801F.jpg 1200w, https:\/\/sieniatlas.fi\/wp-content\/uploads\/2017\/07\/oreadiformis-17801F-300x196.jpg 300w, https:\/\/sieniatlas.fi\/wp-content\/uploads\/2017\/07\/oreadiformis-17801F-768x501.jpg 768w, https:\/\/sieniatlas.fi\/wp-content\/uploads\/2017\/07\/oreadiformis-17801F-1024x668.jpg 1024w\" sizes=\"(max-width: 1200px) 100vw, 1200px\" \/><figcaption id=\"caption-attachment-446\" class=\"wp-caption-text\">K<smacap>UVA 5.<\/smacap><smapic> Ketoukonsieni\u00e4 (<em>Lepiota oreadiformis<\/em>). Laidunnettu niitty, jossa yksitt\u00e4isi\u00e4 m\u00e4ntyj\u00e4 ja katajaa. Kuva: Jukka Vauras 17801F.<\/smapic><\/figcaption><\/figure>\n<p>K<smacap>ETOUKONSIENI<\/smacap> on pienehk\u00f6 tai keskikoinen pikku-ukonsieni, lakki on yleens\u00e4 alle 5 cm leve\u00e4. Lakki on melkein sile\u00e4, hieman punertava &ndash;vaaleanoranssi&ndash;vaaleanruskea. Jalka on lakin v\u00e4rinen ja siin\u00e4 on valkoista, toisinaan rengasmaista h\u00f6tt\u00f6isyytt\u00e4. Samoja suojusj\u00e4tteit\u00e4 voi olla lakin reunoilla.<\/p>\n<p>Ketoukonsieni kasvaa etenkin vanhoilla pihoilla, nurmikoilla ja pitk\u00e4\u00e4n laidunnetuilla mailla. Lajista on kertynyt uusia havaintoja ja t\u00e4ll\u00e4 tietoa lajin levinneisyys ulottuu Pohjois-Pohjanmaalle, Pohjois-Savoon ja Pohjois-Karjalaan asti. Sieni ei ole kovin harvinainen, mutta se on hyvin paikoittainen. <\/p>\n<p><spec>alvariukonsieni<\/spec>&#160;&#160;<specita>Lepiota erminea<\/specita>&#160;&#160;<smapic>(synonyyminimi: <em>L.&#160;alba<\/em>)<\/smapic><\/p>\n<figure id=\"attachment_458\" aria-describedby=\"caption-attachment-458\" style=\"width: 1200px\" class=\"wp-caption alignnone\"><img loading=\"lazy\" src=\"http:\/\/sieniatlas.fi\/wp-content\/uploads\/2017\/07\/alba-17956F.jpg\" alt=\"\" width=\"1200\" height=\"779\" class=\"size-full wp-image-458\" srcset=\"https:\/\/sieniatlas.fi\/wp-content\/uploads\/2017\/07\/alba-17956F.jpg 1200w, https:\/\/sieniatlas.fi\/wp-content\/uploads\/2017\/07\/alba-17956F-300x195.jpg 300w, https:\/\/sieniatlas.fi\/wp-content\/uploads\/2017\/07\/alba-17956F-768x499.jpg 768w, https:\/\/sieniatlas.fi\/wp-content\/uploads\/2017\/07\/alba-17956F-1024x665.jpg 1024w\" sizes=\"(max-width: 1200px) 100vw, 1200px\" \/><figcaption id=\"caption-attachment-458\" class=\"wp-caption-text\">K<smacap>UVA 6.<\/smacap><smapic> Alvariukonsieni\u00e4 (<em>Lepiota erminea<\/em>). Katajaa kasvava alvari, jossa my\u00f6s m\u00e4ntyj\u00e4 (Viro). Kuva: Jukka Vauras 17956F.<\/smapic><\/figcaption><\/figure>\n<p>A<smacap>LVARIUKONSIENI<\/smacap> on keskikokoinen tai isohko pikku-ukonsieni, lakki voi olla yli 5 cm leve\u00e4. Lakki on ensin valkoinen, sitten vaalean okranv\u00e4rinen tai hieman kellert\u00e4v\u00e4. Lakki ei n\u00e4yt\u00e4 suomuiselta. Heltat ovat pitk\u00e4\u00e4n valkoisia. Lakin reunassa ja jalassa on valkoista h\u00f6tt\u00f6isyytt\u00e4, renkaan tapaistakin voi olla.<\/p>\n<p>Alvariukonsieni kasvaa kuivilla, avoimilla kedoilla. Se lienee v\u00e4hemm\u00e4n harvinainen sopivilla paikoilla saaristoalueilla ja etel\u00e4rannikolla, mutta sis\u00e4maassa laji on varmaan hyvin harvinainen.<\/p>\n<p><spec>lumiukonsieni<\/spec>&#160;&#160;<specita>Lepiota angustispora<\/specita><br \/>\n[Kuva puuttuu.]<\/p>\n<p>L<smacap>UMIUKONSIENI<\/smacap> on l\u00e4hes valkoinen, keskikokoinen ukonsieni. Lumiukonsieni muistuttaa alvariukonsient\u00e4 (<em>L.&#160;alba<\/em>), mutta on sit\u00e4 hieman hennompi. Mikroskoopin avulla lajien erottaminen toisistaan onnistuu vaivatta.<\/p>\n<p>Lumiukonsienest\u00e4 on Suomesta viitisen ker\u00e4yst\u00e4. Sit\u00e4 on ker\u00e4tty rinnelehdosta harmaaleppien alta sek\u00e4 laidunnetusta joenrantalehdosta haapojen, harmaaleppien ja koivujen alta. L\u00f6yt\u00f6paikat ovat Etel\u00e4-Pohjanmaalta, Pohjois-Savosta ja Pohjois-Pohjanmaalta, joten lajiin voi varmaan t\u00f6rm\u00e4t\u00e4 melkein miss\u00e4 p\u00e4in Suomea hyv\u00e4ns\u00e4. Sieni lienee kuitenkin harvinainen.<\/p>\n<p><spec>kuusiukonsieni<\/spec>&#160;&#160;<specita>Lepiota audreae<\/specita><\/p>\n<figure id=\"attachment_457\" aria-describedby=\"caption-attachment-457\" style=\"width: 1200px\" class=\"wp-caption alignnone\"><img loading=\"lazy\" src=\"http:\/\/sieniatlas.fi\/wp-content\/uploads\/2017\/07\/audreae-97-746.jpg\" alt=\"\" width=\"1200\" height=\"780\" class=\"size-full wp-image-457\" srcset=\"https:\/\/sieniatlas.fi\/wp-content\/uploads\/2017\/07\/audreae-97-746.jpg 1200w, https:\/\/sieniatlas.fi\/wp-content\/uploads\/2017\/07\/audreae-97-746-300x195.jpg 300w, https:\/\/sieniatlas.fi\/wp-content\/uploads\/2017\/07\/audreae-97-746-768x499.jpg 768w, https:\/\/sieniatlas.fi\/wp-content\/uploads\/2017\/07\/audreae-97-746-1024x666.jpg 1024w\" sizes=\"(max-width: 1200px) 100vw, 1200px\" \/><figcaption id=\"caption-attachment-457\" class=\"wp-caption-text\">K<smacap>UVA 7.<\/smacap><smapic> Kuusiukonsieni\u00e4 (<em>Lepiota audreae<\/em>). Kuivahko koivuvaltainen mets\u00e4, jossa hieman haapaa, pajuja, kuusia ja m\u00e4ntyj\u00e4 (Ruotsi). Kuva: Ilkka Kyt\u00f6vuori 97-746.<\/smapic><\/figcaption><\/figure>\n<p>K<smacap>UUSIUKONSIENI<\/smacap> on pikku-ukonsieneksi roteva ja isohko, lakin leveys voi olla yli 5 cm. Lakki on kauttaaltaan vahvasti suomuinen, suomut ovat tummanruskeita, pienehk\u00f6j\u00e4 ja niit\u00e4 on tihe\u00e4sti. Lakin pohjav\u00e4ri suomujen v\u00e4liss\u00e4 on vaalea. Jalka on l\u00e4hes sile\u00e4, valkoista vanua on niukasti ja jalan tyvell\u00e4 voi olla tummaa suomuja. Jalka on tyvest\u00e4 paksu. <\/p>\n<p>Kuusiukonsieni on meill\u00e4 harvinainen, mutta laajalla alueella tavattava laji. Ker\u00e4yksi\u00e4 on aivan etel\u00e4rannikolta Pelkosenniemelle ja Kuusamoon asti. Sieni kasvaa sek\u00e4 kuusivaltaisissa ett\u00e4 lehtipuuvaltaisissa lehtometsiss\u00e4.<\/p>\n<p>Suomesta tunnetaan viel\u00e4 nimet\u00f6n pikku-ukonsienilaji, joka on hyvin kuusiukonsienen n\u00e4k\u00f6inen. T\u00e4m\u00e4 laji on hieman kapealakkisempi ja hennompi kuin kuusiukonsieni. Tyypillisesti lakin reuna-alueilla valkoista v\u00e4ri\u00e4 on n\u00e4kyviss\u00e4 melko paljon. Iti\u00f6t ovat lyhyempi\u00e4 ja hieman eri muotoisia kuin kuusiukonsienell\u00e4. Laji kasvaa kuusivaltaisissa kosteapohjaisissa lehdoissa ja lehtokorvissa ainakin etel\u00e4isess\u00e4 Suomessa.<\/p>\n<p><specita>Lepiota apatelia<\/specita><br \/>\n[Kuva puuttuu.]<\/p>\n<p>L.<smacap> APATELIA<\/smacap> pienehk\u00f6 ja vaalea, mutta ei ihan valkoinen ukonsieni. Lakissa on tummahkoa suomuisuutta, joka on laattamaista kuten puistoukonsienell\u00e4. Sieni n\u00e4ytt\u00e4\u00e4 l\u00e4hinn\u00e4 valjunv\u00e4riselt\u00e4 puisto-ukonsienelt\u00e4, mutta on sit\u00e4 hennompi ja kapealakkisempi. Jalka ei ole t\u00e4ysin valkoinen, vaan ruskehtava tai v\u00e4h\u00e4n violetins\u00e4vyinen, etenkin l\u00e4helt\u00e4 tyve\u00e4. Jalka on melko sile\u00e4. Rengasta tai renkaantapaista ei tyypillisesti ole.<\/p>\n<p>Lajista tunnetaan joitakin ker\u00e4yksi\u00e4 Keski-Pohjanmaalta, Etel\u00e4-H\u00e4meest\u00e4 ja Pohjois-Karjalasta. Lajia on ker\u00e4tty mets\u00e4iselt\u00e4 vanhalta pihamaalta sek\u00e4 mets\u00e4tien laidalta pienten lehtipuiden ja pensaiden alta. Lajia kannattaa pit\u00e4\u00e4 silm\u00e4ll\u00e4 miss\u00e4 p\u00e4in Suomea tahansa. Laji on kuvattu tieteelle uutena melko \u00e4skett\u00e4in ja on mahdollista, ett\u00e4 se on j\u00e4\u00e4nyt sieniharrastajilta huomaamatta.<\/p>\n<nav class=\"navigation post-navigation\" role=\"navigation\">\n<h2 class=\"screen-reader-text\">Pikku-ukonsienten selaus<\/h2>\n<div class=\"nav-links\">\n<div class=\"nav-previous\"><a href=\"http:\/\/sieniatlas.fi\/index.php\/pikku-ukonsienet-1\/\" rel=\"prev\"><span class=\"nav-link-text\">Edellinen<\/span><\/p>\n<h3 class=\"entry-title\">pikku-ukonsienet &ndash; 1<\/h3>\n<p><\/a><\/div>\n<div class=\"nav-next\"><a href=\"http:\/\/sieniatlas.fi\/index.php\/pikku-ukonsienet-3\/\" rel=\"next\"><span class=\"nav-link-text\">Seuraava<\/span><\/p>\n<h3 class=\"entry-title\">pikku-ukonsienet &ndash; 3<\/h3>\n<p><\/a><\/div>\n<\/div>\n<\/nav>\n","protected":false},"excerpt":{"rendered":"<p>T\u00e4ll\u00e4 sivulla esitell\u00e4\u00e4n kymmenen Suomessa harvinaisenpuoleista tai harvinaista pikku-ukonsienilajia. Hyvin harvinaisista n\u00e4m\u00e4 lajit eiv\u00e4t ole. Osa lajeista on sellaisia, ett\u00e4 <span class=\"more-text\">&hellip;<\/span><\/p>\n","protected":false},"author":7,"featured_media":0,"parent":0,"menu_order":0,"comment_status":"closed","ping_status":"closed","template":"","meta":[],"_links":{"self":[{"href":"https:\/\/sieniatlas.fi\/index.php\/wp-json\/wp\/v2\/pages\/488"}],"collection":[{"href":"https:\/\/sieniatlas.fi\/index.php\/wp-json\/wp\/v2\/pages"}],"about":[{"href":"https:\/\/sieniatlas.fi\/index.php\/wp-json\/wp\/v2\/types\/page"}],"author":[{"embeddable":true,"href":"https:\/\/sieniatlas.fi\/index.php\/wp-json\/wp\/v2\/users\/7"}],"replies":[{"embeddable":true,"href":"https:\/\/sieniatlas.fi\/index.php\/wp-json\/wp\/v2\/comments?post=488"}],"version-history":[{"count":3,"href":"https:\/\/sieniatlas.fi\/index.php\/wp-json\/wp\/v2\/pages\/488\/revisions"}],"predecessor-version":[{"id":513,"href":"https:\/\/sieniatlas.fi\/index.php\/wp-json\/wp\/v2\/pages\/488\/revisions\/513"}],"wp:attachment":[{"href":"https:\/\/sieniatlas.fi\/index.php\/wp-json\/wp\/v2\/media?parent=488"}],"curies":[{"name":"wp","href":"https:\/\/api.w.org\/{rel}","templated":true}]}}