{"id":3669,"date":"2021-07-05T07:38:51","date_gmt":"2021-07-05T09:38:51","guid":{"rendered":"http:\/\/sieniatlas.fi\/?page_id=3669"},"modified":"2021-07-23T07:02:16","modified_gmt":"2021-07-23T09:02:16","slug":"sieniatlastapahtumia-2021","status":"publish","type":"page","link":"https:\/\/sieniatlas.fi\/index.php\/sieniatlastapahtumia-2021\/","title":{"rendered":"Sieniatlastapahtumia \u2013 2021"},"content":{"rendered":"<p>SEKVENSSIOPPIA sieniatlasaktiiveille!<\/p>\n<p>Osana Sieniatlas-kansalaistiedehanketta alkaa vuoden 2021 loppuun kest\u00e4v\u00e4 projekti. Sen aikana opitaan perusasiat sekvensoinnista, ker\u00e4t\u00e4\u00e4n omia n\u00e4ytteit\u00e4 sekvensoitavaksi sek\u00e4 opetellaan tulosten k\u00e4sittely\u00e4, vertailua muihin n\u00e4ytteisiin ja sukupuiden rakentamista.<br \/>\nIlmoittaudu kurssille 15.7. menness\u00e4!<br \/>\n<a href=\"http:\/\/sieniatlas.fi\/index.php\/sekvenssioppia-sieniatlasaktiiveille\/\">Sekvenssioppia sieniatlasaktiiveille!<\/a><\/p>\n<p>SIENIATLASLEIRI Tervolassa 9.-12.9.2021<\/p>\n<p>Sieniatlasleiri j\u00e4rjestet\u00e4\u00e4n Tervolan Louessa Ammattiopisto Lappian toimipisteess\u00e4. Leiri on tarkoitettu Sieniatlas-havainnoitsijoille. Leirill\u00e4 keskityt\u00e4\u00e4n k\u00e4\u00e4v\u00e4kk\u00e4isiin ja helttasieniin. Valittuja kohteita kartoitetaan, lajeja kirjataan muistiin ja n\u00e4ytteit\u00e4 ker\u00e4t\u00e4\u00e4n my\u00f6hemp\u00e4\u00e4 m\u00e4\u00e4rityst\u00e4 varten. Leirin vet\u00e4jin\u00e4 toimivat Matti Kulju, Tapio Kekki ja Mika Toivonen.<\/p>\n<p>J\u00e4rjestetty ohjelma alkaa heti perjantai-aamuna ja toivomme, ett\u00e4 paikalle saavutaan torstaina klo 21.00 menness\u00e4. Leiri p\u00e4\u00e4ttyy sunnuntaina n. klo 15. Ilmoittaudu leirille viimeist\u00e4\u00e4n 10.8.2021. Osanottajien m\u00e4\u00e4r\u00e4 on rajoitettu.<br \/>\n<a href=\"http:\/\/sieniatlas.fi\/index.php\/tervetuloa-sieniatlasleirille-tervolaan-9-12-9-2021\/\">Tervetuloa Sieniatlasleirille Tervolaan 9-12.9.2021<\/a><\/p>\n<p>SIENIATLASLEIRI Muurlassa 1.-3.10.2021<\/p>\n<p>Sieniatlasleiri j\u00e4rjestet\u00e4\u00e4n Muurlan Opistolla Salossa. Leiri on tarkoitettu Sieniatlas-havainnoitsijoille. Leirill\u00e4 keskityt\u00e4\u00e4n helttasieniin. Valittuja kohteita kartoitetaan, lajeja kirjataan muistiin ja n\u00e4ytteit\u00e4 ker\u00e4t\u00e4\u00e4n my\u00f6hemp\u00e4\u00e4 m\u00e4\u00e4rityst\u00e4 varten. Leirin vet\u00e4jin\u00e4 toimivat Kaisa Tervonen ja Mika Toivonen.<\/p>\n<p>J\u00e4rjestetty ohjelma alkaa perjantaina iltap\u00e4iv\u00e4ll\u00e4. Leiri p\u00e4\u00e4ttyy sunnuntaina n. klo 15. Ilmoittaudu leirille viimeist\u00e4\u00e4n 31.8.2021. Osanottajien m\u00e4\u00e4r\u00e4 on rajoitettu.<br \/>\n<a href=\"http:\/\/sieniatlas.fi\/index.php\/tervetuloa-sieniatlasleirille-muurlaan-1-3-10-2021\/\">Tervetuloa sieniatlasleirille Muurlaan 1-3.10.2021<\/a><\/p>\n","protected":false},"excerpt":{"rendered":"<p>SEKVENSSIOPPIA sieniatlasaktiiveille! Osana Sieniatlas-kansalaistiedehanketta alkaa vuoden 2021 loppuun kest\u00e4v\u00e4 projekti. Sen aikana opitaan perusasiat sekvensoinnista, ker\u00e4t\u00e4\u00e4n omia n\u00e4ytteit\u00e4 sekvensoitavaksi sek\u00e4 <span class=\"more-text\">&hellip;<\/span><\/p>\n","protected":false},"author":7,"featured_media":0,"parent":0,"menu_order":0,"comment_status":"closed","ping_status":"closed","template":"","meta":[],"_links":{"self":[{"href":"https:\/\/sieniatlas.fi\/index.php\/wp-json\/wp\/v2\/pages\/3669"}],"collection":[{"href":"https:\/\/sieniatlas.fi\/index.php\/wp-json\/wp\/v2\/pages"}],"about":[{"href":"https:\/\/sieniatlas.fi\/index.php\/wp-json\/wp\/v2\/types\/page"}],"author":[{"embeddable":true,"href":"https:\/\/sieniatlas.fi\/index.php\/wp-json\/wp\/v2\/users\/7"}],"replies":[{"embeddable":true,"href":"https:\/\/sieniatlas.fi\/index.php\/wp-json\/wp\/v2\/comments?post=3669"}],"version-history":[{"count":11,"href":"https:\/\/sieniatlas.fi\/index.php\/wp-json\/wp\/v2\/pages\/3669\/revisions"}],"predecessor-version":[{"id":3806,"href":"https:\/\/sieniatlas.fi\/index.php\/wp-json\/wp\/v2\/pages\/3669\/revisions\/3806"}],"wp:attachment":[{"href":"https:\/\/sieniatlas.fi\/index.php\/wp-json\/wp\/v2\/media?parent=3669"}],"curies":[{"name":"wp","href":"https:\/\/api.w.org\/{rel}","templated":true}]}}