{"id":326,"date":"2017-06-26T19:01:49","date_gmt":"2017-06-26T21:01:49","guid":{"rendered":"http:\/\/sieniatlas.fi\/?page_id=326"},"modified":"2018-05-31T04:37:01","modified_gmt":"2018-05-31T06:37:01","slug":"sieniatlastapahtumat-syksy-2017","status":"publish","type":"page","link":"https:\/\/sieniatlas.fi\/index.php\/sieniatlastapahtumat-syksy-2017\/","title":{"rendered":"Sieniatlastapahtumia &#8211; 2017"},"content":{"rendered":"<p>SIENIATLASLEIRIT 2017<br \/>\n25.-27.8. Paltamo<br \/>\n15.-17.9. Rautalampi, Etel\u00e4-Konneveden kansallispuisto.<br \/>\n13.-15.10. Hyrynsalmi, Kainuu.<\/p>\n<p><a href=\"http:\/\/sieniatlas.fi\/index.php\/syksyn-sieniatlastapahtumia-2017\/\">Viel\u00e4 ehdit ilmoittautua Hyrynsalmen leirille!<\/a><\/p>\n<p>SIENIATLASRETKET 2017<br \/>\n1.9. Keminmaa.<br \/>\nRetki j\u00e4rjestet\u00e4\u00e4n Valtakunnallisia Sienip\u00e4ivi\u00e4 edelt\u00e4v\u00e4n\u00e4 p\u00e4iv\u00e4n\u00e4. Kokoontuminen klo 10 Keminmaan Vanhan kirkon parkkipaikalla. Retki kest\u00e4\u00e4 joitakin tunteja, ev\u00e4\u00e4t mukaan. Lis\u00e4tiedot ja ilmoittautuminen: tapio.kekki @ gmail.com.<\/p>\n<p>9.9. Lohja<br \/>\nRetki j\u00e4rjestet\u00e4\u00e4n Lohjalla, kokoontuminen osoitteessa Kisakalliontie 284 (http:\/\/kisakallio.fi\/). Kokoontuminen klo 10 parkkipaikalla urheilukent\u00e4n p\u00e4\u00e4dyss\u00e4. Retken kesto 2-3 h. Suunnitelma on, ett\u00e4 sienestet\u00e4\u00e4n l\u00e4heisess\u00e4 Karnaisten korvessa. L\u00e4het\u00e4 viesti\u00e4 mika.j.toivonen@utu.fi, jos olet tulossa mukaan.<\/p>\n<p>24.9. Oulu, Sanginjoki<br \/>\nSuomen luonnonsuojeluliiton Oulun yhdistyksen retkikerho j\u00e4rjest\u00e4\u00e4 k\u00e4\u00e4p\u00e4retken Sanginjoella su 24.9 klo 12.00-15.00. Tutustumme ulkomets\u00e4n k\u00e4\u00e4p\u00e4lajistoon Matti Kuljun opastuksella sieniatlaksen merkeiss\u00e4.<br \/>\nKokoontuminen Sanginjoen Loppulaan, Sanginjoentie 1101. Tilaisuus on kaikille avoin ja maksuton. Ilmoittautumista ei tarvitse tehd\u00e4, riitt\u00e4\u00e4 kun saavut paikalle ajoissa.<br \/>\nLis\u00e4tietoja voi kysy\u00e4 Juha Eskolalta: Puh. 044-2628299, juhaoulu44@hotmail.com<br \/>\n<small><br \/>\nLIS\u00c4TIETOA SIENIATLASLEIREIST\u00c4 JA SIENIATLASRETKIST\u00c4<br \/>\nS<smacap>IENIATLASLEIREILL\u00c4<\/smacap> opitaan tunnistamaan sienilajeja ja -sukuja, kirjaamaan havaintoja, valokuvaamaan sieni\u00e4 ja tallentamaan sienin\u00e4ytteit\u00e4. Leirit on suunnattu etenkin niille, jotka haluavat oppia tunnistamaan ruokasienten ohella muitakin sieni\u00e4. Voi osallistua, vaikka ei sieni\u00e4 ennest\u00e4\u00e4n kovin hyvin tunne! Hanke tarjoaa opetusta ja v\u00e4lineit\u00e4, leiril\u00e4iset maksavat majoituksensa ja ruokailunsa. Kuljemme retkikohteille kimppakyydein.<\/p>\n<p>Leiril\u00e4isill\u00e4 on hyv\u00e4 olla mukana kamera, hyv\u00e4laatuinen k\u00e4nnykk\u00e4kamera sopii dokumentointiin mainiosti. Oma sienikuivuri kannattaa ottaa mukaan. Leireill\u00e4 kuljetaan paljon maastossa, maastot eiv\u00e4t aina ole aivan helppokulkuisia.<\/p>\n<p>S<smacap>IENIATLASRETKET<\/smacap> ovat muutaman tunnin, puolen p\u00e4iv\u00e4n tai koko p\u00e4iv\u00e4n retki\u00e4, joilla opetellaan sienilajeja ja kartoitetaan kohdealueen sienilajistoa: valokuvataan sieni\u00e4, kirjataan havaintoja ja ker\u00e4t\u00e4\u00e4n n\u00e4ytteit\u00e4. Maastossa liikutaan itsen\u00e4isesti ja pieniss\u00e4 ryhmiss\u00e4. Tauoilla ja p\u00e4iv\u00e4n p\u00e4\u00e4tteeksi kokoonnutaan ja tutustutaan sienil\u00f6yt\u00f6ihin. Kaikenlaisiin sieniin suhtaudutaan yht\u00e4l\u00e4isell\u00e4 innolla. Mukana on asiantuntijoita, jotka paikan p\u00e4\u00e4ll\u00e4 antavat apua sienilajien tunnistamisessa. Osallistujilta edellytet\u00e4\u00e4n kyky\u00e4 kulkea maastossa itsen\u00e4isesti ja kyky\u00e4 tarpeen tullen l\u00f6yt\u00e4\u00e4 omin voimin maastosta pois.<br \/>\n<\/small><\/p>\n<p>5.-6.4. SIENIMIKROSKOPIAKURSSI Konneveden tutkimusasemalla.<\/p>\n<p>Kurssille ovat tervetulleita jo aikaisemmin mikroskooppia k\u00e4ytt\u00e4neet harrastajat. Kurssilla opitaan etsim\u00e4\u00e4n oleellisia helttasienituntomerkkej\u00e4 ja k\u00e4ytt\u00e4m\u00e4\u00e4n t\u00e4rkeit\u00e4 reagensseja. Kurssin vet\u00e4j\u00e4n\u00e4 toimii Mika Toivonen. Kurssi alkaa keskiviikkona klo 10 ja p\u00e4\u00e4ttyy torstaina klo 18.<\/p>\n<p>Kurssin j\u00e4lkeen 6.-9.4. j\u00e4rjestet\u00e4\u00e4n opiskelijoille ja kokeneille harrastajille sienisystematiikan ty\u00f6paja, jolle kurssilaiset voivat halutessaan samalla ilmoittautua. Ty\u00f6pajassa syvennyt\u00e4\u00e4n sienimikroskopiaan itsen\u00e4isesti sek\u00e4 opitaan uutta sienilajistosta ja tutkimuksesta esityksi\u00e4 kuunnellen.<\/p>\n<p>Kurssille mahtuu 8 harrastajaa. Osallistujat otetaan ilmoittautumisj\u00e4rjestyksess\u00e4. Majoitushinnat ovat: 15 \u20ac \/ y\u00f6, vuodevaatteet + pyyhe (pakolliset) 10 \u20ac. Ruokailujen hinnat: aamiainen 5 \u20ac(arkisin) \/ 6 \u20ac (viikonloppuisin), lounas 6 \/ 8 \u20ac, p\u00e4iv\u00e4llinen 8 \/ 10 \u20ac. Majoitustiloissa on keitti\u00f6t omaa ruuanlaittoa varten. Lis\u00e4tiedot ja ilmoittautumiset mikroskopiakurssille<b>: <\/b>mijuto \u00e4t utu piste fi. Sitovat ilmoittautumiset 17.3. menness\u00e4.<\/p>\n<p>18.-19.3. SIENIMIKROSKOPIAKURSSI Oulun yliopistolla.<\/p>\n<p>Kurssi j\u00e4rjestet\u00e4\u00e4n Oulun yliopistolla (Kasvimuseo, Kaitov\u00e4yl\u00e4 5). Mikroskopointikurssi on suunnattu jo aiemmin mikroskooppia k\u00e4ytt\u00e4neille harrastajille, jotka haluavat laajentaa osaamistaan orvakoihin (Corticiaceae). Kurssilla k\u00e4ymme l\u00e4pi esimerkkej\u00e4 eri suvuista ja lajeista. Kurssia on lauantaina klo 9-16 ja sunnuntaina klo 10-15. Kurssi on osallistujille ilmainen. Kurssin vet\u00e4jin\u00e4 toimii Matti Kulju. Kurssille mahtuu 6 harrastajaa. Kurssilaisille on varattu mikroskoopit. Lis\u00e4ksi mukaan p\u00e4\u00e4sev\u00e4t ne, jotka tuovat oman mikroskoopin. Museolla on k\u00e4yt\u00f6ss\u00e4 keitti\u00f6, mikro, j\u00e4\u00e4kaappi ja keittomahdollisuus, joten voit ottaa omat ev\u00e4\u00e4t mukaan. Lis\u00e4tiedot ja ilmoittautumiset: m.kulju@kolumbus.fi tai 044 3357440.<\/p>\n<p>11.-12.3. MIKROSKOPOINTITY\u00d6PAJA Helsingin kasvimuseolla .Suomen sieniseura ry. yhdess\u00e4 Sieniatlaksen kanssa.<\/p>\n<p>28.-29.1. SIENTEN MIKROSKOPOINTIKURSSI Jyv\u00e4skyl\u00e4ss\u00e4.<\/p>\n<p>21.-22.1. SIENTEN MIKROSKOPOINTIKURSSI Oulussa.<\/p>\n","protected":false},"excerpt":{"rendered":"<p>SIENIATLASLEIRIT 2017 25.-27.8. Paltamo 15.-17.9. Rautalampi, Etel\u00e4-Konneveden kansallispuisto. 13.-15.10. Hyrynsalmi, Kainuu. Viel\u00e4 ehdit ilmoittautua Hyrynsalmen leirille! SIENIATLASRETKET 2017 1.9. Keminmaa. <span class=\"more-text\">&hellip;<\/span><\/p>\n","protected":false},"author":7,"featured_media":0,"parent":0,"menu_order":0,"comment_status":"closed","ping_status":"closed","template":"","meta":[],"_links":{"self":[{"href":"https:\/\/sieniatlas.fi\/index.php\/wp-json\/wp\/v2\/pages\/326"}],"collection":[{"href":"https:\/\/sieniatlas.fi\/index.php\/wp-json\/wp\/v2\/pages"}],"about":[{"href":"https:\/\/sieniatlas.fi\/index.php\/wp-json\/wp\/v2\/types\/page"}],"author":[{"embeddable":true,"href":"https:\/\/sieniatlas.fi\/index.php\/wp-json\/wp\/v2\/users\/7"}],"replies":[{"embeddable":true,"href":"https:\/\/sieniatlas.fi\/index.php\/wp-json\/wp\/v2\/comments?post=326"}],"version-history":[{"count":16,"href":"https:\/\/sieniatlas.fi\/index.php\/wp-json\/wp\/v2\/pages\/326\/revisions"}],"predecessor-version":[{"id":567,"href":"https:\/\/sieniatlas.fi\/index.php\/wp-json\/wp\/v2\/pages\/326\/revisions\/567"}],"wp:attachment":[{"href":"https:\/\/sieniatlas.fi\/index.php\/wp-json\/wp\/v2\/media?parent=326"}],"curies":[{"name":"wp","href":"https:\/\/api.w.org\/{rel}","templated":true}]}}