{"id":240,"date":"2017-03-23T08:48:39","date_gmt":"2017-03-23T08:48:39","guid":{"rendered":"http:\/\/sieniatlas.luomus.fi\/?page_id=240"},"modified":"2020-08-12T09:17:47","modified_gmt":"2020-08-12T11:17:47","slug":"lomakeohje","status":"publish","type":"page","link":"https:\/\/sieniatlas.fi\/index.php\/lomakeohje\/","title":{"rendered":"Lomakeohje"},"content":{"rendered":"<p>T\u00e4m\u00e4n ohjeen avulla kirjaudut Lajitietokeskuksen havaintopalvelu Vihkoon ja ilmoitat Sieniatlaslomakkeella sienihavaintoja.<\/p>\n<p>KIRJAUTUMINEN JA PROFIILI<\/p>\n<ul style=\"list-style-type: circle;\">\n<li>Siirry Lajitietokeskuksen sivulle <a href=\"https:\/\/laji.fi\/\" target=\"_blank\" rel=\"noopener noreferrer\">https:\/\/laji.fi\/<\/a><\/li>\n<li>Palveluun pit\u00e4\u00e4 kirjautua. Valitse oikeasta yl\u00e4kulmasta \u201dKirjaudu\u201d.<\/li>\n<li>Voit luoda laji.fi -tunnuksen tai sitten k\u00e4ytt\u00e4\u00e4 jotakin olemassa olevaa tunnistautumistasi (esim. Facebook). Voit valita oikeasta yl\u00e4kulmasta oman nimen alta \u201dProfiili\u201d ja kirjoittaa itsest\u00e4si jotakin tekstilaatikkoon.<\/li>\n<li>Sieniatlaslomakkeelle p\u00e4\u00e4see laji.fi-portaalista valitsemalla yl\u00e4laidasta &#8221;Tallenna havaintoja&#8221; -> &#8221;Sieniatlaslomake&#8221;. Valitse viel\u00e4 &#8221;Ilmoita&#8221;, niin edess\u00e4si on tyhj\u00e4 lomake, jota voit alkaa t\u00e4ytt\u00e4\u00e4.<\/li>\n<li>Sieniatlas-sivuston &#8221;Sieniatlaslomake&#8221; -linkki vie suoraan lomakkeelle.<\/li>\n<\/ul>\n<p>KUINKA SIENIATLASLOMAKE TOIMII<\/p>\n<p>Sieniatlaslomake on hieman muokattu versio Vihkon Retkilomakkeesta, jolla voit ilmoittaa mit\u00e4 hyv\u00e4ns\u00e4 lajihavaintoja. <a href=\"https:\/\/laji.fi\/about\/1107\">Retkilomakkeen k\u00e4ytt\u00f6ohjeeseen <\/a>on syyt\u00e4 tutustua!<\/p>\n<p>Lomakkeella voit ilmoittaa yksitt\u00e4isen havainnon. T\u00e4st\u00e4 on helppo aloittaa. Mutta lomaketta voi k\u00e4ytt\u00e4\u00e4 monipuolisemmin. Yksi lomakkeen t\u00e4ytt\u00f6 muodostaa <strong>Havaintoer\u00e4n<\/strong>: voit yhdell\u00e4 kertaa ilmoittaa saman retken kaikki sienihavainnot.<\/p>\n<p>N\u00c4IN ILMOITAT SIENIHAVAINNON<\/p>\n<p>Ensin ilmoitetaan p\u00e4iv\u00e4m\u00e4\u00e4r\u00e4, paikka ja paikan tietoja, sitten vasta havaitut lajit.<\/p>\n<p>HUOM. Kaikkia lomakkeella olevia tietokentti\u00e4 ei tarvitse t\u00e4ytt\u00e4\u00e4. Havainnot ovat joka tapauksessa t\u00e4rkeit\u00e4 ja hy\u00f6dyllisi\u00e4 ja lis\u00e4\u00e4v\u00e4t tietoa Suomen sienilajistosta! <strong>Muista kuitenkin liitt\u00e4\u00e4 mukaan kuva havainnosta!<\/strong><\/p>\n<ol>\n<li>Merkitse <strong>havaintop\u00e4iv\u00e4m\u00e4\u00e4r\u00e4<\/strong> kohtaan &#8221;Alku&#8221;. Loppup\u00e4iv\u00e4m\u00e4\u00e4r\u00e4kent\u00e4n voi j\u00e4tt\u00e4\u00e4 tyhj\u00e4ksi.<\/li>\n<li>Zoomaa kartta oikeaan kohtaan. Merkitse <strong>l\u00f6yt\u00f6paikka<\/strong> tai retken kohteena ollut alue kartalle mahdollisimman tarkasti. Taustakartan voit vaihtaa vasemmasta yl\u00e4kulmasta. Suomen maastokartta on useimmiten vaihtoehdoista paras.<\/li>\n<li>Kirjaa <strong>tietoja<\/strong> havaitun sienilajin <strong>elinymp\u00e4rist\u00f6st\u00e4<\/strong>. Aloita elinymp\u00e4rist\u00f6n valitseminen klikkaamalla plusmerkki\u00e4. T\u00e4yt\u00e4 my\u00f6s valikot &#8221;Valtapuulaji&#8221; ja \u201dElinymp\u00e4rist\u00f6n lis\u00e4tietoja\u201d. N\u00e4it\u00e4 valikkotietoja kovasti toivomme!\n<ul style=\"list-style-type: circle;\">\n<li>Jos olet ottanut yleiskuvan kasvupaikasta, liit\u00e4 se t\u00e4h\u00e4n.<\/li>\n<\/ul>\n<\/li>\n<li>Kirjoita\/valitse <strong>sienelle lajinimi<\/strong>. Ehdota nime\u00e4! Jos et ole nimest\u00e4 varma, valitse valikosta \u201dEp\u00e4varma\u201d.<\/li>\n<li>Liit\u00e4 <strong>sienest\u00e4 yksi tai useampi kuva<\/strong> niin, ett\u00e4 sienen tuntomerkit n\u00e4kyv\u00e4t hyvin. Katso <a href=\"http:\/\/sieniatlas.fi\/index.php\/sienten-valokuvaaminen-ja-tuntomerkit\/\">Ohje sienten valokuvaamisesta<\/a>.<\/li>\n<li>Huomaa valikko <strong>\u201dKasvualusta\u201d<\/strong>. Kasvualustaan ja kasvupaikan v\u00e4litt\u00f6m\u00e4\u00e4n l\u00e4hiymp\u00e4rist\u00f6\u00f6n liittyvi\u00e4 tietoja kovasti toivomme!\n<ul style=\"list-style-type: circle;\">\n<li>Lis\u00e4\u00e4 valikoita saa esille oikean laidan rattaan takaa (valkoinen ratas sinisell\u00e4 taustalla). N\u00e4it\u00e4 voi valita lomakkeelle tarpeen mukaan.<\/li>\n<\/ul>\n<\/li>\n<li><strong>Tallenna<\/strong> havaintoer\u00e4 julkisena. Lomakkeen tietojen muokkaaminen j\u00e4lkik\u00e4teen on mahdollista: voit viel\u00e4 tehd\u00e4 muutoksia ja t\u00e4smennyksi\u00e4.<\/li>\n<\/ol>\n<p>N\u00c4IN ILMOITAT SAMALTA RETKELT\u00c4 USEAMMAN SIENIHAVAINNON<\/p>\n<p>Mik\u00e4li sienihavainnot ovat samalta alueelta ja samanlaisesta maastosta, voi toimia seuraavasti:<\/p>\n<ul style=\"list-style-type: circle;\">\n<li>Pisteen sijaan kartalle kannattaa rajata <strong>alue.<\/strong><\/li>\n<li>Valitsemalla &#8221;<strong>+ Lis\u00e4\u00e4 havainto<\/strong>&#8221; lomakkeelle ilmestyy uusi havaintorivi, johon voit kirjoittaa seuraavan havaitun lajin.<\/li>\n<li>Tarkan l\u00f6yt\u00f6paikan ilmoittaminen on t\u00e4ss\u00e4kin tapauksessa mahdollista: rivin vasemmassa laidassa on pieni <strong>nastaikoni<\/strong>, klikkaamalla sit\u00e4 nastan voi siirt\u00e4\u00e4 kartalle l\u00f6yt\u00f6paikan kohdalle.<\/li>\n<\/ul>\n<p>LIS\u00c4OHJEITA<\/p>\n<ul style=\"list-style-type: circle;\">\n<li><a href=\"https:\/\/laji.fi\/about\/1107\" target=\"_blank\" rel=\"noopener noreferrer\">Retkilomakkeen k\u00e4ytt\u00f6ohje<\/a> sis\u00e4lt\u00e4\u00e4 paljon t\u00e4rke\u00e4\u00e4 tietoa.<\/li>\n<li>Tutustu ohjeisiin<a href=\"http:\/\/sieniatlas.fi\/index.php\/sienten-valokuvaaminen-ja-tuntomerkit\/\"> Sienten valokuvaaminen ja tuntomerkit<\/a> sek\u00e4 <a href=\"http:\/\/sieniatlas.fi\/index.php\/kasvupaikkatiedon-kirjaaminen\/\">Kasvupaikkatiedon kirjaaminen<\/a>.<\/li>\n<\/ul>\n","protected":false},"excerpt":{"rendered":"<p>T\u00e4m\u00e4n ohjeen avulla kirjaudut Lajitietokeskuksen havaintopalvelu Vihkoon ja ilmoitat Sieniatlaslomakkeella sienihavaintoja. KIRJAUTUMINEN JA PROFIILI Siirry Lajitietokeskuksen sivulle https:\/\/laji.fi\/ Palveluun pit\u00e4\u00e4 <span class=\"more-text\">&hellip;<\/span><\/p>\n","protected":false},"author":7,"featured_media":0,"parent":0,"menu_order":0,"comment_status":"closed","ping_status":"closed","template":"","meta":[],"_links":{"self":[{"href":"https:\/\/sieniatlas.fi\/index.php\/wp-json\/wp\/v2\/pages\/240"}],"collection":[{"href":"https:\/\/sieniatlas.fi\/index.php\/wp-json\/wp\/v2\/pages"}],"about":[{"href":"https:\/\/sieniatlas.fi\/index.php\/wp-json\/wp\/v2\/types\/page"}],"author":[{"embeddable":true,"href":"https:\/\/sieniatlas.fi\/index.php\/wp-json\/wp\/v2\/users\/7"}],"replies":[{"embeddable":true,"href":"https:\/\/sieniatlas.fi\/index.php\/wp-json\/wp\/v2\/comments?post=240"}],"version-history":[{"count":40,"href":"https:\/\/sieniatlas.fi\/index.php\/wp-json\/wp\/v2\/pages\/240\/revisions"}],"predecessor-version":[{"id":3447,"href":"https:\/\/sieniatlas.fi\/index.php\/wp-json\/wp\/v2\/pages\/240\/revisions\/3447"}],"wp:attachment":[{"href":"https:\/\/sieniatlas.fi\/index.php\/wp-json\/wp\/v2\/media?parent=240"}],"curies":[{"name":"wp","href":"https:\/\/api.w.org\/{rel}","templated":true}]}}