{"id":2373,"date":"2020-08-19T04:50:23","date_gmt":"2020-08-19T06:50:23","guid":{"rendered":"http:\/\/sieniatlas.fi\/?page_id=2373"},"modified":"2020-08-19T04:50:23","modified_gmt":"2020-08-19T06:50:23","slug":"amanita-kirjallisuus","status":"publish","type":"page","link":"https:\/\/sieniatlas.fi\/index.php\/amanita-kirjallisuus\/","title":{"rendered":"Katsaus kirjallisuuteen &#8211; k\u00e4rp\u00e4ssienet"},"content":{"rendered":"<p><a href=\"#kirjallisuus\">Kirjallisuusviitteit\u00e4<\/a><\/p>\n<p>Suomen yleisimm\u00e4t k\u00e4rp\u00e4ssienilajit on esitelty perusteellisesti ruokasieniin painottuvassa kirjallisuudessa. Yleisimpien lajien osalta uutta tutkimustietoa ei ole ilmaantunut.<\/p>\n<p>Suomen renkaattomia k\u00e4rp\u00e4ssieni\u00e4 on pitk\u00e4\u00e4n tutkinut <em>Paavo H\u00f6ijer<\/em>. Yhteisty\u00f6ss\u00e4 <em>Kare Liimataisen<\/em> ja <em>Tuula Niskasen<\/em> kanssa suomalaisia ker\u00e4yksi\u00e4 tutkittu my\u00f6s DNA-menetelmin. Pitk\u00e4aikainen perehtyminen sek\u00e4 uusien menetelmien hy\u00f6dynt\u00e4minen ovat merkitt\u00e4v\u00e4sti lis\u00e4nneet tietoa Suomen lajistosta. Viimeisimm\u00e4ss\u00e4 artikkelissa (H\u00f6ijer 2015) n\u00e4it\u00e4 tutkimustuloksia on jo voitu ottaa huomioon. Renkaattomista k\u00e4rp\u00e4ssienist\u00e4 kiinnostuneille artikkeli on erityisen t\u00e4rke\u00e4, koska se sis\u00e4lt\u00e4\u00e4 hyv\u00e4n johdatuksen k\u00e4rp\u00e4ssienten tutkimiseen.<\/p>\n<p>Tuoreimmat monografiat eurooppalaisesta k\u00e4rp\u00e4ssienilajistosta ovat ranskankielisi\u00e4, eiv\u00e4tk\u00e4 nek\u00e4\u00e4n ole en\u00e4\u00e4 ajan tasalla. Perusteellisen ja ajan tasalla olevan johdatuksen renkaattomiin k\u00e4rp\u00e4ssieniin sis\u00e4lt\u00e4\u00e4 Hanss &#038; Moreau (2017), jossa on my\u00f6s havainnollisia piirroskuvia. Tunturilajistosta on ilmestynyt hyv\u00e4 artikkeli Svensk Mykologisk Tidskriftiss\u00e4 (Rune 2006).<\/p>\n<p>Alla olevassa luettelossa on my\u00f6s hieman vanhempia artikkeleita. Kun niihin perehtyy, on syyt\u00e4 aina pit\u00e4\u00e4 mieless\u00e4, ett\u00e4 k\u00e4sitykset lajeista ja nimist\u00e4 ovat saattaneet aivan viime aikoinakin muuttua. Syyn\u00e4 on etenkin DNA-menetelmien tulo mukaan tutkimuksiin.<\/p>\n<p>K\u00e4ytt\u00f6kelpoinen, jatkuvasti p\u00e4ivitett\u00e4v\u00e4 resurssi koko maailman k\u00e4rp\u00e4ssienilajistoon on <em>Rod Tullossin<\/em> yll\u00e4pit\u00e4m\u00e4 Amanitaceae.org-sivusto.<\/p>\n<p><a href=\"#kirjallisuus\"><spec>Kirjallisuusviitteit\u00e4:<spec><\/a><\/p>\n<p><small><\/p>\n<p class=\"hangingindent\">\nConsiglio, G., &#038; M. Contu. 1999. \u2014 <em>Amanita dryophila<\/em> (Amanitaceae) spec. nov. and the species of the section <em>Vaginatae<\/em> with a semifriable universal veil and ellipsoid spores. <em>Persoonia<\/em>, 17 (2), p. 287-290.\n<\/p>\n<p class=\"hangingindent\">\nContu, M. 2003. \u2014 A revised key to <em>Amanita<\/em>, section <em>Vaginatae<\/em> (Fr.) Qu\u00e9l. in Europe. <em>Field Mycol.<\/em>, 4, p. 128-136.\n<\/p>\n<p class=\"hangingindent\">\nFraiture, A. 2014. \u2014 <em>Amanita simulans<\/em>, a species little known in Belgium. <em>Steerbeckia<\/em>, 33, p. 3-8.\n<\/p>\n<p class=\"hangingindent\">\nH\u00f6ijer, P. 2015. \u2014 K\u00e4rp\u00e4ssienten renkaattomat lajit Suomessa. <em>Sienilehti<\/em>, 67(3), p. 67-71.\n<\/p>\n<p class=\"hangingindent\">\nLarsson, E., G. Gulden, M. Jeppson &#038; J. Vauras 2015. \u2014 Svampar i fj\u00e4llen. <em>Sveriges Mykologikt Tidskrift<\/em>, 36(2), p. 2-54.\n<\/p>\n<p class=\"hangingindent\">\nRune, F. 2006. \u2014 Kamskivlingar (<em>Amanita<\/em> section <em>Vaginatae<\/em>) i subarktis och skandinaviska h\u00f6gfj\u00e4ll. <em>Sveriges Mykologikt Tidskrift<\/em>, 36(2), p. 2-54.\n<\/p>\n<p class=\"hangingindent\">\nTulloss, R. E. 1993. \u2014 <em>Amanita pachysperma, Amanita subvirginiana<\/em>, and <em>Amanita virginiana<\/em> (Taxonomy and distribution) with notes on description of the lamella trama in <em>Amanita<\/em>. <em>Mycotaxon<\/em>, 49, p. 449-475.\n<\/p>\n<p class=\"hangingindent\">\nTulloss, R.E. 1994. \u2014 Type studies in <em>Amanita<\/em> section <em>Vaginatae<\/em> I : some taxa described in this century (studies 1-23) with notes on description of spore and refractive hyphae in <em>Amanita<\/em>. <em>Myxotaxon<\/em>, 52, p. 305-396.\n<\/p>\n<p class=\"hangingindent\">\nVizzini, A., M. Zotti, M. Traverso, E. Rrcole, P.-A. Moreau, G. Kibby, G. Consiglio, A.P. Cullington, J.-M. Moingeon &#038; U. Peintner. 2016. \u2014 Variability, host range, delimitation and neotypification of <em>Amanita simulans<\/em> (<em>Amanita<\/em> section <em>Vaginatae<\/em>): collections associated with <em>Helianthemum<\/em> grasslands, and epitypification of <em>A. lividopallescens<\/em>. <em>Phytotaxa<\/em>, 280 (1), p. 1-22.\n<\/p>\n<p><\/small><\/p>\n<nav class=\"navigation post-navigation\" role=\"navigation\">\n<h2 class=\"screen-reader-text\">Amanitan selaus<\/h2>\n<div class=\"nav-links\">\n<div class=\"nav-previous\"><a href=\"http:\/\/sieniatlas.fi\/index.php\/amanita-sektio-vaginatae\/\" rel=\"prev\"><span class=\"nav-link-text\">Edellinen<\/span><\/p>\n<h3 class=\"entry-title\">Renkaattomat k\u00e4rp\u00e4ssienet<\/h3>\n<p><\/a><\/div>\n<div class=\"nav-next\"><a href=\"http:\/\/sieniatlas.fi\/index.php\/karpassienet-amanita\/\" rel=\"next\"><span class=\"nav-link-text\">Seuraava<\/span><\/p>\n<h3 class=\"entry-title\">K\u00e4rp\u00e4ssienet &#8211; Amanita (takaisin alkuun)<\/h3>\n<p><\/a><\/div>\n<\/div>\n<\/nav>\n<div class=\"foo\">\n<p>Mika Toivonen 5.8.2020. Last update: 5.8.2020<\/p>\n<\/div>\n","protected":false},"excerpt":{"rendered":"<p>Kirjallisuusviitteit\u00e4 Suomen yleisimm\u00e4t k\u00e4rp\u00e4ssienilajit on esitelty perusteellisesti ruokasieniin painottuvassa kirjallisuudessa. Yleisimpien lajien osalta uutta tutkimustietoa ei ole ilmaantunut. Suomen renkaattomia <span class=\"more-text\">&hellip;<\/span><\/p>\n","protected":false},"author":7,"featured_media":0,"parent":0,"menu_order":0,"comment_status":"closed","ping_status":"closed","template":"","meta":[],"_links":{"self":[{"href":"https:\/\/sieniatlas.fi\/index.php\/wp-json\/wp\/v2\/pages\/2373"}],"collection":[{"href":"https:\/\/sieniatlas.fi\/index.php\/wp-json\/wp\/v2\/pages"}],"about":[{"href":"https:\/\/sieniatlas.fi\/index.php\/wp-json\/wp\/v2\/types\/page"}],"author":[{"embeddable":true,"href":"https:\/\/sieniatlas.fi\/index.php\/wp-json\/wp\/v2\/users\/7"}],"replies":[{"embeddable":true,"href":"https:\/\/sieniatlas.fi\/index.php\/wp-json\/wp\/v2\/comments?post=2373"}],"version-history":[{"count":53,"href":"https:\/\/sieniatlas.fi\/index.php\/wp-json\/wp\/v2\/pages\/2373\/revisions"}],"predecessor-version":[{"id":3366,"href":"https:\/\/sieniatlas.fi\/index.php\/wp-json\/wp\/v2\/pages\/2373\/revisions\/3366"}],"wp:attachment":[{"href":"https:\/\/sieniatlas.fi\/index.php\/wp-json\/wp\/v2\/media?parent=2373"}],"curies":[{"name":"wp","href":"https:\/\/api.w.org\/{rel}","templated":true}]}}