{"id":2356,"date":"2020-08-05T10:19:37","date_gmt":"2020-08-05T12:19:37","guid":{"rendered":"http:\/\/sieniatlas.fi\/?page_id=2356"},"modified":"2020-08-05T12:29:39","modified_gmt":"2020-08-05T14:29:39","slug":"amanita-sektio-phalloidae","status":"publish","type":"page","link":"https:\/\/sieniatlas.fi\/index.php\/amanita-sektio-phalloidae\/","title":{"rendered":"Valko- ja kavalak\u00e4rp\u00e4ssieni &#8211; sektio Phalloidae"},"content":{"rendered":"<p><a href=\"#virosa\">valkok\u00e4rp\u00e4ssieni <em>A. virosa<\/em><\/a><br \/>\n<a href=\"#phalloides\">kavalak\u00e4rp\u00e4ssieni <em>A. phalloides<\/em><\/a><\/p>\n<p>Lajeja tunnetaan Suomesta ja Pohjoismaista kaksi. Yhteist\u00e4 tuntomerkkej\u00e4 ovat:<\/p>\n<div class=\"ulheight\">\n<ul>\n<li>Lakin reuna ei ole uurteinen.\n<\/li>\n<li>Ulkosuojuksesta ei yleens\u00e4 j\u00e4\u00e4 lakin pinnalle l\u00e4iski\u00e4, muutamia voi j\u00e4\u00e4d\u00e4.\n<\/li>\n<li>Helttoja peitt\u00e4neest\u00e4 suojuksesta j\u00e4\u00e4 jalkaan ohut rengas.\n<\/li>\n<li>Jalassa tyvell\u00e4 on v\u00e4lj\u00e4 tuppi.\n<\/li>\n<li>Iti\u00f6t ovat amyloideja.\n<\/li>\n<\/ul>\n<p><a name=\"virosa\"><spec>valkok\u00e4rp\u00e4ssieni<\/spec><\/a>&#160;&#160;<specita>A. virosa<\/specita><\/p>\n<figure id=\"attachment_2579\" aria-describedby=\"caption-attachment-2579\" style=\"width: 840px\" class=\"wp-caption alignnone\"><img loading=\"lazy\" src=\"http:\/\/sieniatlas.fi\/wp-content\/uploads\/2020\/06\/valkokarpass-JVauras-jx138803-840cn.jpg\" alt=\"\" width=\"840\" height=\"531\" class=\"size-full wp-image-2579\" srcset=\"https:\/\/sieniatlas.fi\/wp-content\/uploads\/2020\/06\/valkokarpass-JVauras-jx138803-840cn.jpg 840w, https:\/\/sieniatlas.fi\/wp-content\/uploads\/2020\/06\/valkokarpass-JVauras-jx138803-840cn-300x190.jpg 300w, https:\/\/sieniatlas.fi\/wp-content\/uploads\/2020\/06\/valkokarpass-JVauras-jx138803-840cn-768x485.jpg 768w\" sizes=\"(max-width: 840px) 100vw, 840px\" \/><figcaption id=\"caption-attachment-2579\" class=\"wp-caption-text\">K<smacap>UVA 1.<\/smacap><smapic> Valkok\u00e4rp\u00e4ssieni\u00e4 <em>A. virosa<\/em>, tuoreessa kuusimets\u00e4ss\u00e4. Kuva: Jukka Vauras.<\/figcaption><\/figure>\n<p>Valkok\u00e4rp\u00e4ssieni on kauttaaltaan l\u00e4hes valkoinen sieni. Kellert\u00e4vyytt\u00e4 tai pient\u00e4 punertuvuutta voi olla. Lakki on ep\u00e4s\u00e4\u00e4nn\u00f6llisen muotoinen ja aika ohutmaltoinen, vanhemmiten roikkuva. Suojusj\u00e4tteit\u00e4 lajin p\u00e4\u00e4ll\u00e4 harvemmin on. Rengas on hauras. Jalka on renkaan alapuolelta suomuinen&#8211;hahtuvainen. Nuoret iti\u00f6em\u00e4t eiv\u00e4t juuri tuoksu, vanhemmiten tuoksu on makeahko.<\/p>\n<p>Valkok\u00e4rp\u00e4ssieni kasvaa Suomessa etenkin havu- ja sekametsiss\u00e4. Laji on hyvin yleinen, mutta harvinaistuu pohjoista kohti.<\/p>\n<p><a name=\"phalloides\"><spec>kavalak\u00e4rp\u00e4ssieni<\/spec><\/a>&#160;&#160;<specita>A. phalloides<\/specita><\/p>\n<figure id=\"attachment_2510\" aria-describedby=\"caption-attachment-2510\" style=\"width: 840px\" class=\"wp-caption alignnone\"><img loading=\"lazy\" src=\"http:\/\/sieniatlas.fi\/wp-content\/uploads\/2020\/06\/Aman-phalloides-JV32689-TUR-A-208399-840cn.jpg\" alt=\"\" width=\"840\" height=\"545\" class=\"size-full wp-image-2510\" srcset=\"https:\/\/sieniatlas.fi\/wp-content\/uploads\/2020\/06\/Aman-phalloides-JV32689-TUR-A-208399-840cn.jpg 840w, https:\/\/sieniatlas.fi\/wp-content\/uploads\/2020\/06\/Aman-phalloides-JV32689-TUR-A-208399-840cn-300x195.jpg 300w, https:\/\/sieniatlas.fi\/wp-content\/uploads\/2020\/06\/Aman-phalloides-JV32689-TUR-A-208399-840cn-768x498.jpg 768w\" sizes=\"(max-width: 840px) 100vw, 840px\" \/><figcaption id=\"caption-attachment-2510\" class=\"wp-caption-text\">K<smacap>UVA 2.<\/smacap><smapic> Kavalak\u00e4rp\u00e4ssieni\u00e4 <em>A. phalloides<\/em>, tammivaltaisessa mets\u00e4ss\u00e4, kalkkipitoisella multamaalla. Kuva: Jukka Vauras.<\/figcaption><\/figure>\n<p>Kavalak\u00e4rp\u00e4ssieni on vaihtelevan v\u00e4rinen sieni. Lakki on s\u00e4ikeisen n\u00e4k\u00f6isesti hieman kirjava, yleens\u00e4 kellert\u00e4v\u00e4n- tai tummanvihert\u00e4v\u00e4, joukossa on harmaan ja ruskean s\u00e4vyj\u00e4, reunoilta lakki on usein vaalein. Suojusj\u00e4tteit\u00e4 lajin p\u00e4\u00e4ll\u00e4 on harvemmin, jos on, niin yleens\u00e4 yksi iso l\u00e4isk\u00e4. Jalka on valkoinen, renkaan alapuolelta suomuinen&#8211;hahtuvainen. Sienen tuoksu on etenkin vanhemmiten hyvin voimakas, makea muttei erityisen miellytt\u00e4v\u00e4.<\/p>\n<p>Suomessa kavalak\u00e4rp\u00e4ssieni kasvaa ainakin jalopuulehdoissa, muualla lajin on raportoitu kasvavan monen eri puulajin, my\u00f6s havupuiden kanssa.<\/p>\n<p>Kavalak\u00e4rp\u00e4ssienest\u00e4 tunnetaan valkoinen muoto (kuva 4). Ilmi\u00f6 ei ylip\u00e4\u00e4t\u00e4ns\u00e4 ole k\u00e4rp\u00e4ssienten kohdalla hirve\u00e4n harvinainen. Renkaattomissa k\u00e4rp\u00e4ssieniss\u00e4 valkoisia lajeja on useita. Jos valkoisia k\u00e4rp\u00e4ssieni\u00e4 (muita kuin valkok\u00e4rp\u00e4ssieni\u00e4) l\u00f6yt\u00e4\u00e4, kannattaa kuitenkin katsella hieman ymp\u00e4rilleen ja selvitt\u00e4\u00e4, mit\u00e4 muita k\u00e4rp\u00e4ssieni\u00e4 l\u00e4hell\u00e4 kasvaa.<\/p>\n<figure id=\"attachment_2511\" aria-describedby=\"caption-attachment-2511\" style=\"width: 840px\" class=\"wp-caption alignnone\"><img loading=\"lazy\" src=\"http:\/\/sieniatlas.fi\/wp-content\/uploads\/2020\/06\/Aman-phalloides-f-alba-JV32690-TUR-A-208451-840cn.jpg\" alt=\"\" width=\"840\" height=\"590\" class=\"size-full wp-image-2511\" srcset=\"https:\/\/sieniatlas.fi\/wp-content\/uploads\/2020\/06\/Aman-phalloides-f-alba-JV32690-TUR-A-208451-840cn.jpg 840w, https:\/\/sieniatlas.fi\/wp-content\/uploads\/2020\/06\/Aman-phalloides-f-alba-JV32690-TUR-A-208451-840cn-300x211.jpg 300w, https:\/\/sieniatlas.fi\/wp-content\/uploads\/2020\/06\/Aman-phalloides-f-alba-JV32690-TUR-A-208451-840cn-768x539.jpg 768w\" sizes=\"(max-width: 840px) 100vw, 840px\" \/><figcaption id=\"caption-attachment-2511\" class=\"wp-caption-text\">K<smacap>UVA 3.<\/smacap><smapic> Valkoisia kavalak\u00e4rp\u00e4ssieni\u00e4 <em>A. phalloides<\/em> forma <em>alba<\/em>, tammivaltaisessa mets\u00e4ss\u00e4, kalkkipitoisella multamaalla. Kuva: Jukka Vauras.<\/figcaption><\/figure>\n<p>A<smacap>RTIKKELIKUVA:<\/smacap><smapic> Kavalak\u00e4rp\u00e4ssieni\u00e4 <em>A. phalloides<\/em>, puistonurmikolla lehmusten l\u00e4hell\u00e4. Kuva: Jukka Vauras.<\/p>\n<nav class=\"navigation post-navigation\" role=\"navigation\">\n<h2 class=\"screen-reader-text\">Amanitan selaus<\/h2>\n<div class=\"nav-links\">\n<div class=\"nav-previous\"><a href=\"http:\/\/sieniatlas.fi\/index.php\/amanita-sektio-validae\/\" rel=\"prev\"><span class=\"nav-link-text\">Edellinen<\/span><\/p>\n<h3 class=\"entry-title\">Rusok\u00e4rp\u00e4ssieni ja l\u00e4hilajit<\/h3>\n<p><\/a><\/div>\n<div class=\"nav-next\"><a href=\"http:\/\/sieniatlas.fi\/index.php\/amanita-sektio-vaginatae\/\" rel=\"next\"><span class=\"nav-link-text\">Seuraava<\/span><\/p>\n<h3 class=\"entry-title\">Renkaattomat k\u00e4rp\u00e4ssienet<\/h3>\n<p><\/a><\/div>\n<\/div>\n<\/nav>\n<div class=\"foo\">\n<p>Mika Toivonen 5.8.2020. Last update: 5.8.2020<\/p>\n<\/div>\n","protected":false},"excerpt":{"rendered":"<p>valkok\u00e4rp\u00e4ssieni A. virosa kavalak\u00e4rp\u00e4ssieni A. phalloides Lajeja tunnetaan Suomesta ja Pohjoismaista kaksi. Yhteist\u00e4 tuntomerkkej\u00e4 ovat: Lakin reuna ei ole uurteinen. <span class=\"more-text\">&hellip;<\/span><\/p>\n","protected":false},"author":7,"featured_media":2617,"parent":0,"menu_order":0,"comment_status":"closed","ping_status":"closed","template":"","meta":[],"_links":{"self":[{"href":"https:\/\/sieniatlas.fi\/index.php\/wp-json\/wp\/v2\/pages\/2356"}],"collection":[{"href":"https:\/\/sieniatlas.fi\/index.php\/wp-json\/wp\/v2\/pages"}],"about":[{"href":"https:\/\/sieniatlas.fi\/index.php\/wp-json\/wp\/v2\/types\/page"}],"author":[{"embeddable":true,"href":"https:\/\/sieniatlas.fi\/index.php\/wp-json\/wp\/v2\/users\/7"}],"replies":[{"embeddable":true,"href":"https:\/\/sieniatlas.fi\/index.php\/wp-json\/wp\/v2\/comments?post=2356"}],"version-history":[{"count":41,"href":"https:\/\/sieniatlas.fi\/index.php\/wp-json\/wp\/v2\/pages\/2356\/revisions"}],"predecessor-version":[{"id":3395,"href":"https:\/\/sieniatlas.fi\/index.php\/wp-json\/wp\/v2\/pages\/2356\/revisions\/3395"}],"wp:featuredmedia":[{"embeddable":true,"href":"https:\/\/sieniatlas.fi\/index.php\/wp-json\/wp\/v2\/media\/2617"}],"wp:attachment":[{"href":"https:\/\/sieniatlas.fi\/index.php\/wp-json\/wp\/v2\/media?parent=2356"}],"curies":[{"name":"wp","href":"https:\/\/api.w.org\/{rel}","templated":true}]}}