{"id":235,"date":"2017-03-23T08:37:24","date_gmt":"2017-03-23T08:37:24","guid":{"rendered":"http:\/\/sieniatlas.luomus.fi\/?page_id=235"},"modified":"2018-11-27T08:24:11","modified_gmt":"2018-11-27T10:24:11","slug":"kaavakkaan-keraaminen-ja-kuivaaminen-naytteeksi","status":"publish","type":"page","link":"https:\/\/sieniatlas.fi\/index.php\/kaavakkaan-keraaminen-ja-kuivaaminen-naytteeksi\/","title":{"rendered":"K\u00e4\u00e4v\u00e4kk\u00e4\u00e4n ker\u00e4\u00e4minen ja kuivaaminen n\u00e4ytteeksi"},"content":{"rendered":"<p>Suurin osa k\u00e4\u00e4v\u00e4kk\u00e4ist\u00e4 (k\u00e4\u00e4v\u00e4t ja orvakat) on puuaineksella kasvavia ja niiden ker\u00e4ys ja k\u00e4sittely poikkeavat hieman helttasienist\u00e4. Maassa kasvavien lajien osalta voit aika pitk\u00e4lle noudattaa helttasieniohjeita.<\/p>\n<p>K\u00e4\u00e4v\u00e4kk\u00e4ist\u00e4 osa on monivuotisia. T\u00e4llaisten kokonaisten iti\u00f6emien ker\u00e4\u00e4mist\u00e4 pit\u00e4isi v\u00e4ltt\u00e4\u00e4. K\u00e4\u00e4pi\u00e4 saa jokamiehenoikeudella ker\u00e4t\u00e4 puuta vahingoittamatta, mutta luonnonsuojelualueilta k\u00e4\u00e4pien ker\u00e4\u00e4minen on kielletty.<\/p>\n<p>KER\u00c4\u00c4MINEN<\/p>\n<ol>\n<li>Suurista k\u00e4\u00e4vist\u00e4 voit lohkaista vain palan, kunhan iti\u00f6em\u00e4n kasvutapa ja muoto tulee selv\u00e4sti esille. Pinnanmy\u00f6t\u00e4isist\u00e4 lajeista riitt\u00e4\u00e4 samoin pala iti\u00f6em\u00e4st\u00e4. T\u00e4rke\u00e4\u00e4 on, ett\u00e4 mukaan tulee sek\u00e4 reunaa ett\u00e4 keskiosaa.<\/li>\n<li>Lakillisista lajeista n\u00e4ytteeksi riitt\u00e4\u00e4 yksikin iti\u00f6em\u00e4, kunhan se on t\u00e4ysikasvuinen. Jos laji on hyvin pieni tai ulkon\u00e4\u00f6ss\u00e4 on vaihtelua, ker\u00e4\u00e4 useampia iti\u00f6emi\u00e4.<\/li>\n<li>Kun laji kasvaa kuolleessa puussa, lohkaise pala puuta mukaan.<\/li>\n<li>N\u00e4ytteeksi ker\u00e4ttyjen joukossa tulee olla samoja iti\u00f6emi\u00e4 kuin valokuvassa on.<\/li>\n<\/ol>\n<p>KUIVAAMINEN<\/p>\n<ol>\n<li>Kuivaa sieni vasta sen j\u00e4lkeen, kun olet tallentanut tiedot Sieniatlaslomakkeelle.<\/li>\n<li><strong>Kirjoita pienelle lapulle kunkin sienen tunnistenumero ja aseta lappu n\u00e4ytteen viereen kuivuriin.<\/strong><\/li>\n<li>Kuivatus tehd\u00e4\u00e4n kuten helttasienill\u00e4, mahdollisimman nopeasti.<\/li>\n<\/ol>\n<p>S\u00c4ILYTT\u00c4MINEN JA L\u00c4HETT\u00c4MINEN<\/p>\n<ol>\n<li>K\u00e4\u00e4v\u00e4kk\u00e4\u00e4t ovat useimmiten helttasieni\u00e4 kovempia ja siten helpompia k\u00e4sitell\u00e4, eiv\u00e4tk\u00e4 ne ole kuivanakaan hauraita. Jos n\u00e4yte ei ole hauras, sen voi laittaa salpapussiin (minigrip) ilman pehmusteita tai alustoja.<\/li>\n<li><strong>Pussin sis\u00e4\u00e4n tai p\u00e4\u00e4lle pit\u00e4\u00e4 liitt\u00e4\u00e4 tunnistenumero. Vain yksi havainto (yksi n\u00e4yte) yhteen pussiin.<\/strong><\/li>\n<li>K\u00e4\u00e4v\u00e4k\u00e4sn\u00e4ytteiden mukana saattaa tulla hy\u00f6nteisi\u00e4, jotka tuhoavat n\u00e4ytteen. Helpoin keino hy\u00f6nteisten h\u00e4vitt\u00e4miseksi on laittaa kuivatut ja pussitetut n\u00e4ytteet pakastimeen pariksi viikoksi (-20\u00b0C). K\u00e4\u00e4v\u00e4k\u00e4sn\u00e4ytteet on syyt\u00e4 s\u00e4il\u00f6\u00e4 salpapusseissa (minigrip).<\/li>\n<\/ol>\n<p><center><br \/>\nVIDEO-ESITTELY: K\u00c4\u00c4V\u00c4K\u00c4SN\u00c4YTTEEN KER\u00c4\u00c4MINEN<\/p>\n<p>\n<!-- iframe plugin v.4.5 wordpress.org\/plugins\/iframe\/ -->\n<iframe width=\"700\" height=\"400\" src=\"https:\/\/www.youtube.com\/embed\/lEiD1Iu5hnM\" frameborder=\"0\" allow=\"accelerometer; autoplay; encrypted-media; gyroscope; picture-in-picture\" 0=\"allowfullscreen\" scrolling=\"yes\" class=\"iframe-class\"><\/iframe>\n<br \/>\n<\\center><\/p>\n","protected":false},"excerpt":{"rendered":"<p>Suurin osa k\u00e4\u00e4v\u00e4kk\u00e4ist\u00e4 (k\u00e4\u00e4v\u00e4t ja orvakat) on puuaineksella kasvavia ja niiden ker\u00e4ys ja k\u00e4sittely poikkeavat hieman helttasienist\u00e4. Maassa kasvavien lajien <span class=\"more-text\">&hellip;<\/span><\/p>\n","protected":false},"author":7,"featured_media":0,"parent":0,"menu_order":0,"comment_status":"closed","ping_status":"closed","template":"","meta":[],"_links":{"self":[{"href":"https:\/\/sieniatlas.fi\/index.php\/wp-json\/wp\/v2\/pages\/235"}],"collection":[{"href":"https:\/\/sieniatlas.fi\/index.php\/wp-json\/wp\/v2\/pages"}],"about":[{"href":"https:\/\/sieniatlas.fi\/index.php\/wp-json\/wp\/v2\/types\/page"}],"author":[{"embeddable":true,"href":"https:\/\/sieniatlas.fi\/index.php\/wp-json\/wp\/v2\/users\/7"}],"replies":[{"embeddable":true,"href":"https:\/\/sieniatlas.fi\/index.php\/wp-json\/wp\/v2\/comments?post=235"}],"version-history":[{"count":6,"href":"https:\/\/sieniatlas.fi\/index.php\/wp-json\/wp\/v2\/pages\/235\/revisions"}],"predecessor-version":[{"id":722,"href":"https:\/\/sieniatlas.fi\/index.php\/wp-json\/wp\/v2\/pages\/235\/revisions\/722"}],"wp:attachment":[{"href":"https:\/\/sieniatlas.fi\/index.php\/wp-json\/wp\/v2\/media?parent=235"}],"curies":[{"name":"wp","href":"https:\/\/api.w.org\/{rel}","templated":true}]}}