{"id":2344,"date":"2020-08-05T12:26:31","date_gmt":"2020-08-05T14:26:31","guid":{"rendered":"http:\/\/sieniatlas.fi\/?page_id=2344"},"modified":"2020-08-05T12:26:31","modified_gmt":"2020-08-05T14:26:31","slug":"amanita-sektio-amanita","status":"publish","type":"page","link":"https:\/\/sieniatlas.fi\/index.php\/amanita-sektio-amanita\/","title":{"rendered":"Punak\u00e4rp\u00e4ssieni ja l\u00e4hilajit &#8211; sektio Amanita"},"content":{"rendered":"<p><a href=\"#muscaria\">punak\u00e4rp\u00e4ssieni <em>A. muscaria<\/em><\/a><br \/>\n<a href=\"#regalis\">ruskok\u00e4rp\u00e4ssieni <em>A. regalis<\/em><\/a><br \/>\n<a href=\"#pantherina\">pantterik\u00e4rp\u00e4ssieni <em>A. pantherina<\/em><\/a><br \/>\n<a href=\"#gemmata\">narsissik\u00e4rp\u00e4ssieni <em>A. gemmata<\/em><\/a><\/p>\n<p>Lajeja on Suomesta tunnistettu nelj\u00e4. Yhteist\u00e4 tuntomerkkej\u00e4 ovat:<\/p>\n<div class=\"ulheight\">\n<ul>\n<li>Lakin reuna ei ole uurteinen.\n<\/li>\n<li>Ulkosuojuksesta j\u00e4\u00e4 lakin p\u00e4\u00e4lle useita valkoisia (ruskok\u00e4rp\u00e4ssienell\u00e4 kellert\u00e4vi\u00e4) l\u00e4iski\u00e4. L\u00e4iskien m\u00e4\u00e4r\u00e4 vaihtelee ja mm. sade voi huuhtoa ne pois.\n<\/li>\n<li>Helttoja peitt\u00e4neest\u00e4 suojuksesta j\u00e4\u00e4 jalkaan rengas.\n<\/li>\n<li>Jalassa on tyvipaksunnos, v\u00e4lj\u00e4\u00e4 irtonaista tuppea ei ole.\n<\/li>\n<li>Iti\u00f6t ovat inamyloideja.\n<\/li>\n<\/ul>\n<\/div>\n<p>Rusok\u00e4rp\u00e4ssieni ja sen l\u00e4hilajit ovat aika samann\u00e4k\u00f6isi\u00e4, vaikka kovin l\u00e4heist\u00e4 sukua ne eiv\u00e4t ole.<\/p>\n<p><a name=\"muscaria\"><spec>punak\u00e4rp\u00e4ssieni<\/spec><\/a>&#160;&#160;<specita>A. muscaria<\/specita><\/p>\n<figure id=\"attachment_2586\" aria-describedby=\"caption-attachment-2586\" style=\"width: 840px\" class=\"wp-caption alignnone\"><img loading=\"lazy\" src=\"http:\/\/sieniatlas.fi\/wp-content\/uploads\/2020\/06\/Aman-muscaria-JV17771F-TUR-A144505-840n.jpg\" alt=\"\" width=\"840\" height=\"544\" class=\"size-full wp-image-2586\" srcset=\"https:\/\/sieniatlas.fi\/wp-content\/uploads\/2020\/06\/Aman-muscaria-JV17771F-TUR-A144505-840n.jpg 840w, https:\/\/sieniatlas.fi\/wp-content\/uploads\/2020\/06\/Aman-muscaria-JV17771F-TUR-A144505-840n-300x194.jpg 300w, https:\/\/sieniatlas.fi\/wp-content\/uploads\/2020\/06\/Aman-muscaria-JV17771F-TUR-A144505-840n-768x497.jpg 768w\" sizes=\"(max-width: 840px) 100vw, 840px\" \/><figcaption id=\"caption-attachment-2586\" class=\"wp-caption-text\">K<smacap>UVA 1.<\/smacap><smapic> Punak\u00e4rp\u00e4ssieni\u00e4 <em>A. muscaria<\/em>, kirkkomaa, nurmikolla l\u00e4hell\u00e4 m\u00e4ntyj\u00e4 ja koivuja. Kuva: Jukka Vauras.<\/figcaption><\/figure>\n<p>Punak\u00e4rp\u00e4ssieni on yleens\u00e4 hyvin helppo tunnistaa. Lakin l\u00e4isk\u00e4t ovat valkoisia, mutta l\u00e4iski\u00e4 ei lakissa aina ole. Laji kasvaa ainakin koivun seurassa.<\/p>\n<p><a name=\"regalis\"><spec>ruskok\u00e4rp\u00e4ssieni<\/spec><\/a>&#160;&#160;<specita>A. regalis<\/specita><\/p>\n<figure id=\"attachment_2499\" aria-describedby=\"caption-attachment-2499\" style=\"width: 900px\" class=\"wp-caption alignnone\"><img loading=\"lazy\" src=\"http:\/\/sieniatlas.fi\/wp-content\/uploads\/2020\/06\/Aman-regalis-JV24063F-TUR-A176495-840n.jpg\" alt=\"\" width=\"900\" height=\"594\" class=\"size-full wp-image-2499\" srcset=\"https:\/\/sieniatlas.fi\/wp-content\/uploads\/2020\/06\/Aman-regalis-JV24063F-TUR-A176495-840n.jpg 900w, https:\/\/sieniatlas.fi\/wp-content\/uploads\/2020\/06\/Aman-regalis-JV24063F-TUR-A176495-840n-300x198.jpg 300w, https:\/\/sieniatlas.fi\/wp-content\/uploads\/2020\/06\/Aman-regalis-JV24063F-TUR-A176495-840n-768x507.jpg 768w\" sizes=\"(max-width: 900px) 100vw, 900px\" \/><figcaption id=\"caption-attachment-2499\" class=\"wp-caption-text\">K<smacap>UVA 2.<\/smacap><smapic> Ruskok\u00e4rp\u00e4ssieni\u00e4 <em>A. regalis<\/em>, metsitetty pelto, istutuskuusikko. Kuva: Jukka Vauras.<\/figcaption><\/figure>\n<p>Ruskok\u00e4rp\u00e4ssieni on aivan punak\u00e4rp\u00e4ssienen oloinen, mutta sen verran eri v\u00e4rinen, ett\u00e4 tunnistaminen onnistuu useimmiten vaivatta. Lakki on ruskea ja lakin l\u00e4isk\u00e4t hieman kellert\u00e4vi\u00e4. Laji kasvaa havupuuvaltaisilla paikoilla ainakin kuusen seurassa.<\/p>\n<p><a name=\"pantherina\"><spec>pantterik\u00e4rp\u00e4ssieni<\/spec><\/a>&#160;&#160;<specita>A. pantherina<\/specita><\/p>\n<figure id=\"attachment_2613\" aria-describedby=\"caption-attachment-2613\" style=\"width: 840px\" class=\"wp-caption alignnone\"><img loading=\"lazy\" src=\"http:\/\/sieniatlas.fi\/wp-content\/uploads\/2020\/06\/IMG_8426-pantherina-JKorhonen-JX30378-840cn.jpg\" alt=\"\" width=\"840\" height=\"549\" class=\"size-full wp-image-2613\" srcset=\"https:\/\/sieniatlas.fi\/wp-content\/uploads\/2020\/06\/IMG_8426-pantherina-JKorhonen-JX30378-840cn.jpg 840w, https:\/\/sieniatlas.fi\/wp-content\/uploads\/2020\/06\/IMG_8426-pantherina-JKorhonen-JX30378-840cn-300x196.jpg 300w, https:\/\/sieniatlas.fi\/wp-content\/uploads\/2020\/06\/IMG_8426-pantherina-JKorhonen-JX30378-840cn-768x502.jpg 768w\" sizes=\"(max-width: 840px) 100vw, 840px\" \/><figcaption id=\"caption-attachment-2613\" class=\"wp-caption-text\">K<smacap>UVA 3.<\/smacap><smapic> Pantterik\u00e4rp\u00e4ssieni\u00e4 <em>A. pantherina<\/em>, jalopuulehdossa. Kuva: Jarkko Korhonen.<\/figcaption><\/figure>\n<figure id=\"attachment_3286\" aria-describedby=\"caption-attachment-3286\" style=\"width: 840px\" class=\"wp-caption alignnone\"><img loading=\"lazy\" src=\"http:\/\/sieniatlas.fi\/wp-content\/uploads\/2020\/07\/pantterikar_rlo-n-840-n.jpg\" alt=\"\" width=\"840\" height=\"519\" class=\"size-full wp-image-3286\" srcset=\"https:\/\/sieniatlas.fi\/wp-content\/uploads\/2020\/07\/pantterikar_rlo-n-840-n.jpg 840w, https:\/\/sieniatlas.fi\/wp-content\/uploads\/2020\/07\/pantterikar_rlo-n-840-n-300x185.jpg 300w, https:\/\/sieniatlas.fi\/wp-content\/uploads\/2020\/07\/pantterikar_rlo-n-840-n-768x475.jpg 768w\" sizes=\"(max-width: 840px) 100vw, 840px\" \/><figcaption id=\"caption-attachment-3286\" class=\"wp-caption-text\">K<smacap>UVA 4.<\/smacap><smapic> Pantterik\u00e4rp\u00e4ssieni\u00e4 <em>A. pantherina<\/em>, polun l\u00e4hell\u00e4 lehtomaisessa rinteess\u00e4, jossa kuusta, m\u00e4nty\u00e4, koivua ja tammea. Kuva: Jukka Vauras.<\/figcaption><\/figure>\n<p>Pantterik\u00e4rp\u00e4ssienen tunnistaminen ei ole ihan helppoa. Puhtaanvalkoiset suojusj\u00e4tel\u00e4isk\u00e4t ovat pieni\u00e4 ja ne sijaitsevat tyypillisesti hieman keh\u00e4m\u00e4isesti. L\u00e4iski\u00e4 on runsaasti, mutta ne ovat helposti varisevia. Rengas on jalassa usein melko alhaalla. Vertaa etenkin savuk\u00e4rp\u00e4ssieneen (sektio <em>Validae<\/em>).<\/p>\n<p><a name=\"gemmata\"><spec>narsissik\u00e4rp\u00e4ssieni<\/spec><\/a>&#160;&#160;<specita>A. gemmata<\/specita><\/p>\n<p>Narsissik\u00e4rp\u00e4ssieni on hailakan keltalakkinen k\u00e4rp\u00e4ssieni. Lakin p\u00e4\u00e4ll\u00e4 on l\u00e4iski\u00e4, joiden koko vaihtelee. Kunnollista rengasta ei ole. Etel\u00e4isest\u00e4 Suomesta on t\u00e4ll\u00e4 nimell\u00e4 tallennettu jokunen n\u00e4yte, mutta mit\u00e4\u00e4n tuoreita ker\u00e4yksi\u00e4 ei ole tiedossa. Lajin sanotaan kasvavan m\u00e4ntyjen seurassa.<\/p>\n<p>A<smacap>RTIKKELIKUVA:<\/smacap><smapic> Pantterik\u00e4rp\u00e4ssieni\u00e4 <em>A. pantherina<\/em>, puistonurmikolla lehmusten l\u00e4hell\u00e4. Kuva: Petri Roponen.<\/p>\n<nav class=\"navigation post-navigation\" role=\"navigation\">\n<h2 class=\"screen-reader-text\">Amanitan selaus<\/h2>\n<div class=\"nav-links\">\n<div class=\"nav-previous\"><a href=\"http:\/\/sieniatlas.fi\/index.php\/karpassienet-amanita\/\" rel=\"prev\"><span class=\"nav-link-text\">Edellinen<\/span><\/p>\n<h3 class=\"entry-title\">K\u00e4rp\u00e4ssienet &#8211; Amanita<\/h3>\n<p><\/a><\/div>\n<div class=\"nav-next\"><a href=\"http:\/\/sieniatlas.fi\/index.php\/amanita-sektio-validae\/\" rel=\"next\"><span class=\"nav-link-text\">Seuraava<\/span><\/p>\n<h3 class=\"entry-title\">Rusok\u00e4rp\u00e4ssieni ja l\u00e4hilajit &#8212; sektio Validae<\/h3>\n<p><\/a><\/div>\n<\/div>\n<\/nav>\n<div class=\"foo\">\n<p>Mika Toivonen 5.8.2020. Last update: 5.8.2020<\/p>\n<\/div>\n","protected":false},"excerpt":{"rendered":"<p>punak\u00e4rp\u00e4ssieni A. muscaria ruskok\u00e4rp\u00e4ssieni A. regalis pantterik\u00e4rp\u00e4ssieni A. pantherina narsissik\u00e4rp\u00e4ssieni A. gemmata Lajeja on Suomesta tunnistettu nelj\u00e4. Yhteist\u00e4 tuntomerkkej\u00e4 ovat: <span class=\"more-text\">&hellip;<\/span><\/p>\n","protected":false},"author":7,"featured_media":2582,"parent":0,"menu_order":0,"comment_status":"closed","ping_status":"closed","template":"","meta":[],"_links":{"self":[{"href":"https:\/\/sieniatlas.fi\/index.php\/wp-json\/wp\/v2\/pages\/2344"}],"collection":[{"href":"https:\/\/sieniatlas.fi\/index.php\/wp-json\/wp\/v2\/pages"}],"about":[{"href":"https:\/\/sieniatlas.fi\/index.php\/wp-json\/wp\/v2\/types\/page"}],"author":[{"embeddable":true,"href":"https:\/\/sieniatlas.fi\/index.php\/wp-json\/wp\/v2\/users\/7"}],"replies":[{"embeddable":true,"href":"https:\/\/sieniatlas.fi\/index.php\/wp-json\/wp\/v2\/comments?post=2344"}],"version-history":[{"count":59,"href":"https:\/\/sieniatlas.fi\/index.php\/wp-json\/wp\/v2\/pages\/2344\/revisions"}],"predecessor-version":[{"id":3367,"href":"https:\/\/sieniatlas.fi\/index.php\/wp-json\/wp\/v2\/pages\/2344\/revisions\/3367"}],"wp:featuredmedia":[{"embeddable":true,"href":"https:\/\/sieniatlas.fi\/index.php\/wp-json\/wp\/v2\/media\/2582"}],"wp:attachment":[{"href":"https:\/\/sieniatlas.fi\/index.php\/wp-json\/wp\/v2\/media?parent=2344"}],"curies":[{"name":"wp","href":"https:\/\/api.w.org\/{rel}","templated":true}]}}