{"id":233,"date":"2017-03-23T08:36:52","date_gmt":"2017-03-23T08:36:52","guid":{"rendered":"http:\/\/sieniatlas.luomus.fi\/?page_id=233"},"modified":"2018-11-27T08:25:21","modified_gmt":"2018-11-27T10:25:21","slug":"helttasienen-tai-muun-pehmean-sienen-keraaminen-ja-kuivaaminen-naytteeksi","status":"publish","type":"page","link":"https:\/\/sieniatlas.fi\/index.php\/helttasienen-tai-muun-pehmean-sienen-keraaminen-ja-kuivaaminen-naytteeksi\/","title":{"rendered":"Helttasienen tai muun pehme\u00e4n sienen ker\u00e4\u00e4minen ja kuivaaminen n\u00e4ytteeksi"},"content":{"rendered":"<p>KER\u00c4\u00c4MINEN<\/p>\n<ol>\n<li>Poimi sienet varovasti ja kokonaisina. Sienen kasvualustaa (esim. lahoa puuainesta tai sammalta) saa mielell\u00e4\u00e4n tulla mukaan. El\u00e4vi\u00e4 puita ei saa vahingoittaa.<\/li>\n<li>Ker\u00e4\u00e4 kasvustosta talteen muutamia iti\u00f6emi\u00e4, mukana tulisi olla t\u00e4ysi-ik\u00e4isi\u00e4 sieni\u00e4.<\/li>\n<li>N\u00e4ytteeksi ker\u00e4ttyjen joukossa tulee olla samoja iti\u00f6emi\u00e4 kuin valokuvassa on.<\/li>\n<\/ol>\n<p>KUIVAAMINEN<\/p>\n<ol>\n<li><strong>Kirjoita pienelle lapulle kunkin ker\u00e4yksen tunnistenumero ja aseta lappu ker\u00e4yksen viereen kuivuriin. <\/strong>Kuivurissa ker\u00e4ykset menev\u00e4t helposti sekaisin, koska monet sienet muuttuvat tunnistamattoman n\u00e4k\u00f6isiksi.<\/li>\n<li>Kuivausl\u00e4mp\u00f6tila saa olla max. 40 \u00b0C. Suuret iti\u00f6em\u00e4t, esimerkiksi tatit tai isot seitikit on syyt\u00e4 halkoa, mutta sieni\u00e4 ei tulisi pilkkoa kovin pieniksi viipaleiksi.<\/li>\n<li>Sienet pit\u00e4\u00e4 kuivata kunnolla kuiviksi. Paksu sieni voi olla pintakuiva, mutta sis\u00e4lt\u00e4 viel\u00e4 kostea. Mik\u00e4li sieni pehmenee pian, kun kuivaaminen on lopetettu, kuivaamista pit\u00e4\u00e4 jatkaa.<\/li>\n<li>Kosteaksi j\u00e4\u00e4nyt sieni homehtuu helposti. Jos sieni on toukkainen eik\u00e4 hy\u00f6tykasvikuivuria ole k\u00e4yt\u00f6ss\u00e4, voi k\u00e4yd\u00e4 niin, ett\u00e4 toukat sy\u00f6v\u00e4t sienen ennen kuin se enn\u00e4tt\u00e4\u00e4 kuivua. Jos sieni alkaa m\u00e4d\u00e4nty\u00e4 tai homehtua, heit\u00e4 se pois.<\/li>\n<\/ol>\n<p>S\u00c4ILYTT\u00c4MINEN JA L\u00c4HETT\u00c4MINEN<strong><br \/>\n<\/strong><\/p>\n<ol>\n<li>Kuivat helttasienet ovat usein hauraita. T\u00e4llaisen n\u00e4ytteen voi ilmavasti k\u00e4\u00e4ri\u00e4 talouspaperiin ja k\u00e4\u00e4r\u00f6n salpapussiin (minigrip). Salpapussit sopivat pidempiaikaiseen s\u00e4il\u00f6miseen, mutta t\u00e4ll\u00f6in sienten t\u00e4ytyy olla t\u00e4ysin kuivia.<\/li>\n<li><strong>Vain yksi n\u00e4yte (yksi havainto) yhteen pussiin. Pussin sis\u00e4\u00e4n tai p\u00e4\u00e4lle pit\u00e4\u00e4 liitt\u00e4\u00e4 tunnistenumero.<\/strong><\/li>\n<li>Kun l\u00e4het\u00e4t n\u00e4ytteit\u00e4, pakkaa ne niin, etteiv\u00e4t ne postissa rutistu silpuksi.<\/li>\n<\/ol>\n<p><center><br \/>\nVIDEO-ESITTELY: HELTTASIENIN\u00c4YTTEEN KER\u00c4\u00c4MINEN<\/p>\n<p>\n<!-- iframe plugin v.4.5 wordpress.org\/plugins\/iframe\/ -->\n<iframe width=\"700\" height=\"400\" src=\"https:\/\/www.youtube.com\/embed\/-op-wbXCcYg\" frameborder=\"0\" allow=\"accelerometer; autoplay; encrypted-media; gyroscope; picture-in-picture\" 0=\"allowfullscreen\" scrolling=\"yes\" class=\"iframe-class\"><\/iframe>\n<br \/>\n<\/center><\/p>\n","protected":false},"excerpt":{"rendered":"<p>KER\u00c4\u00c4MINEN Poimi sienet varovasti ja kokonaisina. Sienen kasvualustaa (esim. lahoa puuainesta tai sammalta) saa mielell\u00e4\u00e4n tulla mukaan. El\u00e4vi\u00e4 puita ei <span class=\"more-text\">&hellip;<\/span><\/p>\n","protected":false},"author":7,"featured_media":0,"parent":0,"menu_order":0,"comment_status":"closed","ping_status":"closed","template":"","meta":[],"_links":{"self":[{"href":"https:\/\/sieniatlas.fi\/index.php\/wp-json\/wp\/v2\/pages\/233"}],"collection":[{"href":"https:\/\/sieniatlas.fi\/index.php\/wp-json\/wp\/v2\/pages"}],"about":[{"href":"https:\/\/sieniatlas.fi\/index.php\/wp-json\/wp\/v2\/types\/page"}],"author":[{"embeddable":true,"href":"https:\/\/sieniatlas.fi\/index.php\/wp-json\/wp\/v2\/users\/7"}],"replies":[{"embeddable":true,"href":"https:\/\/sieniatlas.fi\/index.php\/wp-json\/wp\/v2\/comments?post=233"}],"version-history":[{"count":2,"href":"https:\/\/sieniatlas.fi\/index.php\/wp-json\/wp\/v2\/pages\/233\/revisions"}],"predecessor-version":[{"id":723,"href":"https:\/\/sieniatlas.fi\/index.php\/wp-json\/wp\/v2\/pages\/233\/revisions\/723"}],"wp:attachment":[{"href":"https:\/\/sieniatlas.fi\/index.php\/wp-json\/wp\/v2\/media?parent=233"}],"curies":[{"name":"wp","href":"https:\/\/api.w.org\/{rel}","templated":true}]}}