{"id":225,"date":"2017-03-23T08:24:55","date_gmt":"2017-03-23T08:24:55","guid":{"rendered":"http:\/\/sieniatlas.luomus.fi\/?page_id=225"},"modified":"2017-04-11T17:43:01","modified_gmt":"2017-04-11T19:43:01","slug":"kasvupaikkatiedon-kirjaaminen","status":"publish","type":"page","link":"https:\/\/sieniatlas.fi\/index.php\/kasvupaikkatiedon-kirjaaminen\/","title":{"rendered":"Kasvupaikkatiedon kirjaaminen"},"content":{"rendered":"<p>Monien sienilajien kasvupaikoista tiedet\u00e4\u00e4n kovin v\u00e4h\u00e4n. Sieniatlaksen yhten\u00e4 t\u00e4rke\u00e4n\u00e4 tavoitteena on ker\u00e4t\u00e4 lis\u00e4\u00e4 tietoa sienilajien elinymp\u00e4rist\u00f6ist\u00e4. Sieniatlaslomakkeella voi ilmoittaa, millaiselta kasvupaikalta ja kasvualustalta havainto on tehty.<\/p>\n<ul style=\"list-style-type: circle;\">\n<li>Valokuvan sienen elinymp\u00e4rist\u00f6st\u00e4 voi liitt\u00e4\u00e4 lomakkeelle. T\u00e4m\u00e4 on suositeltavaa, kuva kertoo elinymp\u00e4rist\u00f6st\u00e4 paljon.<\/li>\n<li>Kasvualustan ilmoittamiseen voi k\u00e4ytt\u00e4\u00e4 Kasvualusta-valikkoa.<\/li>\n<li>Puulla kasvavista lajeista voit kirjata kasvualustapuun lis\u00e4tiedot, puun lahoasteen ja\u00a0 puulajin. N\u00e4m\u00e4 valikot voit valita lomakkeelle havaintorivin oikeassa laidan sinitaustaisen, valkoisen ratas-ikonin takaa.<\/li>\n<\/ul>\n<p>KUOLLEEN MAAPUUN LAHOASTELUOKITUS:<\/p>\n<p>Maapuun lahoasteet ovat 1-5:<\/p>\n<ol>\n<li>Kova, tuore tai melko tuore puu. Yleens\u00e4 kuorellinen runko, jossa on mahdollisesti vain pystypuuston epifyyttej\u00e4 (esim. sormipaisukarve). Puukko tunkeutuu puuhun vain muutaman millimetrin. My\u00f6s kaatuneet kelot kuuluvat t\u00e4h\u00e4n luokkaan, jos niiden puu ei ole alkanut viel\u00e4 lahota.<\/li>\n<li>Melko kova, pintaosasta hieman lahonnut, yleens\u00e4 viel\u00e4 kuorellinen puu. Epifyyttej\u00e4 v\u00e4h\u00e4n. Puukko tunkeutuu puuhun 1 &#8211; 2 cm.<\/li>\n<li>Melko pehme\u00e4, puolilaho puu. Kuori on repeillyt ja osittain irronnut. Paikoin epifyyttej\u00e4 saattaa olla melko runsaasti. Puukko tunkeutuu puuhun melko helposti 3 &#8211; 5 cm.<\/li>\n<li>Pehme\u00e4ksi lahonnut, yleens\u00e4 kuoreton runko. Epifyyttikasvusto on runsasta, mutta ei yleens\u00e4 peit\u00e4 koko runkoa. Sammal- ja j\u00e4k\u00e4l\u00e4kasvustot ovat usein laajoja. Puukko tunkeutuu puuhun kahvaa my\u00f6ten.<\/li>\n<li>L\u00e4hes maatunut, jopa sormin hajoava maapuu, joka on yleens\u00e4 t\u00e4ysin epifyyttien peitt\u00e4m\u00e4 ja erottuu mets\u00e4maasta vain kohoumana. Rungon peittona on paljon mets\u00e4maan sammalia (esim. sein\u00e4sammal, kerrossammal), j\u00e4k\u00e4li\u00e4 (esim. poronj\u00e4k\u00e4l\u00e4t) ja varpuja.<\/li>\n<\/ol>\n","protected":false},"excerpt":{"rendered":"<p>Monien sienilajien kasvupaikoista tiedet\u00e4\u00e4n kovin v\u00e4h\u00e4n. Sieniatlaksen yhten\u00e4 t\u00e4rke\u00e4n\u00e4 tavoitteena on ker\u00e4t\u00e4 lis\u00e4\u00e4 tietoa sienilajien elinymp\u00e4rist\u00f6ist\u00e4. Sieniatlaslomakkeella voi ilmoittaa, millaiselta <span class=\"more-text\">&hellip;<\/span><\/p>\n","protected":false},"author":7,"featured_media":0,"parent":0,"menu_order":0,"comment_status":"closed","ping_status":"closed","template":"","meta":[],"_links":{"self":[{"href":"https:\/\/sieniatlas.fi\/index.php\/wp-json\/wp\/v2\/pages\/225"}],"collection":[{"href":"https:\/\/sieniatlas.fi\/index.php\/wp-json\/wp\/v2\/pages"}],"about":[{"href":"https:\/\/sieniatlas.fi\/index.php\/wp-json\/wp\/v2\/types\/page"}],"author":[{"embeddable":true,"href":"https:\/\/sieniatlas.fi\/index.php\/wp-json\/wp\/v2\/users\/7"}],"replies":[{"embeddable":true,"href":"https:\/\/sieniatlas.fi\/index.php\/wp-json\/wp\/v2\/comments?post=225"}],"version-history":[{"count":6,"href":"https:\/\/sieniatlas.fi\/index.php\/wp-json\/wp\/v2\/pages\/225\/revisions"}],"predecessor-version":[{"id":289,"href":"https:\/\/sieniatlas.fi\/index.php\/wp-json\/wp\/v2\/pages\/225\/revisions\/289"}],"wp:attachment":[{"href":"https:\/\/sieniatlas.fi\/index.php\/wp-json\/wp\/v2\/media?parent=225"}],"curies":[{"name":"wp","href":"https:\/\/api.w.org\/{rel}","templated":true}]}}