{"id":219,"date":"2017-03-23T08:22:05","date_gmt":"2017-03-23T08:22:05","guid":{"rendered":"http:\/\/sieniatlas.luomus.fi\/?page_id=219"},"modified":"2017-03-30T06:01:41","modified_gmt":"2017-03-30T08:01:41","slug":"sienten-valokuvaaminen-ja-tuntomerkit","status":"publish","type":"page","link":"https:\/\/sieniatlas.fi\/index.php\/sienten-valokuvaaminen-ja-tuntomerkit\/","title":{"rendered":"Sienten valokuvaaminen ja tuntomerkit"},"content":{"rendered":"<p>Lomakkeelle voit liitt\u00e4\u00e4 valokuvia sienist\u00e4. Valokuvat ovat t\u00e4rkeit\u00e4, jotta asiantuntijat voivat varmistua havainnoista.<\/p>\n<ul style=\"list-style-type: circle;\">\n<li>Valokuvaa sienet kasvupaikalla. Valokuvaamista sis\u00e4tiloissa tulee v\u00e4ltt\u00e4\u00e4, koska v\u00e4rit eiv\u00e4t tahdo toistua oikein. Havaintolomakkeelle sienist\u00e4 voi liitt\u00e4\u00e4 useammankin valokuvan.<\/li>\n<li>Jos kyseess\u00e4 on sieni, jolla on lakki, kuvaa lakki yl\u00e4- ja alapuolelta siten, ett\u00e4 lakin pinta ja heltat\/pillist\u00f6 n\u00e4kyv\u00e4t.<\/li>\n<li>Jos kasvustossa on useampia iti\u00f6emi\u00e4, k\u00e4\u00e4nn\u00e4 osa niin, ett\u00e4 lakin alapuoli ja koko jalka n\u00e4kyv\u00e4t kuvassa. Sienikirjojen kuvista on hyv\u00e4 ottaa mallia.<\/li>\n<li>Kirjaa sellaiset tuntomerkit, jotka eiv\u00e4t kuvista ilmene (haju, limaisuus jne.). Lomakkeen havaintorivin oikeasta laidasta sinipohjaisen valkoisen rattaan takaa l\u00f6yd\u00e4t valikoita mm. hajun ja maun ilmoittamiseen. Vapaata teksti\u00e4 voi kirjoittaa lis\u00e4tietokentt\u00e4\u00e4n.<\/li>\n<\/ul>\n","protected":false},"excerpt":{"rendered":"<p>Lomakkeelle voit liitt\u00e4\u00e4 valokuvia sienist\u00e4. Valokuvat ovat t\u00e4rkeit\u00e4, jotta asiantuntijat voivat varmistua havainnoista. Valokuvaa sienet kasvupaikalla. Valokuvaamista sis\u00e4tiloissa tulee v\u00e4ltt\u00e4\u00e4, <span class=\"more-text\">&hellip;<\/span><\/p>\n","protected":false},"author":7,"featured_media":0,"parent":0,"menu_order":0,"comment_status":"closed","ping_status":"closed","template":"","meta":[],"_links":{"self":[{"href":"https:\/\/sieniatlas.fi\/index.php\/wp-json\/wp\/v2\/pages\/219"}],"collection":[{"href":"https:\/\/sieniatlas.fi\/index.php\/wp-json\/wp\/v2\/pages"}],"about":[{"href":"https:\/\/sieniatlas.fi\/index.php\/wp-json\/wp\/v2\/types\/page"}],"author":[{"embeddable":true,"href":"https:\/\/sieniatlas.fi\/index.php\/wp-json\/wp\/v2\/users\/7"}],"replies":[{"embeddable":true,"href":"https:\/\/sieniatlas.fi\/index.php\/wp-json\/wp\/v2\/comments?post=219"}],"version-history":[{"count":4,"href":"https:\/\/sieniatlas.fi\/index.php\/wp-json\/wp\/v2\/pages\/219\/revisions"}],"predecessor-version":[{"id":259,"href":"https:\/\/sieniatlas.fi\/index.php\/wp-json\/wp\/v2\/pages\/219\/revisions\/259"}],"wp:attachment":[{"href":"https:\/\/sieniatlas.fi\/index.php\/wp-json\/wp\/v2\/media?parent=219"}],"curies":[{"name":"wp","href":"https:\/\/api.w.org\/{rel}","templated":true}]}}