{"id":203,"date":"2017-03-21T15:14:47","date_gmt":"2017-03-21T15:14:47","guid":{"rendered":"http:\/\/sieniatlas.luomus.fi\/?page_id=203"},"modified":"2017-07-03T20:14:44","modified_gmt":"2017-07-03T22:14:44","slug":"sieninaytteen-keraaminen-ja-tallentaminen","status":"publish","type":"page","link":"https:\/\/sieniatlas.fi\/index.php\/sieninaytteen-keraaminen-ja-tallentaminen\/","title":{"rendered":"Sienin\u00e4ytteen ker\u00e4\u00e4minen ja tallentaminen"},"content":{"rendered":"<p>On t\u00e4rke\u00e4\u00e4, ett\u00e4 havainnosta on valokuva, mutta pelk\u00e4n valokuvan perusteella lajin m\u00e4\u00e4ritys ei l\u00e4hesk\u00e4\u00e4n aina onnistu. Mik\u00e4li n\u00e4in k\u00e4y ja haluat varmistuksen siit\u00e4, mik\u00e4 laji on kyseess\u00e4, sinun tulee tallentaa sieni n\u00e4ytteeksi ja toimittaa n\u00e4yte <a href=\"http:\/\/sieniatlas.fi\/index.php\/yhteystiedot\/\">eteenp\u00e4in<\/a>.<\/p>\n<p>Saattaa k\u00e4yd\u00e4 niin, ett\u00e4 havaintosi osoittautuu t\u00e4rke\u00e4ksi tai erityisen mielenkiintoiseksi. T\u00e4ll\u00f6in sinuun otetaan yhteytt\u00e4. Tavoitteena on, ett\u00e4 sieni saataisiin talteen n\u00e4ytteeksi lajinm\u00e4\u00e4rityksen varmistamiseksi ja mahdollisesti my\u00f6hemmin osaksi sienimuseon kokoelmia.<\/p>\n<p>Lajinm\u00e4\u00e4ritys n\u00e4ytteest\u00e4 tehd\u00e4\u00e4n useimmiten mikroskoopin avulla. Tuloksen saaminen saattaa kest\u00e4\u00e4, etenkin jos n\u00e4yte joudutaan toimittamaan asiantuntijalta toiselle. Lopulta voi k\u00e4yd\u00e4 niin, ettei edes sieniryhm\u00e4n erikoisasiantuntija pysty varmuudella m\u00e4\u00e4ritt\u00e4m\u00e4\u00e4n toimittamaasi n\u00e4ytett\u00e4.<\/p>\n<p>Mik\u00e4li k\u00e4yt\u00f6ss\u00e4si on mikroskooppi ja tavoitteesi on oppia tunnistamaan sieni\u00e4, suositeltavaa on, ett\u00e4 tallennat itsellesi n\u00e4ytteit\u00e4 eri lajeista ja n\u00e4in kartutat omaa vertailun\u00e4ytekokoelmaa.<\/p>\n<p><strong>Sienet pit\u00e4\u00e4 kuivata, ennen kuin ne toimitetaan eteenp\u00e4in.<\/strong> Kuivaa sienet vasta sen j\u00e4lkeen, kun olet tallentanut tiedot Sieniatlaslomakkeelle. Parhaiten sienet kuivuvat hy\u00f6tykasvikuivurissa. Muukin l\u00e4mmin ja kuiva paikka, jossa on hyv\u00e4 ilmanvaihto, kelpaa ainakin pienemmille sienille. Tarkempia ohjeita:<\/p>\n<ul>\n<li><a href=\"http:\/\/sieniatlas.fi\/index.php\/helttasienen-tai-muun-pehmean-sienen-keraaminen-ja-kuivaaminen-naytteeksi\/\">Helttasienen ker\u00e4\u00e4minen ja kuivaaminen n\u00e4ytteeksi<\/a><\/li>\n<li><a href=\"http:\/\/sieniatlas.fi\/index.php\/kaavakkaan-keraaminen-ja-kuivaaminen-naytteeksi\/\">K\u00e4\u00e4v\u00e4kk\u00e4\u00e4n ker\u00e4\u00e4minen ja kuivaaminen n\u00e4ytteeksi<\/a><\/li>\n<\/ul>\n","protected":false},"excerpt":{"rendered":"<p>On t\u00e4rke\u00e4\u00e4, ett\u00e4 havainnosta on valokuva, mutta pelk\u00e4n valokuvan perusteella lajin m\u00e4\u00e4ritys ei l\u00e4hesk\u00e4\u00e4n aina onnistu. Mik\u00e4li n\u00e4in k\u00e4y ja <span class=\"more-text\">&hellip;<\/span><\/p>\n","protected":false},"author":7,"featured_media":0,"parent":0,"menu_order":0,"comment_status":"closed","ping_status":"closed","template":"","meta":[],"_links":{"self":[{"href":"https:\/\/sieniatlas.fi\/index.php\/wp-json\/wp\/v2\/pages\/203"}],"collection":[{"href":"https:\/\/sieniatlas.fi\/index.php\/wp-json\/wp\/v2\/pages"}],"about":[{"href":"https:\/\/sieniatlas.fi\/index.php\/wp-json\/wp\/v2\/types\/page"}],"author":[{"embeddable":true,"href":"https:\/\/sieniatlas.fi\/index.php\/wp-json\/wp\/v2\/users\/7"}],"replies":[{"embeddable":true,"href":"https:\/\/sieniatlas.fi\/index.php\/wp-json\/wp\/v2\/comments?post=203"}],"version-history":[{"count":7,"href":"https:\/\/sieniatlas.fi\/index.php\/wp-json\/wp\/v2\/pages\/203\/revisions"}],"predecessor-version":[{"id":380,"href":"https:\/\/sieniatlas.fi\/index.php\/wp-json\/wp\/v2\/pages\/203\/revisions\/380"}],"wp:attachment":[{"href":"https:\/\/sieniatlas.fi\/index.php\/wp-json\/wp\/v2\/media?parent=203"}],"curies":[{"name":"wp","href":"https:\/\/api.w.org\/{rel}","templated":true}]}}