{"id":2004,"date":"2020-05-03T06:00:05","date_gmt":"2020-05-03T08:00:05","guid":{"rendered":"http:\/\/sieniatlas.fi\/?page_id=2004"},"modified":"2020-09-07T19:43:01","modified_gmt":"2020-09-07T21:43:01","slug":"hebeloma-kirjallisuus","status":"publish","type":"page","link":"https:\/\/sieniatlas.fi\/index.php\/hebeloma-kirjallisuus\/","title":{"rendered":"Katsaus kirjallisuuteen &#8211; tymp\u00f6set"},"content":{"rendered":"<p><a href=\"#kirjallisuus\">Kirjallisuusviitteit\u00e4<\/a><br \/>\n<a href=\"#nimistomuutoksia\">Nimist\u00f6muutoksia (Fungi of Northern Europe Vol. 3)<\/a><br \/>\n<a href=\"#miksi-muuttuu\">Miksi sienten nimist\u00f6 muuttuu?<\/a><\/p>\n<p>Tymp\u00f6set on sik\u00e4li harvinainen suku, ett\u00e4 yksiin kansiin on koottu tieto eurooppalaisesta lajistosta. T\u00e4m\u00e4 tieto on toistaiseksi viel\u00e4 ajan tasalla (Beker ym., 2016).<\/p>\n<p>F<smacap>UNGA NORDICA<\/smacap> (2012), joka on v\u00e4ltt\u00e4m\u00e4t\u00f6n jokaiselle mikroskooppia k\u00e4ytt\u00e4v\u00e4lle ja hy\u00f6dyllinen muillekin sieni\u00e4 tosissaan opetteleville, on tymp\u00f6sten osalta vanhentunut. Samoin on vanhentunut Fungi of Northern Europe Vol. 3 &#8211; The Genus <em>Hebeloma<\/em>. <a href=\"#nimistomuutoksia\">Voit p\u00e4ivitt\u00e4\u00e4 kirjan tietoja<\/a>.<\/p>\n<p>Mik\u00e4li tymp\u00f6smonografiaa ei ole k\u00e4yt\u00f6ss\u00e4, alla luetelluissa artikkeleissa on samaa asiaa. Tunniste (DOI) osoittaa kustantajien sivuille, joilla artikkelit p\u00e4\u00e4s\u00e4\u00e4nt\u00f6isesti ovat maksumuurin takana, mutta moniin artikkeleihin p\u00e4\u00e4see k\u00e4siksi muualta.<\/p>\n<p><spec><a name=\"kirjallisuus\">Kirjallisuusviitteit\u00e4:<\/a><\/spec><\/p>\n<p><small><\/small><\/p>\n<p><small><\/small><\/p>\n<p><small><\/small><\/p>\n<p><small><\/p>\n<p class=\"hangingindent\">\nBeker, H.J., U. Eberhardt, J. Vesterholt. 2016. \u2014 <em>Hebeloma<\/em> (Fr.) P. Kumm. Fungi Europaei, Volume 14.<\/p>\n<p class=\"hangingindent\">\nEberhardt, U., H.J. Beker, J. Vesterholt, K. Dukik, G. Walther, J. Vila &amp; S. Fern\u00e1ndez Brime. 2012. \u2014 European Species of <em>Hebeloma<\/em> Section <em>Theobromina<\/em>. <a href=\"http:\/\/doi.org\/10.1007\/s13225-012-0188-3\">doi.org\/10.1007\/s13225-012-0188-3<\/a><\/p>\n<p class=\"hangingindent\">\nEberhardt, U., H.J. Beker, J. Vesterholt. 2015. \u2014 Crypting the <em>Hebeloma crustuliniforme<\/em> complex: European species of <em>Hebeloma<\/em> section <em>Denudata<\/em> subsect. <em>Denudata<\/em> (Agaricales). <a href=\"https:\/\/doi.org\/10.3767\/003158515X687704\">doi.org\/10.3767\/003158515X687704<\/a><\/p>\n<p class=\"hangingindent\">\nEberhardt, U., H.J. Beker, J. Vesterholt, N. Sch\u00fctz. 2016. \u2014 The taxonomy of the European species of <em>Hebeloma<\/em> section <em>Denudata<\/em> subsections <em>Hiemalia<\/em>, <em>Echinospora<\/em> subsect. nov. and <em>Clepsydroida<\/em> subsect. nov. and five new species. <a href=\"https:\/\/doi.org\/10.1016\/j.funbio.2015.09.014\">doi.org\/10.1016\/j.funbio.2015.09.014<\/a><\/p>\n<p class=\"hangingindent\">\nE. Grilli, H.J. Beker, U. Eberhardt, N. Sch\u00fctz, M. Leonardi, &amp; A. Vizzini. 2016. \u2014 Unexpected species diversity and contrasting evolutionary hypotheses in <em>Hebeloma<\/em> (Agaricales) sections <em>Sinapizantia<\/em> and <em>Velutipes<\/em> in Europe. <a href=\"https:\/\/doi.org\/10.1007\/s11557-015-1148-6\">doi.org\/10.1007\/s11557-015-1148-6<\/a><\/p>\n<p><\/small><small><\/small><small><\/small><small><br \/>\n<\/small><\/p>\n<p><spec><a name=\"nimistomuutoksia\">Nimist\u00f6muutoksia<\/a><\/spec><\/p>\n<p>Mik\u00e4li k\u00e4yt\u00f6ss\u00e4si on Fungi of Northern Europe Vol. 3 &#8211; The Genus Hebeloma, voit p\u00e4ivitt\u00e4\u00e4 nimist\u00f6n alla oleva listan mukaisesti. Kirja ei en\u00e4\u00e4 kovin k\u00e4ytt\u00f6kelpoinen, koska lajeja on nyt tiedossa enemm\u00e4n. Toisaalta osa muutoksista koskee ainoastaan nimist\u00f6\u00e4. Kirjan k\u00e4ytt\u00f6 on miellytt\u00e4v\u00e4\u00e4, koska se ei ole mik\u00e4\u00e4n j\u00e4rk\u00e4le. M\u00e4\u00e4rityskaavojen puuttuminen on puute.<\/p>\n<p>Voimassa olevat nimet on korostettu. &#8217;=&#8217;-merkki tarkoittaa, ett\u00e4 nimi on synonyyminimi.<\/p>\n<p><small><\/small><\/p>\n<p><small><\/small><\/p>\n<p><small><\/small><\/p>\n<p><small><\/p>\n<table>\n<tbody>\n<tr>\n<th>sordidum =<\/th>\n<td>\t<em>subtortum<\/em><\/td>\n<\/tr>\n<tr>\n<th>bruchetii =<\/th>\n<td>\t<em>mesopheum<\/em><\/td>\n<\/tr>\n<tr>\n<th>collariatum =<\/th>\n<td>\t<em>dunense<\/em><\/td>\n<\/tr>\n<tr>\n<th>polare =<\/th>\n<td> \t\t<em>marginatulum<\/em><\/td>\n<\/tr>\n<tr>\n<th>kuehneri =<\/th>\n<td>\t<em>nigellum<\/em><\/td>\n<\/tr>\n<tr>\n<th>monticola<\/th>\n<td>\t        Nimi on ok, mutta kuvaus sis\u00e4lt\u00e4\u00e4 useamman lajin. JV25-288 on <em>H. clavulipes<\/em>.<\/td>\n<\/tr>\n<tr>\n<th>candidipes =<\/th>\n<td>\t<em>clavulipes<\/em>. Kuvaus sis\u00e4lt\u00e4\u00e4 useamman lajin. JV97-250 on <em>H. monticola<\/em>.<\/td>\n<\/tr>\n<tr>\n<th>velutipes<\/th>\n<td>\t        Kuvaus sis\u00e4lt\u00e4\u00e4 my\u00f6s lajin <em>H. leucosarx<\/em>. JV02-742 on <em>H. velutipes<\/em>.<\/td>\n<\/tr>\n<tr>\n<th>crustuliniforme<\/th>\n<td>\tKuvaus sis\u00e4lt\u00e4\u00e4 nelj\u00e4 lajia: <em>H. aanenii, H. geminatum, H. eburneum, H. crustuliniforme<\/em>. Vauras 17928F on <em>H. geminatum<\/em>.<\/td>\n<\/tr>\n<tr>\n<th>fragilipes<\/th>\n<td>\t        Kuvaus sis\u00e4lt\u00e4\u00e4 ainakin lajit <em>H. pseudofragilipes, H. hiemale.<\/em> JV95-507 on <em>H. hiemale<\/em>.<\/td>\n<\/tr>\n<tr>\n<th>alvarense =<\/th>\n<td>\t<em>vaccinum<\/em><\/td>\n<\/tr>\n<tr>\n<th>vejlense =<\/th>\n<td>\t<em>cavipes<\/em><\/td>\n<\/tr>\n<tr>\n<th>domardianum =<\/th>\n<td>\t<em>fragilipes<\/em>. Nimell\u00e4 <em>H. domardianum<\/em> on kutsuttu vaaleita sieni\u00e4, joiden iti\u00f6t n\u00e4ytt\u00e4v\u00e4t sileilt\u00e4. Sekvenssien perusteella kyse on ollut ep\u00e4tyypillisist\u00e4 iti\u00f6emist\u00e4.<\/td>\n<\/tr>\n<tr>\n<th>lundqvistii =<\/th>\n<td>\t<em>danicum<\/em><\/td>\n<\/tr>\n<tr>\n<th>birrus<\/th>\n<td>             Kuvaus kattaa lajit <em>H. birrus, H. anthracophilum, H. pumilum<\/em>. JV94-390 on <em>H. birrus<\/em>, JV00-617 <em>H. anthracophilum<\/em>, JV02-890 on <em>H. pumilum<\/em>.<\/td>\n<\/tr>\n<tr>\n<th>fusipes =<\/th>\n<td>          <em>nauseosum<\/em><\/td>\n<\/tr>\n<tr>\n<th>gigaspermum =<\/th>\n<td>      <em>nauseosum<\/em><\/td>\n<\/tr>\n<tr>\n<th>hetieri =<\/th>\n<td>\t         <em>odoratissimum<\/em><\/td>\n<\/tr>\n<tr>\n<th>fusisporum<\/th>\n<td>          Kuvaus sis\u00e4lt\u00e4\u00e4 lajit <em>H. fusisporum, H. ischnostylum<\/em>. JV02-714 on <em>H. ischnostylum<\/em>.<\/td>\n<\/tr>\n<tr>\n<th>sarcophyllum =<\/th>\n<td>        <em>porphyrosporum<\/em><\/td>\n<\/tr>\n<\/tbody>\n<\/table>\n<p><\/small><small><\/small><small><\/small><small><\/small><\/p>\n<p><spec><a name=\"miksi-muuttuu\">Miksi sienten nimist\u00f6 muuttuu?<\/a><\/spec><\/p>\n<p>Kolme p\u00e4\u00e4asiallista, toisiinsa kytkeytyv\u00e4\u00e4 syyt\u00e4 siihen, miksi sienten nimist\u00f6 muuttuu, ovat:<\/p>\n<ul>\n<li>\nK\u00e4sitys lajista on muuttunut. On saatu selville, ett\u00e4 ennen yksi laji on monta lajia. Tai p\u00e4invastoin: ennen useampi laji ymm\u00e4rret\u00e4\u00e4n nyt yhdeksi lajiksi.<\/li>\n<li>\nLajista on k\u00e4ytetty nime\u00e4, joka tarkoittaa jotakin muuta lajia.<\/li>\n<li>\nOn k\u00e4ytetty nime\u00e4, joka tarkoittaa oikeaa lajia, mutta jotakin toista nime\u00e4 pit\u00e4\u00e4 k\u00e4ytt\u00e4\u00e4. On esimerkiksi aivan yleist\u00e4, ett\u00e4 sama laji on kuvattu tieteelle uutena useamman kerran. Synonyyminimien prioriteetin &#8211; eli sen mit\u00e4 tieteellist\u00e4 nime\u00e4 lajista pit\u00e4\u00e4 k\u00e4ytt\u00e4\u00e4 &#8211; m\u00e4\u00e4rittelee <strong>nimist\u00f6s\u00e4\u00e4nn\u00f6st\u00f6<\/strong>.<\/li>\n<\/ul>\n<p>Jo pitk\u00e4\u00e4n nimist\u00f6s\u00e4\u00e4nn\u00f6t ovat m\u00e4\u00e4r\u00e4nneet, ett\u00e4 nimell\u00e4 t\u00e4ytyy olla <strong>tyyppin\u00e4yte<\/strong>, joka samalla sitoo nimen tiettyyn lajiin. Moderni sienitutkimus pyrkii sekvensoimaan n\u00e4it\u00e4 tyyppin\u00e4ytteit\u00e4. Jos nimi on vanha, tyyppin\u00e4ytett\u00e4 ei v\u00e4ltt\u00e4m\u00e4tt\u00e4 ole tai nimen tyyppi voi olla julkaistu kuva sienest\u00e4. Etenkin t\u00e4llaisissa tilanteissa nimen identiteetti on tulkinnanvarainen. Vanhoilla nimill\u00e4 voi olla erilaisia tulkintatraditoita, vaikkapa eri puolilla Eurooppaa.<\/p>\n<p>Perusteltujen tulkintojen esitt\u00e4minen on oleellinen osa taksonomista tutkimusta. Moderni sienitutkimus pyrkii tulkinnan tueksi valitsemaan vanhalle nimelle sellaisen tyyppin\u00e4ytteen &#8211; tilanteesta riippuen lektotyypin, neotyypin tai epityypin &#8211; josta on olemassa sekvenssi. T\u00e4m\u00e4 vakiinnuttaa nimist\u00f6\u00e4.<\/p>\n<nav class=\"navigation post-navigation\" role=\"navigation\">\n<h2 class=\"screen-reader-text\">Hebeloman selaus<\/h2>\n<div class=\"nav-links\">\n<div class=\"nav-previous\"><a href=\"http:\/\/sieniatlas.fi\/index.php\/hebeloma-mikroskopia\/\" rel=\"prev\"><span class=\"nav-link-text\">Edellinen<\/span><\/p>\n<h3 class=\"entry-title\">Tymp\u00f6sten mikroskooppinen m\u00e4\u00e4ritt\u00e4minen<\/h3>\n<p><\/a><a href=\"http:\/\/sieniatlas.fi\/index.php\/hebeloma-mikroskopia\/\" rel=\"prev\"><\/a><a href=\"http:\/\/sieniatlas.fi\/index.php\/hebeloma-mikroskopia\/\" rel=\"prev\"><\/a><a href=\"http:\/\/sieniatlas.fi\/index.php\/hebeloma-mikroskopia\/\" rel=\"prev\"><\/a><\/p>\n<\/div>\n<div class=\"nav-next\"><a href=\"http:\/\/sieniatlas.fi\/index.php\/tymposet-hebeloma\/\" rel=\"next\"><span class=\"nav-link-text\">Seuraava<\/span><\/p>\n<h3 class=\"entry-title\">Tymp\u00f6set &#8211; Hebeloma (takaisin alkuun)<\/h3>\n<p><\/a><a href=\"http:\/\/sieniatlas.fi\/index.php\/tymposet-hebeloma\/\" rel=\"next\"><\/a><a href=\"http:\/\/sieniatlas.fi\/index.php\/tymposet-hebeloma\/\" rel=\"next\"><\/a><a href=\"http:\/\/sieniatlas.fi\/index.php\/tymposet-hebeloma\/\" rel=\"next\"><\/a><\/p>\n<\/div>\n<\/div>\n<\/nav>\n<div class=\"foo\">\n<p>Mika Toivonen 3.5.2020. Last update: 8.9.2020<\/p>\n<\/div>\n","protected":false},"excerpt":{"rendered":"<p>Kirjallisuusviitteit\u00e4 Nimist\u00f6muutoksia (Fungi of Northern Europe Vol. 3) Miksi sienten nimist\u00f6 muuttuu? Tymp\u00f6set on sik\u00e4li harvinainen suku, ett\u00e4 yksiin kansiin <span class=\"more-text\">&hellip;<\/span><\/p>\n","protected":false},"author":7,"featured_media":0,"parent":0,"menu_order":0,"comment_status":"closed","ping_status":"closed","template":"","meta":[],"_links":{"self":[{"href":"https:\/\/sieniatlas.fi\/index.php\/wp-json\/wp\/v2\/pages\/2004"}],"collection":[{"href":"https:\/\/sieniatlas.fi\/index.php\/wp-json\/wp\/v2\/pages"}],"about":[{"href":"https:\/\/sieniatlas.fi\/index.php\/wp-json\/wp\/v2\/types\/page"}],"author":[{"embeddable":true,"href":"https:\/\/sieniatlas.fi\/index.php\/wp-json\/wp\/v2\/users\/7"}],"replies":[{"embeddable":true,"href":"https:\/\/sieniatlas.fi\/index.php\/wp-json\/wp\/v2\/comments?post=2004"}],"version-history":[{"count":66,"href":"https:\/\/sieniatlas.fi\/index.php\/wp-json\/wp\/v2\/pages\/2004\/revisions"}],"predecessor-version":[{"id":3518,"href":"https:\/\/sieniatlas.fi\/index.php\/wp-json\/wp\/v2\/pages\/2004\/revisions\/3518"}],"wp:attachment":[{"href":"https:\/\/sieniatlas.fi\/index.php\/wp-json\/wp\/v2\/media?parent=2004"}],"curies":[{"name":"wp","href":"https:\/\/api.w.org\/{rel}","templated":true}]}}