{"id":1700,"date":"2020-04-17T18:56:43","date_gmt":"2020-04-17T20:56:43","guid":{"rendered":"http:\/\/sieniatlas.fi\/?page_id=1700"},"modified":"2020-07-15T19:52:40","modified_gmt":"2020-07-15T21:52:40","slug":"hebeloma-sektio-naviculospora","status":"publish","type":"page","link":"https:\/\/sieniatlas.fi\/index.php\/hebeloma-sektio-naviculospora\/","title":{"rendered":"Hebeloma &#8211; sektio Naviculospora"},"content":{"rendered":"<p><a href=\"#nanum\"><em>nanum<\/em><\/a><\/p>\n<p>Suomesta on yksi tunnistettu laji, Euroopasta yhteens\u00e4 4 lajia. <\/p>\n<p><specita>H. nanum<\/specita><\/p>\n<p><em>H. nanum<\/em> (artikkelikuva) on keskikokoinen ja suhteellisen roteva. Lakki on yleens\u00e4 tasav\u00e4risen oranssi, mutta haalistuva.<\/p>\n<p>Iti\u00f6t ovat pieni\u00e4 ja kapeita, sukkulamaisia, hienonystyisi\u00e4 ja aika heikosti dekstrinoideja. Keilokystidit ovat tasapaksuja tai aavistuksen nuijamaisia ja niin lyhyit\u00e4, etteiv\u00e4t ne kovin selv\u00e4sti erotu.<\/p>\n<p><em>H. nanum<\/em> kasvaa kuivilla hiekkakankailla. Oranssin lakin ja kasvupaikan yhdistelm\u00e4 on hyvin omalaatuinen, joten lajin tunnistaminen maastossa lienee ihan mahdollista. Laji on kuitenkin ilmeisesti aika harvinainen.<\/p>\n<figure id=\"attachment_1777\" aria-describedby=\"caption-attachment-1777\" style=\"width: 840px\" class=\"wp-caption alignnone\"><img loading=\"lazy\" src=\"http:\/\/sieniatlas.fi\/wp-content\/uploads\/2020\/04\/IMG_0049-840.jpg\" alt=\"\" width=\"840\" height=\"560\" class=\"size-full wp-image-1777\" srcset=\"https:\/\/sieniatlas.fi\/wp-content\/uploads\/2020\/04\/IMG_0049-840.jpg 840w, https:\/\/sieniatlas.fi\/wp-content\/uploads\/2020\/04\/IMG_0049-840-300x200.jpg 300w, https:\/\/sieniatlas.fi\/wp-content\/uploads\/2020\/04\/IMG_0049-840-768x512.jpg 768w\" sizes=\"(max-width: 840px) 100vw, 840px\" \/><figcaption id=\"caption-attachment-1777\" class=\"wp-caption-text\">K<smacap>UVA 1.<\/smacap><smapic><em>Hebeloma nanum<\/em>, heltan ter\u00e4, Melzerin reagenssi. <\/smapic><\/figcaption><\/figure>\n<nav class=\"navigation post-navigation\" role=\"navigation\">\n<h2 class=\"screen-reader-text\">Hebeloman selaus<\/h2>\n<div class=\"nav-links\">\n<div class=\"nav-previous\"><a href=\"http:\/\/sieniatlas.fi\/index.php\/hebeloma-sektio-theobromina\/\" rel=\"prev\"><span class=\"nav-link-text\">Edellinen<\/span><\/p>\n<h3 class=\"entry-title\">Tymp\u00f6set &#8211; sektio Theobromina<\/h3>\n<p><\/a><\/div>\n<div class=\"nav-next\"><a href=\"http:\/\/sieniatlas.fi\/index.php\/hebeloma-sektio-scabrispora\/\" rel=\"next\"><span class=\"nav-link-text\">Seuraava<\/span><\/p>\n<h3 class=\"entry-title\">Tymp\u00f6set &#8211; sektio Scabrispora<\/h3>\n<p><\/a><\/div>\n<\/div>\n<\/nav>\n<div class=\"foo\">\n<p>Mika Toivonen 17.4.2020. Last update: 6.6.2020<\/p>\n<\/div>\n","protected":false},"excerpt":{"rendered":"<p>nanum Suomesta on yksi tunnistettu laji, Euroopasta yhteens\u00e4 4 lajia. H. nanum H. nanum (artikkelikuva) on keskikokoinen ja suhteellisen roteva. <span class=\"more-text\">&hellip;<\/span><\/p>\n","protected":false},"author":7,"featured_media":1713,"parent":0,"menu_order":0,"comment_status":"closed","ping_status":"closed","template":"","meta":[],"_links":{"self":[{"href":"https:\/\/sieniatlas.fi\/index.php\/wp-json\/wp\/v2\/pages\/1700"}],"collection":[{"href":"https:\/\/sieniatlas.fi\/index.php\/wp-json\/wp\/v2\/pages"}],"about":[{"href":"https:\/\/sieniatlas.fi\/index.php\/wp-json\/wp\/v2\/types\/page"}],"author":[{"embeddable":true,"href":"https:\/\/sieniatlas.fi\/index.php\/wp-json\/wp\/v2\/users\/7"}],"replies":[{"embeddable":true,"href":"https:\/\/sieniatlas.fi\/index.php\/wp-json\/wp\/v2\/comments?post=1700"}],"version-history":[{"count":22,"href":"https:\/\/sieniatlas.fi\/index.php\/wp-json\/wp\/v2\/pages\/1700\/revisions"}],"predecessor-version":[{"id":3159,"href":"https:\/\/sieniatlas.fi\/index.php\/wp-json\/wp\/v2\/pages\/1700\/revisions\/3159"}],"wp:featuredmedia":[{"embeddable":true,"href":"https:\/\/sieniatlas.fi\/index.php\/wp-json\/wp\/v2\/media\/1713"}],"wp:attachment":[{"href":"https:\/\/sieniatlas.fi\/index.php\/wp-json\/wp\/v2\/media?parent=1700"}],"curies":[{"name":"wp","href":"https:\/\/api.w.org\/{rel}","templated":true}]}}