{"id":1642,"date":"2020-04-17T19:19:08","date_gmt":"2020-04-17T21:19:08","guid":{"rendered":"http:\/\/sieniatlas.fi\/?page_id=1642"},"modified":"2020-07-15T21:00:45","modified_gmt":"2020-07-15T23:00:45","slug":"hebeloma-sektio-denudata-alasektio-crustuliniformia","status":"publish","type":"page","link":"https:\/\/sieniatlas.fi\/index.php\/hebeloma-sektio-denudata-alasektio-crustuliniformia\/","title":{"rendered":"Hebeloma &#8211; sektio Denudata \u2013 alasektio Crustuliniformia"},"content":{"rendered":"<p>(<a href=\"#aanenii\"><em>aanenii<\/em><\/a>) &#8212; <a href=\"#eburneum\"><em>eburneum<\/em><\/a> &#8212; <a href=\"#geminatum\"><em>geminatum<\/em><\/a> &#8212; (<a href=\"#crustuliniforme\"><em>crustuliniforme<\/em><\/a>)<br \/>\n<a href=\"#helodes\"><em>helodes<\/em><\/a><br \/>\n<a href=\"#salicicola\"><em>salicicola<\/em><\/a><\/p>\n<p>Suomesta on tunnistettu 4 lajia, Euroopasta 15 lajia. Tunturilajeja on useita. T\u00e4m\u00e4n ryhm\u00e4n kohdalla on selv\u00e4\u00e4, ett\u00e4 suomalainen lajim\u00e4\u00e4r\u00e4 on suurempi kuin nyt tiedet\u00e4\u00e4n. Varmistetut tiedot tunnetuistakin lajeista ovat yksitt\u00e4isi\u00e4.<\/p>\n<p>Jo 2000-luvun vaihteessa saatiin risteytyskokein selville, ett\u00e4 ryhm\u00e4n lajim\u00e4\u00e4r\u00e4 on suuri. Samalla selvisi, ett\u00e4 on useita lajeja, joiden erottaminen pelk\u00e4n ITS-alueen sekvenssin perusteella ei onnistu.<\/p>\n<p>Ryhm\u00e4\u00e4n kuuluu kaikenkokoisia tymp\u00f6si\u00e4: kookkaista ja rotevista aivan pienikokoisiin lajeihin. Yhteisi\u00e4 tuntomerkkej\u00e4 ovat:<br \/>\nLakki on useimmiten vaalea tai melko vaalea<br \/>\nHelttojen pisarointi voi olla hyvin selv\u00e4\u00e4.<\/p>\n<p>Mikroskoopin avulla ryhm\u00e4lleen tunnistaminen on mahdollista. Paras ryhm\u00e4n tuntomerkki l\u00f6ytyy keilokystideist\u00e4: ne ovat monilla lajeilla selv\u00e4sti k\u00e4rjest\u00e4\u00e4n pullistuneita ja samalla niiden tyvi on kapea tai melko kapea. Samalla iti\u00f6t ovat useimmilla lajeilla heikosti dekstrinoideja.<\/p>\n<p>(<specita>H. crustuliniforme<\/specita>)<\/p>\n<p>Itse <a name=\"crustuliniforme\">kalvastymp\u00f6st\u00e4 <em>H. crustuliniformea<\/em><\/a> ei ole toistaiseksi tunnistettu Suomesta, vaikka nimi on ollut pitk\u00e4\u00e4n ja yleisesti k\u00e4yt\u00f6ss\u00e4. Monografian mukaan pohjoisimmat l\u00f6yd\u00f6t lajista ovat Tanskasta ja Etel\u00e4-Ruotsista, joten aivan mahdotonta lajin l\u00f6ytyminen Suomesta ei ole. Kalvastymp\u00f6s-nimell\u00e4 olevia herbaarion\u00e4ytteita Suomesta on runsaasti, mutta on siis tarkistamatta, mihin lajeihin ne osuvat.<\/p>\n<p>Hebeloma-monografiassa varsinainen kalvastymp\u00f6sryhm\u00e4, <em>Hebeloma crustuliniforme<\/em> coll. k\u00e4sitt\u00e4\u00e4 alasektion isokokoiset lajit, joita ovat <em>H. aanenii, H. eburneum<\/em> ja <em>H. geminatum<\/em>. Osa suomalaisista kalvastymp\u00f6sn\u00e4ytteist\u00e4 osuu t\u00e4h\u00e4n joukkoon, mutta valtaosa lienee pisamatymp\u00f6si\u00e4 <em>H. velutipes<\/em>, koska laji on l\u00e4hes valkoinen ja hyvin yleinen. Mikroskoopin avulla pisamatymp\u00f6nen n\u00e4ist\u00e4 muista helposti: pisamatymp\u00f6sen iti\u00f6t ovat melko voimakkaan dekstrinoideja ja kystidit k\u00e4rkeen p\u00e4in tasaisen nuijamaisesti levenevi\u00e4, selvi\u00e4 k\u00e4rkipullistumia harvemmin on.<\/p>\n<p><specita>H. geminatum<\/specita><\/p>\n<figure id=\"attachment_3178\" aria-describedby=\"caption-attachment-3178\" style=\"width: 840px\" class=\"wp-caption alignnone\"><img loading=\"lazy\" src=\"http:\/\/sieniatlas.fi\/wp-content\/uploads\/2020\/07\/Hebeloma-geminatum-Hiidenmaa-16.9.2001-JV17928F-840-n.jpg\" alt=\"\" width=\"840\" height=\"566\" class=\"size-full wp-image-3178\" srcset=\"https:\/\/sieniatlas.fi\/wp-content\/uploads\/2020\/07\/Hebeloma-geminatum-Hiidenmaa-16.9.2001-JV17928F-840-n.jpg 840w, https:\/\/sieniatlas.fi\/wp-content\/uploads\/2020\/07\/Hebeloma-geminatum-Hiidenmaa-16.9.2001-JV17928F-840-n-300x202.jpg 300w, https:\/\/sieniatlas.fi\/wp-content\/uploads\/2020\/07\/Hebeloma-geminatum-Hiidenmaa-16.9.2001-JV17928F-840-n-768x517.jpg 768w\" sizes=\"(max-width: 840px) 100vw, 840px\" \/><figcaption id=\"caption-attachment-3178\" class=\"wp-caption-text\">K<smacap>UVA .<\/smacap><smapic> <em>Hebeloma geminatum<\/em>).<\/figcaption><\/figure>\n<p><specita>H. salicicola<\/specita><\/p>\n<nav class=\"navigation post-navigation\" role=\"navigation\">\n<h2 class=\"screen-reader-text\">Hebeloman selaus<\/h2>\n<div class=\"nav-links\">\n<div class=\"nav-previous\"><a href=\"http:\/\/sieniatlas.fi\/index.php\/hebeloma-sektio-denudata-alasektio-clepsydroida\/\" rel=\"prev\"><span class=\"nav-link-text\">Edellinen<\/span><\/p>\n<h3 class=\"entry-title\">Tymp\u00f6set &#8211; sektio Denudata &#8211; alasektio Clepsydroida<\/h3>\n<p><\/a><\/div>\n<div class=\"nav-next\"><a href=\"http:\/\/sieniatlas.fi\/index.php\/hebeloma-mikroskopia\/\" rel=\"next\"><span class=\"nav-link-text\">Seuraava<\/span><\/p>\n<h3 class=\"entry-title\">Tymp\u00f6sten mikroskooppinen m\u00e4\u00e4ritt\u00e4minen<\/h3>\n<p><\/a><\/div>\n<\/div>\n<\/nav>\n<div class=\"foo\">\n<p>Mika Toivonen 17.4.2020. Last update: 6.6.2020<\/p>\n<\/div>\n","protected":false},"excerpt":{"rendered":"<p>(aanenii) &#8212; eburneum &#8212; geminatum &#8212; (crustuliniforme) helodes salicicola Suomesta on tunnistettu 4 lajia, Euroopasta 15 lajia. Tunturilajeja on useita. <span class=\"more-text\">&hellip;<\/span><\/p>\n","protected":false},"author":7,"featured_media":0,"parent":0,"menu_order":0,"comment_status":"closed","ping_status":"closed","template":"","meta":[],"_links":{"self":[{"href":"https:\/\/sieniatlas.fi\/index.php\/wp-json\/wp\/v2\/pages\/1642"}],"collection":[{"href":"https:\/\/sieniatlas.fi\/index.php\/wp-json\/wp\/v2\/pages"}],"about":[{"href":"https:\/\/sieniatlas.fi\/index.php\/wp-json\/wp\/v2\/types\/page"}],"author":[{"embeddable":true,"href":"https:\/\/sieniatlas.fi\/index.php\/wp-json\/wp\/v2\/users\/7"}],"replies":[{"embeddable":true,"href":"https:\/\/sieniatlas.fi\/index.php\/wp-json\/wp\/v2\/comments?post=1642"}],"version-history":[{"count":30,"href":"https:\/\/sieniatlas.fi\/index.php\/wp-json\/wp\/v2\/pages\/1642\/revisions"}],"predecessor-version":[{"id":3180,"href":"https:\/\/sieniatlas.fi\/index.php\/wp-json\/wp\/v2\/pages\/1642\/revisions\/3180"}],"wp:attachment":[{"href":"https:\/\/sieniatlas.fi\/index.php\/wp-json\/wp\/v2\/media?parent=1642"}],"curies":[{"name":"wp","href":"https:\/\/api.w.org\/{rel}","templated":true}]}}