{"id":1635,"date":"2020-04-17T19:05:49","date_gmt":"2020-04-17T21:05:49","guid":{"rendered":"http:\/\/sieniatlas.fi\/?page_id=1635"},"modified":"2020-07-15T21:01:57","modified_gmt":"2020-07-15T23:01:57","slug":"hebeloma-sektio-scabrispora","status":"publish","type":"page","link":"https:\/\/sieniatlas.fi\/index.php\/hebeloma-sektio-scabrispora\/","title":{"rendered":"Hebeloma &#8211; sektio Scabrispora"},"content":{"rendered":"<p><a href=\"#laterinum\"><em>laterinum<\/em><\/a><br \/>\n<a href=\"#cylindrosporum,\"><em>cylindrosporum<\/em><\/a><br \/>\n<a href=\"#circinans\"><em>circinans<\/em><\/a><br \/>\n<a href=\"#birrus\"><em>birrus<\/em><\/a><\/p>\n<p>Euroopasta on tunnistettu 10 lajia. Suomesta tunnetaan ainakin 4 lajia. Lis\u00e4ksi meilt\u00e4 on ilmoitettu <em>H. danicum<\/em> ja <em>H. pumilum<\/em>, mutta p\u00e4ivitetty\u00e4 k\u00e4sityst\u00e4 n\u00e4iden lajien olemassaolosta meill\u00e4 ei ole. <\/p>\n<p>Sektion Scabrispora luonnehtiminen ryhm\u00e4n\u00e4 on vaikeaa, koska kyseess\u00e4 on joukko kesken\u00e4\u00e4n erin\u00e4k\u00f6isi\u00e4 lajeja. Useimmat lajit ovat pienehk\u00f6j\u00e4, korkeintaan keskikokoisia sieni\u00e4, toisaalta ryhm\u00e4\u00e4n kuuluu isohko kaakaotymp\u00f6nen <em>H. laterinum<\/em>. Yhteinen piirre on, ett\u00e4 jalka voi olla juurehtiva, mutta t\u00e4m\u00e4 ominaisuus ei aina ilmene. Retikkaista tuoksua t\u00e4m\u00e4n ryhm\u00e4n tymp\u00f6sill\u00e4 ei ilmeisesti ole. Joillakin lajeilla voi olla suojusj\u00e4tteit\u00e4, mik\u00e4 muuten on tunnusomaista sektion <em>Hebeloma<\/em> lajeille.<\/p>\n<p>Keilokystidit ovat kaikilla lajeilla lyhyit\u00e4, osalla hyvin lyhyit\u00e4. Yhteisi\u00e4 iti\u00f6tuntomerkkej\u00e4 ei ole, mutta aika monella lajilla iti\u00f6t ovat voimakkaan dekstrinoideja ja samalla iti\u00f6n sein\u00e4n ulkokerros (perispori) on preparaatissa hieman irronnut.<\/p>\n<p><spec><a name=\"laterinum\">kaakaotymp\u00f6nen<\/a><\/spec>&#160;&#160;<specita>H. laterinum<\/specita><\/p>\n<p>Kaakaotymp\u00f6nen on isohko ja usein pulleanoloinen, vaaleanruskea laji. Se yleens\u00e4 tummuu voimakkaasti kuivattaessa. Laji on kasvaa runsaana kalkkipaikoilla, muualla sit\u00e4 ei juuri tapaa.<\/p>\n<p><spec><a name=\"cylindrosporum\">sukkulatymp\u00f6nen<\/a><\/spec>&#160;&#160;<specita>H. cylindrosporum<\/specita><\/p>\n<p><spec><a name=\"laterinum\">teetymp\u00f6nen<\/a><\/spec>&#160;&#160;<specita>H. circinans<\/specita><\/p>\n<figure id=\"attachment_3163\" aria-describedby=\"caption-attachment-3163\" style=\"width: 840px\" class=\"wp-caption alignnone\"><img loading=\"lazy\" src=\"http:\/\/sieniatlas.fi\/wp-content\/uploads\/2020\/07\/Hebeloma-circinans-Ecker\u00f6-25.9.1992-JV7833F-840-n.jpg\" alt=\"\" width=\"840\" height=\"566\" class=\"size-full wp-image-3163\" srcset=\"https:\/\/sieniatlas.fi\/wp-content\/uploads\/2020\/07\/Hebeloma-circinans-Ecker\u00f6-25.9.1992-JV7833F-840-n.jpg 840w, https:\/\/sieniatlas.fi\/wp-content\/uploads\/2020\/07\/Hebeloma-circinans-Ecker\u00f6-25.9.1992-JV7833F-840-n-300x202.jpg 300w, https:\/\/sieniatlas.fi\/wp-content\/uploads\/2020\/07\/Hebeloma-circinans-Ecker\u00f6-25.9.1992-JV7833F-840-n-768x517.jpg 768w\" sizes=\"(max-width: 840px) 100vw, 840px\" \/><figcaption id=\"caption-attachment-3163\" class=\"wp-caption-text\">K<smacap>UVA .<\/smacap><smapic> Teetymp\u00f6si\u00e4 (<em>H. circinans<\/em>).<\/figcaption><\/figure>\n<nav class=\"navigation post-navigation\" role=\"navigation\">\n<h2 class=\"screen-reader-text\">Hebeloman selaus<\/h2>\n<div class=\"nav-links\">\n<div class=\"nav-previous\"><a href=\"http:\/\/sieniatlas.fi\/index.php\/hebeloma-sektio-naviculospora\/\" rel=\"prev\"><span class=\"nav-link-text\">Edellinen<\/span><\/p>\n<h3 class=\"entry-title\">Tymp\u00f6set &#8211; sektio Naviculospora<\/h3>\n<p><\/a><\/div>\n<div class=\"nav-next\"><a href=\"http:\/\/sieniatlas.fi\/index.php\/hebeloma-sektio-syrjense\/\" rel=\"next\"><span class=\"nav-link-text\">Seuraava<\/span><\/p>\n<h3 class=\"entry-title\">Tymp\u00f6set &#8211; sektio Syrjense<\/h3>\n<p><\/a><\/div>\n<\/div>\n<\/nav>\n<div class=\"foo\">\n<p>Mika Toivonen 17.4.2020. Last update: 6.6.2020<\/p>\n<\/div>\n","protected":false},"excerpt":{"rendered":"<p>laterinum cylindrosporum circinans birrus Euroopasta on tunnistettu 10 lajia. Suomesta tunnetaan ainakin 4 lajia. Lis\u00e4ksi meilt\u00e4 on ilmoitettu H. danicum <span class=\"more-text\">&hellip;<\/span><\/p>\n","protected":false},"author":7,"featured_media":2065,"parent":0,"menu_order":0,"comment_status":"closed","ping_status":"closed","template":"","meta":[],"_links":{"self":[{"href":"https:\/\/sieniatlas.fi\/index.php\/wp-json\/wp\/v2\/pages\/1635"}],"collection":[{"href":"https:\/\/sieniatlas.fi\/index.php\/wp-json\/wp\/v2\/pages"}],"about":[{"href":"https:\/\/sieniatlas.fi\/index.php\/wp-json\/wp\/v2\/types\/page"}],"author":[{"embeddable":true,"href":"https:\/\/sieniatlas.fi\/index.php\/wp-json\/wp\/v2\/users\/7"}],"replies":[{"embeddable":true,"href":"https:\/\/sieniatlas.fi\/index.php\/wp-json\/wp\/v2\/comments?post=1635"}],"version-history":[{"count":27,"href":"https:\/\/sieniatlas.fi\/index.php\/wp-json\/wp\/v2\/pages\/1635\/revisions"}],"predecessor-version":[{"id":3181,"href":"https:\/\/sieniatlas.fi\/index.php\/wp-json\/wp\/v2\/pages\/1635\/revisions\/3181"}],"wp:featuredmedia":[{"embeddable":true,"href":"https:\/\/sieniatlas.fi\/index.php\/wp-json\/wp\/v2\/media\/2065"}],"wp:attachment":[{"href":"https:\/\/sieniatlas.fi\/index.php\/wp-json\/wp\/v2\/media?parent=1635"}],"curies":[{"name":"wp","href":"https:\/\/api.w.org\/{rel}","templated":true}]}}