{"id":1633,"date":"2020-04-17T17:18:10","date_gmt":"2020-04-17T19:18:10","guid":{"rendered":"http:\/\/sieniatlas.fi\/?page_id=1633"},"modified":"2020-07-15T19:44:35","modified_gmt":"2020-07-15T21:44:35","slug":"hebeloma-sektio-theobromina","status":"publish","type":"page","link":"https:\/\/sieniatlas.fi\/index.php\/hebeloma-sektio-theobromina\/","title":{"rendered":"Hebeloma &#8211; sektio Theobromina"},"content":{"rendered":"<p><a href=\"#theobrominum\"><em>theobrominum<\/em><\/a><\/p>\n<p>Suklaatymp\u00f6nen<\/a> on ainoa Suomesta l\u00f6ydetty laji. Euroopasta tunnetaan 7 lajia.<\/p>\n<p>Muita kovin samann\u00e4k\u00f6isi\u00e4 lajeja Suomesta ei tunneta.<\/p>\n<p><spec><a name=\"theobrominum\">suklaatymp\u00f6nen<\/a><\/spec>&#160;&#160;<specita>H. theobrominum<\/specita><\/p>\n<figure id=\"attachment_3016\" aria-describedby=\"caption-attachment-3016\" style=\"width: 900px\" class=\"wp-caption alignnone\"><img loading=\"lazy\" src=\"http:\/\/sieniatlas.fi\/wp-content\/uploads\/2020\/07\/IMGP0346-900-20-nn.jpg\" alt=\"\" width=\"900\" height=\"596\" class=\"size-full wp-image-3016\" srcset=\"https:\/\/sieniatlas.fi\/wp-content\/uploads\/2020\/07\/IMGP0346-900-20-nn.jpg 900w, https:\/\/sieniatlas.fi\/wp-content\/uploads\/2020\/07\/IMGP0346-900-20-nn-300x199.jpg 300w, https:\/\/sieniatlas.fi\/wp-content\/uploads\/2020\/07\/IMGP0346-900-20-nn-768x509.jpg 768w\" sizes=\"(max-width: 900px) 100vw, 900px\" \/><figcaption id=\"caption-attachment-3016\" class=\"wp-caption-text\">K<smacap>UVA 1.<\/smacap><smapic> Suklaatymp\u00f6nen (<em>Hebeloma theobrominum<\/em>), kosteapohjaisessa kuusilehdossa.<\/smapic><br \/><\/figcaption><\/figure>\n<p>Suklaatymp\u00f6sen lakin v\u00e4ri on kaakaonruskea&#8211;vaaleanruskea. Kun sieni kasvaa paljaalla maalla tai nurmikolla, se voi olla lyhytjalkainen.<\/p>\n<p>Suklaatymp\u00f6nen on rehevien paikkojen laji.<\/p>\n<p>Iti\u00f6t ovat pienehk\u00f6j\u00e4, kapeita ja hienonystyisi\u00e4. Dekstrinoidisuudessa on vaihtelua ja ainakin toisinaan n\u00e4kym\u00e4 on lopultakin kirjava: osa iti\u00f6ist\u00e4 tummuu voimakkaan dekstrinoideiksi, mutta osa voi j\u00e4\u00e4d\u00e4 selv\u00e4sti vaaleammiksi. Ilmeisesti n\u00e4ytteiden v\u00e4lill\u00e4kin on eroja. Kystidit ovat lyhyenpuoleisia, mutta eiv\u00e4t ihan lyhyit\u00e4. Perusmuoto on tasapaksu (cylindrical), mutta tyypillisesti niiss\u00e4 on ep\u00e4m\u00e4\u00e4r\u00e4isi\u00e4 v\u00e4h\u00e4isi\u00e4 kaventumia, usein l\u00e4hemp\u00e4n\u00e4 k\u00e4rke\u00e4.<\/p>\n<figure id=\"attachment_3026\" aria-describedby=\"caption-attachment-3026\" style=\"width: 840px\" class=\"wp-caption alignnone\"><img loading=\"lazy\" src=\"http:\/\/sieniatlas.fi\/wp-content\/uploads\/2020\/07\/IMG_0048-840-c.jpg\" alt=\"\" width=\"840\" height=\"494\" class=\"size-full wp-image-3026\" srcset=\"https:\/\/sieniatlas.fi\/wp-content\/uploads\/2020\/07\/IMG_0048-840-c.jpg 840w, https:\/\/sieniatlas.fi\/wp-content\/uploads\/2020\/07\/IMG_0048-840-c-300x176.jpg 300w, https:\/\/sieniatlas.fi\/wp-content\/uploads\/2020\/07\/IMG_0048-840-c-768x452.jpg 768w\" sizes=\"(max-width: 840px) 100vw, 840px\" \/><figcaption id=\"caption-attachment-3026\" class=\"wp-caption-text\">K<smacap>UVA 2.<\/smacap><smapic> Suklaatymp\u00f6sen (<em>Hebeloma theobrominum<\/em>) heltan ter\u00e4, Melzerin reagenssi. <\/smapic><\/figcaption><\/figure>\n<nav class=\"navigation post-navigation\" role=\"navigation\">\n<h2 class=\"screen-reader-text\">Hebeloman selaus<\/h2>\n<div class=\"nav-links\">\n<div class=\"nav-previous\"><a href=\"http:\/\/sieniatlas.fi\/index.php\/hebeloma-sektio-sinapizantia\/\" rel=\"prev\"><span class=\"nav-link-text\">Edellinen<\/span><\/p>\n<h3 class=\"entry-title\">Tymp\u00f6set &#8211; sektio Sinapizantia<\/h3>\n<p><\/a><\/div>\n<div class=\"nav-next\"><a href=\"http:\/\/sieniatlas.fi\/index.php\/hebeloma-sektio-naviculospora\/\" rel=\"next\"><span class=\"nav-link-text\">Seuraava<\/span><\/p>\n<h3 class=\"entry-title\">Tymp\u00f6set &#8211; sektio Naviculospora<\/h3>\n<p><\/a><\/div>\n<\/div>\n<\/nav>\n<div class=\"foo\">\n<p>Mika Toivonen 17.4.2020. Last update: 6.6.2020<\/p>\n<\/div>\n","protected":false},"excerpt":{"rendered":"<p>theobrominum Suklaatymp\u00f6nen on ainoa Suomesta l\u00f6ydetty laji. Euroopasta tunnetaan 7 lajia. Muita kovin samann\u00e4k\u00f6isi\u00e4 lajeja Suomesta ei tunneta. suklaatymp\u00f6nen&#160;&#160;H. theobrominum <span class=\"more-text\">&hellip;<\/span><\/p>\n","protected":false},"author":7,"featured_media":3018,"parent":0,"menu_order":0,"comment_status":"closed","ping_status":"closed","template":"","meta":[],"_links":{"self":[{"href":"https:\/\/sieniatlas.fi\/index.php\/wp-json\/wp\/v2\/pages\/1633"}],"collection":[{"href":"https:\/\/sieniatlas.fi\/index.php\/wp-json\/wp\/v2\/pages"}],"about":[{"href":"https:\/\/sieniatlas.fi\/index.php\/wp-json\/wp\/v2\/types\/page"}],"author":[{"embeddable":true,"href":"https:\/\/sieniatlas.fi\/index.php\/wp-json\/wp\/v2\/users\/7"}],"replies":[{"embeddable":true,"href":"https:\/\/sieniatlas.fi\/index.php\/wp-json\/wp\/v2\/comments?post=1633"}],"version-history":[{"count":28,"href":"https:\/\/sieniatlas.fi\/index.php\/wp-json\/wp\/v2\/pages\/1633\/revisions"}],"predecessor-version":[{"id":3153,"href":"https:\/\/sieniatlas.fi\/index.php\/wp-json\/wp\/v2\/pages\/1633\/revisions\/3153"}],"wp:featuredmedia":[{"embeddable":true,"href":"https:\/\/sieniatlas.fi\/index.php\/wp-json\/wp\/v2\/media\/3018"}],"wp:attachment":[{"href":"https:\/\/sieniatlas.fi\/index.php\/wp-json\/wp\/v2\/media?parent=1633"}],"curies":[{"name":"wp","href":"https:\/\/api.w.org\/{rel}","templated":true}]}}