{"id":1586,"date":"2020-04-17T16:25:27","date_gmt":"2020-04-17T18:25:27","guid":{"rendered":"http:\/\/sieniatlas.fi\/?page_id=1586"},"modified":"2021-03-01T20:15:43","modified_gmt":"2021-03-01T22:15:43","slug":"tymposet-hebeloma","status":"publish","type":"page","link":"https:\/\/sieniatlas.fi\/index.php\/tymposet-hebeloma\/","title":{"rendered":"Tymp\u00f6set &#8211; Hebeloma"},"content":{"rendered":"<p><a href=\"#luonnossa\">Tymp\u00f6set Suomen luonnossa<\/a><br \/>\n<a href=\"#dokumentointi\">Dokumentointi maastossa<\/a><\/p>\n<p><a href=\"http:\/\/sieniatlas.fi\/index.php\/hebeloma-suomi\/\">Suomen tymp\u00f6slajisto<\/a><br \/>\n<a href=\"http:\/\/sieniatlas.fi\/index.php\/hebeloma-mikroskopia\/\">M\u00e4\u00e4ritt\u00e4minen mikroskoopin avulla<\/a><br \/>\n<a href=\"http:\/\/sieniatlas.fi\/index.php\/hebeloma-kirjallisuus\/\">Katsaus kirjallisuuteen<\/a><\/p>\n<p><a name=\"luonnossa\"><\/a><spec>Tymp\u00f6set Suomen luonnossa<spec><\/p>\n<p>Tymp\u00f6si\u00e4, suku <em>Hebeloma<\/em>, kasvaa Suomessa runsaat 30 lajia. Vaikka lajeja on aika v\u00e4h\u00e4n, tunnistaminen on hankalaa. On viel\u00e4 osittain ep\u00e4selv\u00e4\u00e4, mit\u00e4 lajeja Suomessa kasvaa ja kuinka yleisi\u00e4 ne ovat. \u00c4skett\u00e4in on ilmestynyt Euroopan monografia (Beker ym. 2016), perusteellinen ja moderni tutkimus, jonka avulla Suomenkin lajistoon perehtyminen on mahdollista.<\/p>\n<p>Suomalainen luonto on suurelta osin karunpuoleista mets\u00e4maata eik\u00e4 t\u00e4llainen milj\u00f6\u00f6 ole mik\u00e4\u00e4n tymp\u00f6sparatiisi. Muutama laji kasvaa tavallisessa kangasmets\u00e4ss\u00e4, jokunen hiekkamailla, jokunen soistuneissa painanteissa. Tihkupinnoilla, l\u00e4hteikk\u00f6jen liepeill\u00e4 ja tulvarannoilla kasvaa useita lajeja. Mit\u00e4 pohjoisemmaksi menn\u00e4\u00e4n, sit\u00e4 enemm\u00e4n n\u00e4ille lajeille sopivia kasvupaikkoja on. Tymp\u00f6slajisto on melko runsas tuntureiden ja pohjoisten jokivarsien pajukoissa, joissa kasvaa sek\u00e4 boreaalista ett\u00e4 alpiinista lajistoa.<\/p>\n<p>Urbaani sienest\u00e4j\u00e4 t\u00f6rm\u00e4\u00e4 tymp\u00f6siin vaivatta puistoissa ja joutomailla. Tymp\u00f6si\u00e4 kasvaa runsaslukuisina nurmikoilla istutettujen puistopuiden ymp\u00e4rill\u00e4. Monet tymp\u00f6slajit ovat ruderaattisieni\u00e4 ja ne viihtyv\u00e4t sukkession alkuvaiheen metsik\u00f6iss\u00e4, esimerkiksi kaupunkipusikoissa.<\/p>\n<p>Tymp\u00f6set ovat mykorritsasieni\u00e4, mutta monet lajit pystyv\u00e4t kasvamaan useiden puulajien kanssa. Toisaalta kasvupaikkansa suhteen tarkkoja lajeja on, joten sen ymm\u00e4rt\u00e4minen, millaisessa milj\u00f6\u00f6ss\u00e4 kulloinkin kulkee, auttaa my\u00f6s tymp\u00f6sten m\u00e4\u00e4ritt\u00e4misess\u00e4.<\/p>\n<p><a name=\"dokumentointi\"><\/a><spec>Dokumentointi maastossa<\/spec><\/p>\n<ul>\n<li>Tymp\u00f6sten tunnistaminen pelk\u00e4n valokuvan perusteella on vaikeaa. Sienten tulisi valokuvissa olla hyv\u00e4kuntoisia ja valokuvienkin hyvi\u00e4.<\/li>\n<li>Tymp\u00f6sia on t\u00e4rke\u00e4 haistaa ja kirjata tuoksu lomakkeelle. Muutamalla lajilla tuoksu on hyvin voimakkaan makea, osalla pist\u00e4v\u00e4n retikkainen. Sitten on tuoksuja, joita on vaikeampi luonnehtia, yleinen on pehme\u00e4, hieman ep\u00e4miellytt\u00e4v\u00e4 tuoksu. Yht\u00e4 tyypillist\u00e4 tymp\u00f6stuoksua ei ole.<\/li>\n<li>Havainnosta on syyt\u00e4 ottaa sellainen valokuva, ett\u00e4 jostakin iti\u00f6em\u00e4st\u00e4 voi laskea tai arvioida helttojen lukum\u00e4\u00e4r\u00e4n. T\u00e4m\u00e4 on m\u00e4\u00e4rityskaavoissa k\u00e4ytetty tuntomerkki. Valokuvassa jalka voi peitt\u00e4\u00e4 pienen osan helttapuolta, arviointia t\u00e4m\u00e4 ei haittaa.<\/li>\n<li>Osa tymp\u00f6slajeista on juurehtivia. Jos asian hoksaa, ilmi\u00f6 on syyt\u00e4 dokumentoida my\u00f6s valokuvaan.<\/li>\n<\/ul>\n<nav class=\"navigation post-navigation\" role=\"navigation\">\n<h2 class=\"screen-reader-text\">Hebeloma selaus<\/h2>\n<div class=\"nav-links\">\n<div class=\"nav-next\"><a href=\"http:\/\/sieniatlas.fi\/index.php\/hebeloma-suomi\/\" rel=\"next\"><br \/>\n<span class=\"nav-link-text\">Seuraava<\/span><\/p>\n<h3 class=\"entry-title\">Suomen tymp\u00f6slajisto<\/h3>\n<p><\/a>\n<\/div>\n<\/div>\n<\/nav>\n<div class=\"foo\">\n<p>Mika Toivonen 17.4.2020. Last update: 1.3.2021<\/p>\n<\/div>\n","protected":false},"excerpt":{"rendered":"<p>Tymp\u00f6set Suomen luonnossa Dokumentointi maastossa Suomen tymp\u00f6slajisto M\u00e4\u00e4ritt\u00e4minen mikroskoopin avulla Katsaus kirjallisuuteen Tymp\u00f6set Suomen luonnossa Tymp\u00f6si\u00e4, suku Hebeloma, kasvaa Suomessa <span class=\"more-text\">&hellip;<\/span><\/p>\n","protected":false},"author":7,"featured_media":3008,"parent":0,"menu_order":0,"comment_status":"closed","ping_status":"closed","template":"","meta":[],"_links":{"self":[{"href":"https:\/\/sieniatlas.fi\/index.php\/wp-json\/wp\/v2\/pages\/1586"}],"collection":[{"href":"https:\/\/sieniatlas.fi\/index.php\/wp-json\/wp\/v2\/pages"}],"about":[{"href":"https:\/\/sieniatlas.fi\/index.php\/wp-json\/wp\/v2\/types\/page"}],"author":[{"embeddable":true,"href":"https:\/\/sieniatlas.fi\/index.php\/wp-json\/wp\/v2\/users\/7"}],"replies":[{"embeddable":true,"href":"https:\/\/sieniatlas.fi\/index.php\/wp-json\/wp\/v2\/comments?post=1586"}],"version-history":[{"count":90,"href":"https:\/\/sieniatlas.fi\/index.php\/wp-json\/wp\/v2\/pages\/1586\/revisions"}],"predecessor-version":[{"id":3568,"href":"https:\/\/sieniatlas.fi\/index.php\/wp-json\/wp\/v2\/pages\/1586\/revisions\/3568"}],"wp:featuredmedia":[{"embeddable":true,"href":"https:\/\/sieniatlas.fi\/index.php\/wp-json\/wp\/v2\/media\/3008"}],"wp:attachment":[{"href":"https:\/\/sieniatlas.fi\/index.php\/wp-json\/wp\/v2\/media?parent=1586"}],"curies":[{"name":"wp","href":"https:\/\/api.w.org\/{rel}","templated":true}]}}