{"id":1513,"date":"2020-03-11T08:18:51","date_gmt":"2020-03-11T10:18:51","guid":{"rendered":"http:\/\/sieniatlas.fi\/?page_id=1513"},"modified":"2020-03-11T08:18:51","modified_gmt":"2020-03-11T10:18:51","slug":"sieninaytteen-nahistus-ja-prassays","status":"publish","type":"page","link":"https:\/\/sieniatlas.fi\/index.php\/sieninaytteen-nahistus-ja-prassays\/","title":{"rendered":"Sienin\u00e4ytteen nahistus ja pr\u00e4ss\u00e4ys"},"content":{"rendered":"<p>Kuivatun sienin\u00e4ytteen voi nahistaa ja pr\u00e4ss\u00e4t\u00e4, jolloin se vie v\u00e4hemm\u00e4n tilaa s\u00e4ilytyksess\u00e4. Museoiden sienin\u00e4ytteet ovat yleens\u00e4 nahistettuja ja pr\u00e4ss\u00e4ttyj\u00e4.\u00a0Siit\u00e4 on my\u00f6s hy\u00f6ty\u00e4, jos\u00a0postite l\u00e4hett\u00e4\u00e4 n\u00e4ytteit\u00e4, sill\u00e4 pr\u00e4ss\u00e4tyt sienet s\u00e4ilyv\u00e4t paremmin ehjin\u00e4. Jos haluat auttaa museoon toimitettavan n\u00e4ytteen k\u00e4sittelyss\u00e4, voit tehd\u00e4 itse nahistuksen ja pr\u00e4ss\u00e4yksen valmiiksi. \u00a0Sivun alaosassa on video, josta n\u00e4\u00e4t nahistuksen ja pr\u00e4ss\u00e4yksen eri vaiheet.<\/p>\n<ol>\n<li>Laita astiaan kuumaa vett\u00e4. Voit k\u00e4ytt\u00e4\u00e4 my\u00f6s kylm\u00e4\u00e4 vett\u00e4, mutta silloin aikaa kuluu kauemmin.<\/li>\n<li>Laita siivil\u00e4 astian p\u00e4\u00e4lle ja sen pohjalle pala talouspaperia.<\/li>\n<li>Asettele sienin\u00e4ytteet siivil\u00e4n pohjalle tunnistelappujen kanssa.<\/li>\n<li>Laita astian ja n\u00e4ytteiden ymp\u00e4rille muovipussi, jotta vesih\u00f6yry ei karkaa.<\/li>\n<li>Odota 15-30 min, jos k\u00e4yt\u00e4t kuumaa vett\u00e4 ja n\u00e4ytteet eiv\u00e4t ole kovin suuria. Isommilla sienill\u00e4 ja kylm\u00e4ll\u00e4 vedell\u00e4 nahistaessa voi joutua odottamaan useita tunteja.\u00a0 Odotusaika kuitenkin riippuu paljon sienten koosta.<\/li>\n<li>Laita sanomalehden alle isohko pahvin palanen kovikkeeksi.<\/li>\n<li>Asettele\u00a0nahistuneet sienin\u00e4ytteet sanomalehden v\u00e4liin ja katso, ett\u00e4 helttasienten lakit j\u00e4\u00e4v\u00e4t suoraksi.\u00a0Sieni on nahistunut kun sen jalka ei murru kun sit\u00e4 taivuttaa lakkia vasten. My\u00f6s lakki kest\u00e4\u00e4 kevytt\u00e4 pr\u00e4ss\u00e4yst\u00e4 eli heltat litistyv\u00e4t kauniisti. K\u00e4yt\u00e4 sanomalehti\u00e4 runsaasti, jotta varmasti imev\u00e4t kosteuden itseens\u00e4.<\/li>\n<li>Laita sanomalehden p\u00e4\u00e4lle toinen pahvin palanen ja sen p\u00e4\u00e4lle kevyt paino. Esimerkiksi muutama vihko.<\/li>\n<li>J\u00e4tet\u00e4\u00e4n n\u00e4ytteet sanomalehden v\u00e4liin kuivumaan v\u00e4hint\u00e4\u00e4n vuorokaudeksi. Vaihda v\u00e4lill\u00e4 tarvittaessa sanomalehti.\u00a0Tarkista, ett\u00e4 n\u00e4ytteet ovat varmasti kuivat.<\/li>\n<li>Pussita n\u00e4ytteet.<\/li>\n<\/ol>\n<p>Jos nahistat isomman m\u00e4\u00e4r\u00e4n sieni\u00e4 kerralla, se kannattaa tehd\u00e4 isossa muovilaatikossa. Silloin vesiastia laitetaan laatikon pohjalle ja sienin\u00e4ytteet my\u00f6s laatikon pohjalle. Kun n\u00e4yteet ovat sis\u00e4ll\u00e4, laatikon kannen voi sulkea.<\/p>\n<p><center><br \/>\nVIDEO-ESITTELY:\u00a0SIENIN\u00c4YTTEEN NAHISTUS<\/center>\n<!-- iframe plugin v.4.5 wordpress.org\/plugins\/iframe\/ -->\n<iframe width=\"700\" height=\"400\" src=\"https:\/\/www.youtube.com\/embed\/h_STjquzV5s\" frameborder=\"0\" allow=\"accelerometer; autoplay; encrypted-media; gyroscope; picture-in-picture\" 0=\"allowfullscreen\" scrolling=\"yes\" class=\"iframe-class\"><\/iframe>\n<\/p>\n","protected":false},"excerpt":{"rendered":"<p>Kuivatun sienin\u00e4ytteen voi nahistaa ja pr\u00e4ss\u00e4t\u00e4, jolloin se vie v\u00e4hemm\u00e4n tilaa s\u00e4ilytyksess\u00e4. Museoiden sienin\u00e4ytteet ovat yleens\u00e4 nahistettuja ja pr\u00e4ss\u00e4ttyj\u00e4.\u00a0Siit\u00e4 on <span class=\"more-text\">&hellip;<\/span><\/p>\n","protected":false},"author":2,"featured_media":0,"parent":0,"menu_order":0,"comment_status":"closed","ping_status":"closed","template":"","meta":[],"_links":{"self":[{"href":"https:\/\/sieniatlas.fi\/index.php\/wp-json\/wp\/v2\/pages\/1513"}],"collection":[{"href":"https:\/\/sieniatlas.fi\/index.php\/wp-json\/wp\/v2\/pages"}],"about":[{"href":"https:\/\/sieniatlas.fi\/index.php\/wp-json\/wp\/v2\/types\/page"}],"author":[{"embeddable":true,"href":"https:\/\/sieniatlas.fi\/index.php\/wp-json\/wp\/v2\/users\/2"}],"replies":[{"embeddable":true,"href":"https:\/\/sieniatlas.fi\/index.php\/wp-json\/wp\/v2\/comments?post=1513"}],"version-history":[{"count":4,"href":"https:\/\/sieniatlas.fi\/index.php\/wp-json\/wp\/v2\/pages\/1513\/revisions"}],"predecessor-version":[{"id":1531,"href":"https:\/\/sieniatlas.fi\/index.php\/wp-json\/wp\/v2\/pages\/1513\/revisions\/1531"}],"wp:attachment":[{"href":"https:\/\/sieniatlas.fi\/index.php\/wp-json\/wp\/v2\/media?parent=1513"}],"curies":[{"name":"wp","href":"https:\/\/api.w.org\/{rel}","templated":true}]}}