{"id":1484,"date":"2019-11-28T09:14:54","date_gmt":"2019-11-28T11:14:54","guid":{"rendered":"http:\/\/sieniatlas.fi\/?page_id=1484"},"modified":"2020-07-20T16:50:03","modified_gmt":"2020-07-20T18:50:03","slug":"sieniatlastapahtumia-2020","status":"publish","type":"page","link":"https:\/\/sieniatlas.fi\/index.php\/sieniatlastapahtumia-2020\/","title":{"rendered":"Sieniatlastapahtumia &#8211; 2020"},"content":{"rendered":"<p>SIENIATLASLEIRI Kiteell\u00e4 18.-20.9.2020<\/p>\n<p>Leiri j\u00e4rjestet\u00e4\u00e4n Kiteen kansanopistolla. Leirill\u00e4 keskityt\u00e4\u00e4n helttasieniin. Valittuja kohteita kartoitetaan, lajeja kirjataan muistiin ja n\u00e4ytteit\u00e4 ker\u00e4t\u00e4\u00e4n my\u00f6hemp\u00e4\u00e4 m\u00e4\u00e4rityst\u00e4 varten. Leirin vet\u00e4jin\u00e4 ovat Kaisa Tervonen ja Mika Toivonen.<\/p>\n<p>SIENIMIKROSKOPIAKURSSI Konneveden tutkimusasemalla 14.\u201316.4.2020<\/p>\n<p>Mikroskopiakurssi on <strong>PERUTTU<\/strong>.<\/p>\n<p>MIKROSKOPIATY\u00d6PAJA Turussa 7.-8.3.2020<\/p>\n<p>J\u00e4rjest\u00e4mme mikroskopointity\u00f6pajan Turun yliopiston Kasvimuseolla 7.-8.3.2020<br \/>\nTy\u00f6paja on suunnattu ensisijaisesti harrastajille, joilla on oma mikroskooppi ja omia n\u00e4ytteit\u00e4 skoopattavaksi. Mik\u00e4li sinulla ei ole omaa mikroskooppia, mutta omia n\u00e4ytteit\u00e4 olisi, ota yhteytt\u00e4, muutama paikka on tarjolla. Yhteens\u00e4 ilaa on noin 18:lle harrastajalle. Paikalla opastamassa ja auttamassa m\u00e4\u00e4ritysty\u00f6ss\u00e4 ovat Mika Toivonen, Kaisa Tervonen, Seppo Huhtinen ja Jukka Vauras.<\/p>\n<p>Ty\u00f6paja pidet\u00e4\u00e4n Kasvimuseolla (Yliopistonm\u00e4ki, Vesilinnantie 5). Kulku museolle: Rehtorinpellonkadun kautta Vesilinnan parkkipaikalle ja sielt\u00e4 sis\u00e4\u00e4n.<br \/>\nLauantaina 7.3. aloitamme klo 10 ja jatkamme siihen asti, kun intoa riitt\u00e4\u00e4. Sunnuntaina 8.3 skooppaamme 10-18. Kurssi on osallistujille ilmainen. Omat n\u00e4ytteet ja tarvikkeet mukaan! Museon kirjasto on k\u00e4ytett\u00e4viss\u00e4.<\/p>\n<p>K\u00e4yt\u00f6ss\u00e4 ovat mikro ja j\u00e4\u00e4kaappi, joten voit ottaa omia ev\u00e4it\u00e4 mukaan. Varsinaista ruokailutilaa ei ole, se otetaan mikroskopointik\u00e4ytt\u00f6\u00f6n. Lyhyen k\u00e4velymatkan p\u00e4\u00e4ss\u00e4 on sek\u00e4 ruokakauppoja ett\u00e4 useita ruokapaikkoja.<\/p>\n<p>Ilmoittautumiset s\u00e4hk\u00f6postitse Mika Toivoselle mijuto@utu.fi 23.02. menness\u00e4.<\/p>\n<p>SIENIMIKROSKOPOINTIKURSSI Oulussa 18.-19.1.2020<\/p>\n<p>Kurssi j\u00e4rjestet\u00e4\u00e4n Oulun yliopiston kasvitieteellisell\u00e4 puutarhalla (Kaitov\u00e4yl\u00e4 5).<br \/>\nMikroskopointikurssille ovat tervetulleita\u00a0asiasta kiinnostuneet harrastajat. Jo mikroskopointia aiemmin tehneet voivat tehd\u00e4 sit\u00e4 enemm\u00e4n tai v\u00e4hemm\u00e4n omatoimisesti kurssin vet\u00e4jien avustuksella. Aloittelijoiden kanssa k\u00e4ymme sienimikroskopian perusteet\u00a0 l\u00e4pi: leikkeen teko, erilaiset reagenssit, mikroskoopin k\u00e4ytt\u00f6, m\u00e4\u00e4rityskirjallisuus jne. Voit my\u00f6s tuoda m\u00e4\u00e4ritett\u00e4v\u00e4ksi omia n\u00e4ytteit\u00e4si.<\/p>\n<p>Kurssia on lauantaina klo 9-16 ja sunnuntaina klo 9-15. Kurssi on osallistujille ilmainen. Majoituksen ja kulkemisen j\u00e4rjest\u00e4t itse. Puutarhalla on k\u00e4yt\u00f6ss\u00e4 keitti\u00f6, mikro, j\u00e4\u00e4kaappi ja keittomahdollisuus, joten voit ottaa omat ev\u00e4\u00e4t mukaan. Kurssin vet\u00e4jin\u00e4 toimivat Matti Kulju (k\u00e4\u00e4v\u00e4kk\u00e4\u00e4t), Mika Toivonen ja Kaisa Tervonen (helttasienet). Lis\u00e4tiedot ja ilmoittautumiset: <a href=\"mailto:m.kulju@kolumbus.fi\">m.kulju@kolumbus.fi<\/a> tai 044 3357440. Kurssille mahtuu noin 10 harrastajaa, joille on varattu mikroskoopit. Lis\u00e4ksi voimme ottaa mukaan henkil\u00f6it\u00e4, jotka tuovat oman mikroskoopin. Sitovat ilmoittautumiset \u00a020.12.2019 menness\u00e4. Kerro ilmoittautumisen yhteydess\u00e4 \u00a0tuotko oman mikroskoopin.<\/p>\n<p><strong>Sienimikroskopointikurssi<\/strong> Jyv\u00e4skyl\u00e4ss\u00e4 25.-26.1.2020<\/p>\n<p>Kurssi j\u00e4rjestet\u00e4\u00e4n Jyv\u00e4skyl\u00e4ss\u00e4 Keski-Suomen luontomuseolla (Vesilinna, Ihantolantie 5). Mikroskopointikurssille ovat tervetulleita\u00a0asiasta kiinnostuneet harrastajat. Kurssilla tutustumme sienimikroskopian perusteisiin: leikkeen teko, erilaiset reagenssit, mikroskoopin k\u00e4ytt\u00f6, m\u00e4\u00e4rityskirjallisuus jne. Jos mikroskopointi on sinulle tuttua, voit edet\u00e4 omaan tahtiin ohjaajien avustuksella. Voit tuoda mukaasi my\u00f6s omia n\u00e4ytteit\u00e4.<\/p>\n<p>Kurssia on lauantaina klo 10-18 ja sunnuntaina klo 9-15. Kurssi on osallistujille ilmainen. Museolla on k\u00e4yt\u00f6ss\u00e4 mikro ja j\u00e4\u00e4kaappi, joten omat ev\u00e4\u00e4t voi tuoda mukaan. Kurssin vet\u00e4jin\u00e4 toimivat Kaisa Tervonen ja Mika Toivonen. Lis\u00e4tiedot ja ilmoittautumiset: kaisa.i.tervonen@jyu.fi. Kurssille mahtuu noin\u00a08 harrastajaa, joille on varattu mikroskoopit. Lis\u00e4ksi voimme ottaa mukaan henkil\u00f6it\u00e4, jotka tuovat oman mikroskoopin. Yhteens\u00e4 kurssille mahtuu 14. Sitovat ilmoittautumiset 15.1. menness\u00e4. Kerro ilmoittautumisen yhteydess\u00e4, tuotko oman mikroskoopin.<\/p>\n<p>&nbsp;<\/p>\n","protected":false},"excerpt":{"rendered":"<p>SIENIATLASLEIRI Kiteell\u00e4 18.-20.9.2020 Leiri j\u00e4rjestet\u00e4\u00e4n Kiteen kansanopistolla. Leirill\u00e4 keskityt\u00e4\u00e4n helttasieniin. Valittuja kohteita kartoitetaan, lajeja kirjataan muistiin ja n\u00e4ytteit\u00e4 ker\u00e4t\u00e4\u00e4n my\u00f6hemp\u00e4\u00e4 <span class=\"more-text\">&hellip;<\/span><\/p>\n","protected":false},"author":2,"featured_media":0,"parent":0,"menu_order":0,"comment_status":"closed","ping_status":"closed","template":"","meta":[],"_links":{"self":[{"href":"https:\/\/sieniatlas.fi\/index.php\/wp-json\/wp\/v2\/pages\/1484"}],"collection":[{"href":"https:\/\/sieniatlas.fi\/index.php\/wp-json\/wp\/v2\/pages"}],"about":[{"href":"https:\/\/sieniatlas.fi\/index.php\/wp-json\/wp\/v2\/types\/page"}],"author":[{"embeddable":true,"href":"https:\/\/sieniatlas.fi\/index.php\/wp-json\/wp\/v2\/users\/2"}],"replies":[{"embeddable":true,"href":"https:\/\/sieniatlas.fi\/index.php\/wp-json\/wp\/v2\/comments?post=1484"}],"version-history":[{"count":17,"href":"https:\/\/sieniatlas.fi\/index.php\/wp-json\/wp\/v2\/pages\/1484\/revisions"}],"predecessor-version":[{"id":3193,"href":"https:\/\/sieniatlas.fi\/index.php\/wp-json\/wp\/v2\/pages\/1484\/revisions\/3193"}],"wp:attachment":[{"href":"https:\/\/sieniatlas.fi\/index.php\/wp-json\/wp\/v2\/media?parent=1484"}],"curies":[{"name":"wp","href":"https:\/\/api.w.org\/{rel}","templated":true}]}}