{"id":1412,"date":"2019-10-23T14:04:59","date_gmt":"2019-10-23T16:04:59","guid":{"rendered":"http:\/\/sieniatlas.fi\/?page_id=1412"},"modified":"2019-11-01T04:39:46","modified_gmt":"2019-11-01T06:39:46","slug":"etikettipohja","status":"publish","type":"page","link":"https:\/\/sieniatlas.fi\/index.php\/etikettipohja\/","title":{"rendered":"Etikettipohja"},"content":{"rendered":"<p>Vihkoon tallennetuille havainton\u00e4ytteille on nyt mahdollista tulostaa etikettej\u00e4. Ohjelma toimii hienosti ja sen k\u00e4ytt\u00f6 on helppoa. Suurin ty\u00f6 on omiin tarpeisiin parhaiten sopivan etikettipohjan suunnittelu, itse etiketit syntyv\u00e4t ohjelmalla aivan vaivatta.<\/p>\n<p>Tallenna itsellesi mallipohja, niin p\u00e4\u00e4set samantien kokeilemaan, kuinka etiketinteko-ohjelma toimii:<br \/>\n<a href=\"http:\/\/tux.fi\/~mtoi\/ATLAS\/HELP\/\">mallipohja_v1<\/a> (lokakuu 2019)<\/p>\n<p>Voit tulostaa etiketit joko koko havaintoer\u00e4st\u00e4 (rastitetuista erist\u00e4) tai pelk\u00e4st\u00e4\u00e4n niist\u00e4 havainnoista, joissa Havainnointitapa = &#8221;N\u00e4yte&#8221;.<\/p>\n<p><spec>Hyvin lyhyt ohje:<\/spec><br \/>\nValitse etiketinteko-ohjelmassa &#8221;Lataa&#8221; -> valitse mallipohja k\u00e4ytt\u00f6\u00f6n.<\/p>\n<p><spec>Hieman pidempi ohje:<\/spec><br \/>\n<spec>Vihkossa:<\/spec><br \/>\n&#8594; &#8221;Omat havaintoer\u00e4ni&#8221; &#8594; &#8221;Valitse etiket\u00f6it\u00e4v\u00e4t&#8221; &#8594; rastita havaintoer\u00e4(t) + halutessasi &#8221;Vain n\u00e4ytteet&#8221; &#8594; &#8221;Tee etiketit&#8221;<\/p>\n<p><spec>Ohjelmassa:<\/spec><br \/>\n&#8594; &#8221;Lataa&#8221; &#8594; valitse mallipohja k\u00e4ytt\u00f6\u00f6n.<\/p>\n<p>Selaa nyt etiketit l\u00e4pi n\u00e4kym\u00e4st\u00e4 &#8221;Esikatselu&#8221;. Jos huomaat virheit\u00e4 tai puutteita havaintojen tiedoissa, selaimen back-napilla p\u00e4\u00e4set takaisin Omiin havaintoeriin muokkamaan havaintojen tietoja.<\/p>\n<p>&#8594; &#8221;Tallenna etiketit (PDF)&#8230;&#8221;  &#8594; tallenna etikettituloste.<\/p>\n<p><b>Yl\u00e4valikoista<\/b> p\u00e4\u00e4set muokkaamaan mallipohjaa, mm.:<br \/>\n&#8211; tuomaan lomakkeelle uusia kentti\u00e4: &#8594; &#8221;Etiketin kent\u00e4t&#8221; &#8594;<br \/>\n&#8211; muokkamaan mallipohjaa\/ sen kentti\u00e4 (esim. fontteja): &#8594; &#8221;Asetukset&#8221; &#8594;<br \/>\n&#8211; korvaamaan tulostettavaa asiaa (esim. usein toistuvia pitki\u00e4 sanoja lyhenteill\u00e4): &#8594; &#8221;Arvojen muuttaminen&#8221; &#8594;<\/p>\n<p>&#8594; &#8221;Tallenna&#8221;  &#8594; tallenna muokkaamasi uusi mallipohja koneellesi tulevaa k\u00e4ytt\u00f6\u00e4 varten.<\/p>\n<p><spec>Muita ominaisuuksia, esimerkkej\u00e4:<\/spec><\/p>\n<p>Kuinka lis\u00e4\u00e4t &#8221;<b>det.<\/b>&#8221;-sanan m\u00e4\u00e4ritt\u00e4j\u00e4n nimen eteen:<br \/>\n&#8211; Aktivoi n\u00e4kym\u00e4st\u00e4 kentt\u00e4 &#8221;M\u00e4\u00e4ritt\u00e4j\u00e4&#8230;&#8221; &#8594; &#8221;Asetukset&#8221; &#8594; valitse &#8221;^&#8221; kohdasta  &#8221;M\u00e4\u00e4ritt\u00e4j\u00e4 (det.) &#8211; Havainnot ^&#8221; &#8594; &#8221;Erotin&#8221;: valitse &#8221;none&#8221; &#8594; &#8221;Etuliite&#8221;: kirjoita &#8221;det. &#8221;.<\/p>\n<p>Kuinka <b>rivit\u00e4t<\/b> eri tunnisteet (jos niit\u00e4 on > 1):<br \/>\n&#8211; Aktivoi n\u00e4kym\u00e4st\u00e4 kentt\u00e4 &#8221;Muut tunnisteet&#8230;&#8221; &#8594; &#8221;Asetukset&#8221; &#8594; valitse &#8221;^&#8221; kohdasta  &#8221;Muut tunnisteet &#8211; Havainnot ^&#8221; &#8594; &#8221;Liit\u00e4&#8221;: valitse &#8221;new line&#8221;.<\/p>\n","protected":false},"excerpt":{"rendered":"<p>Vihkoon tallennetuille havainton\u00e4ytteille on nyt mahdollista tulostaa etikettej\u00e4. Ohjelma toimii hienosti ja sen k\u00e4ytt\u00f6 on helppoa. Suurin ty\u00f6 on omiin <span class=\"more-text\">&hellip;<\/span><\/p>\n","protected":false},"author":7,"featured_media":0,"parent":0,"menu_order":0,"comment_status":"closed","ping_status":"closed","template":"","meta":[],"_links":{"self":[{"href":"https:\/\/sieniatlas.fi\/index.php\/wp-json\/wp\/v2\/pages\/1412"}],"collection":[{"href":"https:\/\/sieniatlas.fi\/index.php\/wp-json\/wp\/v2\/pages"}],"about":[{"href":"https:\/\/sieniatlas.fi\/index.php\/wp-json\/wp\/v2\/types\/page"}],"author":[{"embeddable":true,"href":"https:\/\/sieniatlas.fi\/index.php\/wp-json\/wp\/v2\/users\/7"}],"replies":[{"embeddable":true,"href":"https:\/\/sieniatlas.fi\/index.php\/wp-json\/wp\/v2\/comments?post=1412"}],"version-history":[{"count":66,"href":"https:\/\/sieniatlas.fi\/index.php\/wp-json\/wp\/v2\/pages\/1412\/revisions"}],"predecessor-version":[{"id":1482,"href":"https:\/\/sieniatlas.fi\/index.php\/wp-json\/wp\/v2\/pages\/1412\/revisions\/1482"}],"wp:attachment":[{"href":"https:\/\/sieniatlas.fi\/index.php\/wp-json\/wp\/v2\/media?parent=1412"}],"curies":[{"name":"wp","href":"https:\/\/api.w.org\/{rel}","templated":true}]}}