{"id":10,"date":"2017-01-25T12:03:16","date_gmt":"2017-01-25T12:03:16","guid":{"rendered":"http:\/\/sieniatlas.luomus.fi\/?page_id=10"},"modified":"2017-04-11T19:21:13","modified_gmt":"2017-04-11T21:21:13","slug":"ohjeita","status":"publish","type":"page","link":"https:\/\/sieniatlas.fi\/index.php\/ohjeita\/","title":{"rendered":"Ohjeita"},"content":{"rendered":"<p>Havainnot ilmoitetaan Sieniatlaslomakkeen kautta. Sieniatlaslomake on osa Vihkoa, Suomen Lajitietokeskuksen yll\u00e4pit\u00e4m\u00e4\u00e4 palvelua, johon voi tallentaa luontohavaintoja. Linkit Sieniatlaslomakkeelle ja t\u00e4ytt\u00f6ohjeeseen viev\u00e4t Suomen Lajitietokeskuksen sivustolle.<\/p>\n<p>Opastusta havaintolomakkeen t\u00e4ytt\u00e4miseksi l\u00f6yd\u00e4t Ohjeita-valikon alta.<\/p>\n<p>HUOM. Kaikkia lomakkeella olevia tietokentti\u00e4 ei tarvitse t\u00e4ytt\u00e4\u00e4. Havainnot ovat joka tapauksessa t\u00e4rkeit\u00e4 ja hy\u00f6dyllisi\u00e4 ja lis\u00e4\u00e4v\u00e4t tietoa Suomen sienilajistosta!<\/p>\n<p>Lajitietokeskus yll\u00e4pit\u00e4\u00e4 erityisesti aktiivisille luontoharrastajille suunnattua LAJI.FI-foorumia. Foorumissa voit mm. pyyt\u00e4\u00e4 apua lajien m\u00e4\u00e4ritykseen ja keskustella havainnoista.<\/p>\n","protected":false},"excerpt":{"rendered":"<p>Havainnot ilmoitetaan Sieniatlaslomakkeen kautta. Sieniatlaslomake on osa Vihkoa, Suomen Lajitietokeskuksen yll\u00e4pit\u00e4m\u00e4\u00e4 palvelua, johon voi tallentaa luontohavaintoja. Linkit Sieniatlaslomakkeelle ja t\u00e4ytt\u00f6ohjeeseen <span class=\"more-text\">&hellip;<\/span><\/p>\n","protected":false},"author":1,"featured_media":0,"parent":0,"menu_order":0,"comment_status":"closed","ping_status":"closed","template":"","meta":[],"_links":{"self":[{"href":"https:\/\/sieniatlas.fi\/index.php\/wp-json\/wp\/v2\/pages\/10"}],"collection":[{"href":"https:\/\/sieniatlas.fi\/index.php\/wp-json\/wp\/v2\/pages"}],"about":[{"href":"https:\/\/sieniatlas.fi\/index.php\/wp-json\/wp\/v2\/types\/page"}],"author":[{"embeddable":true,"href":"https:\/\/sieniatlas.fi\/index.php\/wp-json\/wp\/v2\/users\/1"}],"replies":[{"embeddable":true,"href":"https:\/\/sieniatlas.fi\/index.php\/wp-json\/wp\/v2\/comments?post=10"}],"version-history":[{"count":15,"href":"https:\/\/sieniatlas.fi\/index.php\/wp-json\/wp\/v2\/pages\/10\/revisions"}],"predecessor-version":[{"id":301,"href":"https:\/\/sieniatlas.fi\/index.php\/wp-json\/wp\/v2\/pages\/10\/revisions\/301"}],"wp:attachment":[{"href":"https:\/\/sieniatlas.fi\/index.php\/wp-json\/wp\/v2\/media?parent=10"}],"curies":[{"name":"wp","href":"https:\/\/api.w.org\/{rel}","templated":true}]}}